{"id":5320,"date":"2015-09-01T19:15:10","date_gmt":"2015-09-01T19:15:10","guid":{"rendered":"https:\/\/www.bazarmerlin.com\/inicio\/?post_type=product&#038;p=5320"},"modified":"2022-12-21T00:21:20","modified_gmt":"2022-12-21T00:21:20","slug":"libro-el-zohar-el-libro-del-esplendor","status":"publish","type":"product","link":"https:\/\/www.bazarmerlin.com\/inicio\/producto\/libro-el-zohar-el-libro-del-esplendor\/","title":{"rendered":"Libro El Zohar &#8211; El Libro Del Esplendor"},"content":{"rendered":"<p><strong>ZOHAR EL LIBRO DEL ESPLENDOR\u00a0<\/strong><br \/>\n<strong>Por: Gersom Scholem<\/strong><\/p>\n<p>&nbsp;<\/p>\n<p>Numero de paginas:123<\/p>\n<p>Considerado un texto inici\u00e1tico, conocido m\u00e1s a trav\u00e9s de referencias que por lecturas directas, el Zohar, El Libro de! Esplendor, ha sido el origen y gu\u00eda para numerosos autores preocupados por el tema b\u00edblico o del trasmundo. Sin embargo, el Zohar y su leyenda tienen vertientes m\u00e1s fascinantes, adem\u00e1s de la belleza que transmite el mismo texto: la proposici\u00f3n de v\u00edas de conocimiento interiores y la lectura meditada de profec\u00edas y libros sagrados, que permiten una reflexi\u00f3n, siempre nueva, referida a un mundo capaz de adquirir una dimensi\u00f3n distinta al que su car\u00e1cter profano ha impuesto.<\/p>\n<p>El Zohar es una colecci\u00f3n de comentarios sobre la Tora, con el prop\u00f3sito de guiar a aquellas personas que ya han alcanzado elevados niveles espirituales hacia la ra\u00edz (u origen) de sus almas.<\/p>\n<p>El Zohar comprende todos los estados espirituales que experimentan las personas a medida que sus almas evolucionan. Al final del proceso, las almas alcanzan lo que los cabalistas llaman &#8220;el final de la correcci\u00f3n&#8221;, el m\u00e1s alto nivel de la plenitud espiritual.<\/p>\n<p>Aqu\u00e9llos que no han alcanzado ning\u00fan nivel espiritual, puede parecerles que el Zohar es apenas una compilaci\u00f3n de alegor\u00edas y de leyendas que pueden ser interpretadas y percibidas en forme distinta por cada individuo. Pero, para aqu\u00e9llos que han alcanzado elevados niveles espirituales, o sea los cabalistas, el Zohar es una gu\u00eda pr\u00e1ctica para llevar a cabo acciones internas, con el prop\u00f3sito de descubrir estados de percepci\u00f3n y de sensaci\u00f3n m\u00e1s profundos y m\u00e1s elevados.<\/p>\n<p>&nbsp;<\/p>\n<p>&nbsp;<\/p>\n<p><strong>BAZAR MERLIN<\/strong><br \/>\n<strong>El Lugar M\u00e1s M\u00edstico de Guadalajara<\/strong><br \/>\n<strong>ENVIAMOS A TODO M\u00c9XICO<\/strong><\/p>\n<!-- AddThis Advanced Settings generic via filter on the_content --><!-- AddThis Share Buttons generic via filter on the_content -->","protected":false},"excerpt":{"rendered":"<p>ZOHAR EL LIBRO DEL ESPLENDOR\u00a0 Por: Gersom Scholem &nbsp; Numero de paginas:123 Considerado un texto inici\u00e1tico, conocido m\u00e1s a trav\u00e9s de referencias que por lecturas directas, el Zohar, El Libro de! Esplendor, ha sido el origen y gu\u00eda para numerosos autores preocupados por el tema b\u00edblico o del trasmundo. Sin embargo, el Zohar y su&hellip;<!-- AddThis Advanced Settings generic via filter on get_the_excerpt --><!-- AddThis Share Buttons generic via filter on get_the_excerpt --><\/p>\n","protected":false},"featured_media":11197,"template":"","meta":[],"product_cat":[13],"product_tag":[1400,1399],"_links":{"self":[{"href":"https:\/\/www.bazarmerlin.com\/inicio\/wp-json\/wp\/v2\/product\/5320"}],"collection":[{"href":"https:\/\/www.bazarmerlin.com\/inicio\/wp-json\/wp\/v2\/product"}],"about":[{"href":"https:\/\/www.bazarmerlin.com\/inicio\/wp-json\/wp\/v2\/types\/product"}],"wp:featuredmedia":[{"embeddable":true,"href":"https:\/\/www.bazarmerlin.com\/inicio\/wp-json\/wp\/v2\/media\/11197"}],"wp:attachment":[{"href":"https:\/\/www.bazarmerlin.com\/inicio\/wp-json\/wp\/v2\/media?parent=5320"}],"wp:term":[{"taxonomy":"product_cat","embeddable":true,"href":"https:\/\/www.bazarmerlin.com\/inicio\/wp-json\/wp\/v2\/product_cat?post=5320"},{"taxonomy":"product_tag","embeddable":true,"href":"https:\/\/www.bazarmerlin.com\/inicio\/wp-json\/wp\/v2\/product_tag?post=5320"}],"curies":[{"name":"wp","href":"https:\/\/api.w.org\/{rel}","templated":true}]}}