{"id":5335,"date":"2015-09-01T19:31:24","date_gmt":"2015-09-01T19:31:24","guid":{"rendered":"https:\/\/www.bazarmerlin.com\/inicio\/?post_type=product&#038;p=5335"},"modified":"2022-12-14T23:33:02","modified_gmt":"2022-12-14T23:33:02","slug":"aceites-y-velas-angelicas-rituales-para-todo","status":"publish","type":"product","link":"https:\/\/www.bazarmerlin.com\/inicio\/producto\/aceites-y-velas-angelicas-rituales-para-todo\/","title":{"rendered":"Aceites Y Velas Ang\u00e9licas &#8211; Rituales Para Todo"},"content":{"rendered":"<h3><strong>ACEITES Y VELAS ANG\u00c9LICAS<\/strong><\/h3>\n<p>&nbsp;<\/p>\n<p>Un libro \u00fanico en su g\u00e9nero, nos otorga las bases para invocar y contactar con nuestro \u00e1ngel. Esos hermosos seres de luz que por designaci\u00f3n divina se prestan al servicio de la humanidad.<\/p>\n<p>Con este libro lograr\u00e1s contactar con tu \u00e1ngel, para descubrir una vida m\u00e1s feliz y placentera&#8230;&#8230;<\/p>\n<p>&nbsp;<\/p>\n<p><strong>BAZAR MERLIN\u00ae<\/strong><br \/>\n<strong>El Lugar M\u00e1s M\u00edstico de Guadalajara<\/strong><br \/>\n<strong>ENVIAMOS A TODO M\u00c9XICO<\/strong><\/p>\n<!-- AddThis Advanced Settings generic via filter on the_content --><!-- AddThis Share Buttons generic via filter on the_content -->","protected":false},"excerpt":{"rendered":"<p>ACEITES Y VELAS ANG\u00c9LICAS &nbsp; Un libro \u00fanico en su g\u00e9nero, nos otorga las bases para invocar y contactar con nuestro \u00e1ngel. Esos hermosos seres de luz que por designaci\u00f3n divina se prestan al servicio de la humanidad. Con este libro lograr\u00e1s contactar con tu \u00e1ngel, para descubrir una vida m\u00e1s feliz y placentera&#8230;&#8230; &nbsp;&hellip;<!-- AddThis Advanced Settings generic via filter on get_the_excerpt --><!-- AddThis Share Buttons generic via filter on get_the_excerpt --><\/p>\n","protected":false},"featured_media":11082,"template":"","meta":[],"product_cat":[13],"product_tag":[1403,1404],"_links":{"self":[{"href":"https:\/\/www.bazarmerlin.com\/inicio\/wp-json\/wp\/v2\/product\/5335"}],"collection":[{"href":"https:\/\/www.bazarmerlin.com\/inicio\/wp-json\/wp\/v2\/product"}],"about":[{"href":"https:\/\/www.bazarmerlin.com\/inicio\/wp-json\/wp\/v2\/types\/product"}],"wp:featuredmedia":[{"embeddable":true,"href":"https:\/\/www.bazarmerlin.com\/inicio\/wp-json\/wp\/v2\/media\/11082"}],"wp:attachment":[{"href":"https:\/\/www.bazarmerlin.com\/inicio\/wp-json\/wp\/v2\/media?parent=5335"}],"wp:term":[{"taxonomy":"product_cat","embeddable":true,"href":"https:\/\/www.bazarmerlin.com\/inicio\/wp-json\/wp\/v2\/product_cat?post=5335"},{"taxonomy":"product_tag","embeddable":true,"href":"https:\/\/www.bazarmerlin.com\/inicio\/wp-json\/wp\/v2\/product_tag?post=5335"}],"curies":[{"name":"wp","href":"https:\/\/api.w.org\/{rel}","templated":true}]}}