{"id":5338,"date":"2015-09-01T19:33:58","date_gmt":"2015-09-01T19:33:58","guid":{"rendered":"https:\/\/www.bazarmerlin.com\/inicio\/?post_type=product&#038;p=5338"},"modified":"2022-12-17T00:19:24","modified_gmt":"2022-12-17T00:19:24","slug":"la-biblia-de-la-adivinacion","status":"publish","type":"product","link":"https:\/\/www.bazarmerlin.com\/inicio\/producto\/la-biblia-de-la-adivinacion\/","title":{"rendered":"La Biblia De La Adivinaci\u00f3n"},"content":{"rendered":"<p><strong>LA BIBLIA DE LA ADIVINACION<\/strong><br \/>\n<strong>Struthers, Jane<\/strong><\/p>\n<p>&nbsp;<\/p>\n<p>LIBRO A TODO COLOR<\/p>\n<p>La biblia de la adivinaci\u00f3n es una gu\u00eda esencial que aborda con sorprendente nitidez el amplio espectro de las artes adivinatorias, ya se trate de la numerolog\u00eda, la astrolog\u00eda, la lectura del rostro, la cartomancia, las runas, las hojas de t\u00e9 o el I Ching, entre otras.<\/p>\n<p>La detallada informaci\u00f3n sobre las t\u00e9cnicas m\u00e1s relevantes y usuales de estas artes, y su conocimiento, te ayudar\u00e1 sin duda a descubrir los secretos de tu propia suerte, as\u00ed como lo que el futuro te depara tanto a ti como a tus familiares y amigos.<\/p>\n<p>Sus instrucciones pr\u00e1cticas y sus descripciones sobre la fascinante historia de estas antiguas artes convierten a esta Biblia en una referencia fundamental para todos los que alguna vez han so\u00f1ado con poseer el poder de la adivinaci\u00f3n.<\/p>\n<p>NOTA IMPORTANTE: Este Producto Es Importado. Su entrega tardar\u00e1 entre 2 y 3 d\u00edas.<\/p>\n<p>&nbsp;<\/p>\n<p>&nbsp;<\/p>\n<p><strong>BAZAR MERLIN<\/strong><br \/>\n<strong>El Lugar M\u00e1s M\u00edstico de Guadalajara<\/strong><br \/>\n<strong>ENVIAMOS A TODO M\u00c9XICO<\/strong><\/p>\n<!-- AddThis Advanced Settings generic via filter on the_content --><!-- AddThis Share Buttons generic via filter on the_content -->","protected":false},"excerpt":{"rendered":"<p>LA BIBLIA DE LA ADIVINACION Struthers, Jane &nbsp; LIBRO A TODO COLOR La biblia de la adivinaci\u00f3n es una gu\u00eda esencial que aborda con sorprendente nitidez el amplio espectro de las artes adivinatorias, ya se trate de la numerolog\u00eda, la astrolog\u00eda, la lectura del rostro, la cartomancia, las runas, las hojas de t\u00e9 o el&hellip;<!-- AddThis Advanced Settings generic via filter on get_the_excerpt --><!-- AddThis Share Buttons generic via filter on get_the_excerpt --><\/p>\n","protected":false},"featured_media":11151,"template":"","meta":[],"product_cat":[13],"product_tag":[1405],"_links":{"self":[{"href":"https:\/\/www.bazarmerlin.com\/inicio\/wp-json\/wp\/v2\/product\/5338"}],"collection":[{"href":"https:\/\/www.bazarmerlin.com\/inicio\/wp-json\/wp\/v2\/product"}],"about":[{"href":"https:\/\/www.bazarmerlin.com\/inicio\/wp-json\/wp\/v2\/types\/product"}],"wp:featuredmedia":[{"embeddable":true,"href":"https:\/\/www.bazarmerlin.com\/inicio\/wp-json\/wp\/v2\/media\/11151"}],"wp:attachment":[{"href":"https:\/\/www.bazarmerlin.com\/inicio\/wp-json\/wp\/v2\/media?parent=5338"}],"wp:term":[{"taxonomy":"product_cat","embeddable":true,"href":"https:\/\/www.bazarmerlin.com\/inicio\/wp-json\/wp\/v2\/product_cat?post=5338"},{"taxonomy":"product_tag","embeddable":true,"href":"https:\/\/www.bazarmerlin.com\/inicio\/wp-json\/wp\/v2\/product_tag?post=5338"}],"curies":[{"name":"wp","href":"https:\/\/api.w.org\/{rel}","templated":true}]}}