{"id":5350,"date":"2015-09-01T19:44:14","date_gmt":"2015-09-01T19:44:14","guid":{"rendered":"https:\/\/www.bazarmerlin.com\/inicio\/?post_type=product&#038;p=5350"},"modified":"2022-12-16T23:35:12","modified_gmt":"2022-12-16T23:35:12","slug":"feng-shui-que-si-que-no-en-el-amor-libro-de-bolsillo","status":"publish","type":"product","link":"https:\/\/www.bazarmerlin.com\/inicio\/producto\/feng-shui-que-si-que-no-en-el-amor-libro-de-bolsillo\/","title":{"rendered":"Feng Shui &#8211; Qu\u00e9 S\u00ed, Qu\u00e9 No En El Amor &#8211; Armoniza Tu Persona"},"content":{"rendered":"<p><strong>FENG SHUI &#8211; QU\u00c9 S\u00cd, QU\u00c9 NO EN EL AMOR &#8211; ARMONIZA TU PERSONA<\/strong><\/p>\n<p>&nbsp;<\/p>\n<p>Aprende importantes y sencillos tips para aumentar la armon\u00eda en todos los aspectos de tu vida. Amor, dinero, suerte, familia, trabajo<br \/>\n&#8220;coloca dos velas rojas en el \u00e1rea del matrimonio\/romance de tu casa&#8221;.<\/p>\n<p>&#8220;No mantengas flores secas en tu rec\u00e1mara, pues ellas crean energ\u00eda muerta, energ\u00eda negativa que bloquea la entrada del romance en tu vida&#8221;.<\/p>\n<p>&nbsp;<\/p>\n<p>&nbsp;<\/p>\n<p><strong>BAZAR MERLIN<\/strong><br \/>\n<strong>El Lugar M\u00e1s M\u00edstico de Guadalajara<\/strong><br \/>\n<strong>ENVIAMOS A TODO M\u00c9XICO<\/strong><\/p>\n<!-- AddThis Advanced Settings generic via filter on the_content --><!-- AddThis Share Buttons generic via filter on the_content -->","protected":false},"excerpt":{"rendered":"<p>FENG SHUI &#8211; QU\u00c9 S\u00cd, QU\u00c9 NO EN EL AMOR &#8211; ARMONIZA TU PERSONA &nbsp; Aprende importantes y sencillos tips para aumentar la armon\u00eda en todos los aspectos de tu vida. Amor, dinero, suerte, familia, trabajo &#8220;coloca dos velas rojas en el \u00e1rea del matrimonio\/romance de tu casa&#8221;. &#8220;No mantengas flores secas en tu rec\u00e1mara,&hellip;<!-- AddThis Advanced Settings generic via filter on get_the_excerpt --><!-- AddThis Share Buttons generic via filter on get_the_excerpt --><\/p>\n","protected":false},"featured_media":5352,"template":"","meta":[],"product_cat":[13],"product_tag":[1408,108,1407,1406],"_links":{"self":[{"href":"https:\/\/www.bazarmerlin.com\/inicio\/wp-json\/wp\/v2\/product\/5350"}],"collection":[{"href":"https:\/\/www.bazarmerlin.com\/inicio\/wp-json\/wp\/v2\/product"}],"about":[{"href":"https:\/\/www.bazarmerlin.com\/inicio\/wp-json\/wp\/v2\/types\/product"}],"wp:featuredmedia":[{"embeddable":true,"href":"https:\/\/www.bazarmerlin.com\/inicio\/wp-json\/wp\/v2\/media\/5352"}],"wp:attachment":[{"href":"https:\/\/www.bazarmerlin.com\/inicio\/wp-json\/wp\/v2\/media?parent=5350"}],"wp:term":[{"taxonomy":"product_cat","embeddable":true,"href":"https:\/\/www.bazarmerlin.com\/inicio\/wp-json\/wp\/v2\/product_cat?post=5350"},{"taxonomy":"product_tag","embeddable":true,"href":"https:\/\/www.bazarmerlin.com\/inicio\/wp-json\/wp\/v2\/product_tag?post=5350"}],"curies":[{"name":"wp","href":"https:\/\/api.w.org\/{rel}","templated":true}]}}