{"id":5368,"date":"2015-09-01T19:57:05","date_gmt":"2015-09-01T19:57:05","guid":{"rendered":"https:\/\/www.bazarmerlin.com\/inicio\/?post_type=product&#038;p=5368"},"modified":"2022-12-23T23:38:26","modified_gmt":"2022-12-23T23:38:26","slug":"sanacion-con-hadas-mensajes-y-manifestaciones-de-las-hadas","status":"publish","type":"product","link":"https:\/\/www.bazarmerlin.com\/inicio\/producto\/sanacion-con-hadas-mensajes-y-manifestaciones-de-las-hadas\/","title":{"rendered":"Sanaci\u00f3n Con Hadas \/ Mensajes Y Manifestaciones De Las Hadas"},"content":{"rendered":"<p><strong>SANACI\u00d3N CON HADAS<\/strong><br \/>\n<strong>MENSAJES MANIFESTACIONES Y AMOR EN EL MUNDO DE LAS HADAS<\/strong><\/p>\n<p>&nbsp;<\/p>\n<p>Un grupo de poderosas hadas establecieron contacto con Doreen Virtue y transformaron su vida, convirti\u00e9ndola en una maravillosa historia llena de mensajes sanadores y amor verdadero.<\/p>\n<p>Sanaci\u00f3n con hadas es un relato muy personal en el que Doreen cuenta c\u00f3mo las hadas le ayudaron a superar su divorcio y a prepararse para iniciar una relaci\u00f3n basada en lo espiritual.<\/p>\n<p>En este hermoso libro descubrir\u00e1s c\u00f3mo las hadas presentaron a Doreen con su alma gemela de toda la vida, pero tambi\u00e9n conocer\u00e1s, de la mano de la autora, los incre\u00edbles poderes de manifestaci\u00f3n de estos seres. Doreen comparte con los lectores lo que los delfines, las sirenas, las lib\u00e9lulas y otros miembros del reino de las fuerzas de la naturaleza le ense\u00f1aron con respecto al amor espiritual y rom\u00e1ntico, al medioambiente, al futuro de nuestro planeta y muchas cosas m\u00e1s&#8230; asimismo, descubrir\u00e1s que las hadas te ayudan a manifestar y producir milagros.<\/p>\n<p>&nbsp;<\/p>\n<p>&nbsp;<\/p>\n<p>&nbsp;<\/p>\n<p><strong>BAZAR MERLIN\u00ae<\/strong><br \/>\n<strong>El Lugar M\u00e1s M\u00edstico de Guadalajara<\/strong><br \/>\n<strong>ENVIAMOS A TODO M\u00c9XICO<\/strong><\/p>\n<!-- AddThis Advanced Settings generic via filter on the_content --><!-- AddThis Share Buttons generic via filter on the_content -->","protected":false},"excerpt":{"rendered":"<p>SANACI\u00d3N CON HADAS MENSAJES MANIFESTACIONES Y AMOR EN EL MUNDO DE LAS HADAS &nbsp; Un grupo de poderosas hadas establecieron contacto con Doreen Virtue y transformaron su vida, convirti\u00e9ndola en una maravillosa historia llena de mensajes sanadores y amor verdadero. Sanaci\u00f3n con hadas es un relato muy personal en el que Doreen cuenta c\u00f3mo las&hellip;<!-- AddThis Advanced Settings generic via filter on get_the_excerpt --><!-- AddThis Share Buttons generic via filter on get_the_excerpt --><\/p>\n","protected":false},"featured_media":11237,"template":"","meta":[],"product_cat":[13],"product_tag":[1411,1410],"_links":{"self":[{"href":"https:\/\/www.bazarmerlin.com\/inicio\/wp-json\/wp\/v2\/product\/5368"}],"collection":[{"href":"https:\/\/www.bazarmerlin.com\/inicio\/wp-json\/wp\/v2\/product"}],"about":[{"href":"https:\/\/www.bazarmerlin.com\/inicio\/wp-json\/wp\/v2\/types\/product"}],"wp:featuredmedia":[{"embeddable":true,"href":"https:\/\/www.bazarmerlin.com\/inicio\/wp-json\/wp\/v2\/media\/11237"}],"wp:attachment":[{"href":"https:\/\/www.bazarmerlin.com\/inicio\/wp-json\/wp\/v2\/media?parent=5368"}],"wp:term":[{"taxonomy":"product_cat","embeddable":true,"href":"https:\/\/www.bazarmerlin.com\/inicio\/wp-json\/wp\/v2\/product_cat?post=5368"},{"taxonomy":"product_tag","embeddable":true,"href":"https:\/\/www.bazarmerlin.com\/inicio\/wp-json\/wp\/v2\/product_tag?post=5368"}],"curies":[{"name":"wp","href":"https:\/\/api.w.org\/{rel}","templated":true}]}}