{"id":5398,"date":"2015-09-02T19:24:34","date_gmt":"2015-09-02T19:24:34","guid":{"rendered":"https:\/\/www.bazarmerlin.com\/inicio\/?post_type=product&#038;p=5398"},"modified":"2022-12-19T23:26:41","modified_gmt":"2022-12-19T23:26:41","slug":"la-biblia-de-las-hadas-imagenes-y-todo-sobre-las-hadas","status":"publish","type":"product","link":"https:\/\/www.bazarmerlin.com\/inicio\/producto\/la-biblia-de-las-hadas-imagenes-y-todo-sobre-las-hadas\/","title":{"rendered":"La Biblia De Las Hadas &#8211; Imagenes Y Todo Sobre Las Hadas"},"content":{"rendered":"<p><strong>LA BIBLIA DE LAS HADAS<\/strong><br \/>\n<strong>IMAGENES Y TODO SOBRE LAS HADAS<\/strong><\/p>\n<p>&nbsp;<\/p>\n<p>Lo que siempre deseaste saber acerca de las hadas.<\/p>\n<p>\u00a1Bienvenido al m\u00e1gico mundo de las hadas! Por medio de detalladas descripciones, as\u00ed como de bellas y singulares ilustraciones, esta obra te presenta a m\u00e1s de cien tipos de hadas, que abarcan desde las hadas de las flores y los \u00e1rboles, hasta las sirenas, los duendecillos y los gnomos. Podr\u00e1s conocer la naturaleza de su mundo, que sin duda te sorprender\u00e1. Sabr\u00e1s sus costumbres, sus tradiciones y su lenguaje. Y averiguar\u00e1s cu\u00e1les son los mejores lugares donde poder percibirlas. Esta fascinante gu\u00eda tambi\u00e9n contiene conjuros y meditaciones para atraer a estas huidizas criaturas y obtener por medio de ellas buena suerte, riqueza y amor.<\/p>\n<p>&nbsp;<\/p>\n<p>&nbsp;<\/p>\n<p><strong>BAZAR MERLIN<\/strong><br \/>\n<strong>El Lugar M\u00e1s M\u00edstico de Guadalajara<\/strong><br \/>\n<strong>ENVIAMOS A TODO M\u00c9XICO&#8230;<\/strong><\/p>\n<!-- AddThis Advanced Settings generic via filter on the_content --><!-- AddThis Share Buttons generic via filter on the_content -->","protected":false},"excerpt":{"rendered":"<p>LA BIBLIA DE LAS HADAS IMAGENES Y TODO SOBRE LAS HADAS &nbsp; Lo que siempre deseaste saber acerca de las hadas. \u00a1Bienvenido al m\u00e1gico mundo de las hadas! Por medio de detalladas descripciones, as\u00ed como de bellas y singulares ilustraciones, esta obra te presenta a m\u00e1s de cien tipos de hadas, que abarcan desde las&hellip;<!-- AddThis Advanced Settings generic via filter on get_the_excerpt --><!-- AddThis Share Buttons generic via filter on get_the_excerpt --><\/p>\n","protected":false},"featured_media":11156,"template":"","meta":[],"product_cat":[13],"product_tag":[1415,1414],"_links":{"self":[{"href":"https:\/\/www.bazarmerlin.com\/inicio\/wp-json\/wp\/v2\/product\/5398"}],"collection":[{"href":"https:\/\/www.bazarmerlin.com\/inicio\/wp-json\/wp\/v2\/product"}],"about":[{"href":"https:\/\/www.bazarmerlin.com\/inicio\/wp-json\/wp\/v2\/types\/product"}],"wp:featuredmedia":[{"embeddable":true,"href":"https:\/\/www.bazarmerlin.com\/inicio\/wp-json\/wp\/v2\/media\/11156"}],"wp:attachment":[{"href":"https:\/\/www.bazarmerlin.com\/inicio\/wp-json\/wp\/v2\/media?parent=5398"}],"wp:term":[{"taxonomy":"product_cat","embeddable":true,"href":"https:\/\/www.bazarmerlin.com\/inicio\/wp-json\/wp\/v2\/product_cat?post=5398"},{"taxonomy":"product_tag","embeddable":true,"href":"https:\/\/www.bazarmerlin.com\/inicio\/wp-json\/wp\/v2\/product_tag?post=5398"}],"curies":[{"name":"wp","href":"https:\/\/api.w.org\/{rel}","templated":true}]}}