{"id":543,"date":"2015-06-30T16:52:33","date_gmt":"2015-06-30T16:52:33","guid":{"rendered":"https:\/\/www.bazarmerlin.com\/inicio\/?post_type=product&#038;p=543"},"modified":"2022-10-27T20:58:11","modified_gmt":"2022-10-27T20:58:11","slug":"tarot-voces-de-los-angeles-laura-tuan-80-cartas-y-folleto","status":"publish","type":"product","link":"https:\/\/www.bazarmerlin.com\/inicio\/producto\/tarot-voces-de-los-angeles-laura-tuan-80-cartas-y-folleto\/","title":{"rendered":"Tarot Voces De Los Angeles &#8211; Laura Tuan -80 Cartas Y Folleto"},"content":{"rendered":"<p><strong>TAROT VOCES DE LOS ANGELES<\/strong><\/p>\n<p>80 CARTAS Y FOLLETO<\/p>\n<p>El coro celestial, la armon\u00eda del mundo, los \u00c1ngeles sin tiempo, que en nombre del Dios eterno, velan por las vicisitudes humanas: Voces de los \u00c1ngeles 80 Arcanos ilustrados con instrucciones adivinatorias completas.<\/p>\n<p>&nbsp;<\/p>\n<p><strong>BAZAR MERL\u00cdN<\/strong><br \/>\n<strong>El Lugar M\u00e1s M\u00edstico de Guadalajara<\/strong><br \/>\n<strong>ENVIAMOS A TODO M\u00c9XICO\u2026<\/strong><\/p>\n<!-- AddThis Advanced Settings generic via filter on the_content --><!-- AddThis Share Buttons generic via filter on the_content -->","protected":false},"excerpt":{"rendered":"<p>TAROT VOCES DE LOS ANGELES 80 CARTAS Y FOLLETO El coro celestial, la armon\u00eda del mundo, los \u00c1ngeles sin tiempo, que en nombre del Dios eterno, velan por las vicisitudes humanas: Voces de los \u00c1ngeles 80 Arcanos ilustrados con instrucciones adivinatorias completas. &nbsp; BAZAR MERL\u00cdN El Lugar M\u00e1s M\u00edstico de Guadalajara ENVIAMOS A TODO M\u00c9XICO\u2026<!-- AddThis Advanced Settings generic via filter on get_the_excerpt --><!-- AddThis Share Buttons generic via filter on get_the_excerpt --><\/p>\n","protected":false},"featured_media":10581,"template":"","meta":[],"product_cat":[15],"product_tag":[588,587],"_links":{"self":[{"href":"https:\/\/www.bazarmerlin.com\/inicio\/wp-json\/wp\/v2\/product\/543"}],"collection":[{"href":"https:\/\/www.bazarmerlin.com\/inicio\/wp-json\/wp\/v2\/product"}],"about":[{"href":"https:\/\/www.bazarmerlin.com\/inicio\/wp-json\/wp\/v2\/types\/product"}],"wp:featuredmedia":[{"embeddable":true,"href":"https:\/\/www.bazarmerlin.com\/inicio\/wp-json\/wp\/v2\/media\/10581"}],"wp:attachment":[{"href":"https:\/\/www.bazarmerlin.com\/inicio\/wp-json\/wp\/v2\/media?parent=543"}],"wp:term":[{"taxonomy":"product_cat","embeddable":true,"href":"https:\/\/www.bazarmerlin.com\/inicio\/wp-json\/wp\/v2\/product_cat?post=543"},{"taxonomy":"product_tag","embeddable":true,"href":"https:\/\/www.bazarmerlin.com\/inicio\/wp-json\/wp\/v2\/product_tag?post=543"}],"curies":[{"name":"wp","href":"https:\/\/api.w.org\/{rel}","templated":true}]}}