{"id":5452,"date":"2015-09-03T18:54:06","date_gmt":"2015-09-03T18:54:06","guid":{"rendered":"https:\/\/www.bazarmerlin.com\/inicio\/?post_type=product&#038;p=5452"},"modified":"2022-12-15T00:27:25","modified_gmt":"2022-12-15T00:27:25","slug":"autobiografia-de-un-yogui-paramahansa-yogananda","status":"publish","type":"product","link":"https:\/\/www.bazarmerlin.com\/inicio\/producto\/autobiografia-de-un-yogui-paramahansa-yogananda\/","title":{"rendered":"Autobiografia De Un Yogui &#8211; Paramahansa Yogananda"},"content":{"rendered":"<h3><strong>AUTOBIOGRAFIA DE UN YOGUI<\/strong><br \/>\n<strong>PARAMAHANSA YOGANANDA<\/strong><\/h3>\n<p>&nbsp;<\/p>\n<p>SINOPSIS<\/p>\n<p>Seleccionado como uno de los 100 mejores libros espirituales del siglo XX, el extraordinario relato de la vida de Paramahansa Yogananda lleva al lector a una inolvidable exploraci\u00f3n del mundo de los santos y los yoguis, la ciencia y los milagros, la muerte y la resurrecci\u00f3n.<\/p>\n<p>Con atractivo ingenio y una sabidur\u00eda que deleita el alma, el autor dilucida los m\u00e1s \u00edntimos secretos de la vida y del universo, abriendo nuestro coraz\u00f3n y nuestra mente al gozo, la belleza y el ilimitado potencial espiritual que existen en la vida de todo ser humano.<\/p>\n<p>Esta edici\u00f3n completa -publicada exclusivamente por Self-Realization Fellowship, la organizaci\u00f3n fundada por Paramahansa Yogananda es la \u00fanica que incorpora todas las modificaciones que el autor deseaba para la versi\u00f3n final del texto, incluyendo la gran cantidad de material que \u00e9l agreg\u00f3 despu\u00e9s de la edici\u00f3n original de 1946.<\/p>\n<p>&nbsp;<\/p>\n<p>&nbsp;<\/p>\n<p><strong>BAZAR MERLIN\u00ae<\/strong><br \/>\n<strong>El Lugar M\u00e1s M\u00edstico de Guadalajara<\/strong><br \/>\n<strong>ENVIAMOS A TODO M\u00c9XICO<\/strong><\/p>\n<!-- AddThis Advanced Settings generic via filter on the_content --><!-- AddThis Share Buttons generic via filter on the_content -->","protected":false},"excerpt":{"rendered":"<p>AUTOBIOGRAFIA DE UN YOGUI PARAMAHANSA YOGANANDA &nbsp; SINOPSIS Seleccionado como uno de los 100 mejores libros espirituales del siglo XX, el extraordinario relato de la vida de Paramahansa Yogananda lleva al lector a una inolvidable exploraci\u00f3n del mundo de los santos y los yoguis, la ciencia y los milagros, la muerte y la resurrecci\u00f3n. Con&hellip;<!-- AddThis Advanced Settings generic via filter on get_the_excerpt --><!-- AddThis Share Buttons generic via filter on get_the_excerpt --><\/p>\n","protected":false},"featured_media":11091,"template":"","meta":[],"product_cat":[13],"product_tag":[1416,466],"_links":{"self":[{"href":"https:\/\/www.bazarmerlin.com\/inicio\/wp-json\/wp\/v2\/product\/5452"}],"collection":[{"href":"https:\/\/www.bazarmerlin.com\/inicio\/wp-json\/wp\/v2\/product"}],"about":[{"href":"https:\/\/www.bazarmerlin.com\/inicio\/wp-json\/wp\/v2\/types\/product"}],"wp:featuredmedia":[{"embeddable":true,"href":"https:\/\/www.bazarmerlin.com\/inicio\/wp-json\/wp\/v2\/media\/11091"}],"wp:attachment":[{"href":"https:\/\/www.bazarmerlin.com\/inicio\/wp-json\/wp\/v2\/media?parent=5452"}],"wp:term":[{"taxonomy":"product_cat","embeddable":true,"href":"https:\/\/www.bazarmerlin.com\/inicio\/wp-json\/wp\/v2\/product_cat?post=5452"},{"taxonomy":"product_tag","embeddable":true,"href":"https:\/\/www.bazarmerlin.com\/inicio\/wp-json\/wp\/v2\/product_tag?post=5452"}],"curies":[{"name":"wp","href":"https:\/\/api.w.org\/{rel}","templated":true}]}}