{"id":5464,"date":"2015-09-03T19:04:37","date_gmt":"2015-09-03T19:04:37","guid":{"rendered":"https:\/\/www.bazarmerlin.com\/inicio\/?post_type=product&#038;p=5464"},"modified":"2022-12-16T21:57:51","modified_gmt":"2022-12-16T21:57:51","slug":"el-libro-de-los-mediums-allan-kardec","status":"publish","type":"product","link":"https:\/\/www.bazarmerlin.com\/inicio\/producto\/el-libro-de-los-mediums-allan-kardec\/","title":{"rendered":"El Libro De Los Mediums \/ Allan Kardec"},"content":{"rendered":"<p><strong>EL LIBRO DE LOS MEDIUMS<\/strong><br \/>\n<strong>ALLAN KARDEC<\/strong><\/p>\n<p>&nbsp;<\/p>\n<p>El Libro de los M\u00e9diums fue publicado por vez primera en enero de 1861. Seg\u00fan su contenido, este libro es una \u00abGu\u00eda de los m\u00e9diums y de los evocadores.<\/p>\n<p>Contiene la ense\u00f1anza de los esp\u00edritus sobre la teor\u00eda de todos los g\u00e9neros de manifestaciones, los medios de comunicarse con el mundo invisible, el desarrollo de la mediumnidad, las dificultades y los escollos que se pueden encontrar en la practica del espiritismo. Continuaci\u00f3n de El libro de los esp\u00edritus; por All\u00e1n Kardec\u00bb.<\/p>\n<p>Esta obra trata de las manifestaciones espiritistas y de los m\u00e9diums, por tanto, de la parte fenom\u00e9nica del espiritismo, y lo caracteriza como \u00abciencia\u00bb de observaci\u00f3n que analiza las relaciones entre el mundo corp\u00f3reo y el mundo invisible o espiritual.<\/p>\n<p>&nbsp;<\/p>\n<p>&nbsp;<\/p>\n<p><strong>BAZAR MERLIN<\/strong><br \/>\n<strong>El Lugar M\u00e1s M\u00edstico de Guadalajara<\/strong><br \/>\n<strong>ENVIAMOS A TODO M\u00c9XICO<\/strong><\/p>\n<!-- AddThis Advanced Settings generic via filter on the_content --><!-- AddThis Share Buttons generic via filter on the_content -->","protected":false},"excerpt":{"rendered":"<p>EL LIBRO DE LOS MEDIUMS ALLAN KARDEC &nbsp; El Libro de los M\u00e9diums fue publicado por vez primera en enero de 1861. Seg\u00fan su contenido, este libro es una \u00abGu\u00eda de los m\u00e9diums y de los evocadores. Contiene la ense\u00f1anza de los esp\u00edritus sobre la teor\u00eda de todos los g\u00e9neros de manifestaciones, los medios de&hellip;<!-- AddThis Advanced Settings generic via filter on get_the_excerpt --><!-- AddThis Share Buttons generic via filter on get_the_excerpt --><\/p>\n","protected":false},"featured_media":11124,"template":"","meta":[],"product_cat":[13],"product_tag":[1418,1417],"_links":{"self":[{"href":"https:\/\/www.bazarmerlin.com\/inicio\/wp-json\/wp\/v2\/product\/5464"}],"collection":[{"href":"https:\/\/www.bazarmerlin.com\/inicio\/wp-json\/wp\/v2\/product"}],"about":[{"href":"https:\/\/www.bazarmerlin.com\/inicio\/wp-json\/wp\/v2\/types\/product"}],"wp:featuredmedia":[{"embeddable":true,"href":"https:\/\/www.bazarmerlin.com\/inicio\/wp-json\/wp\/v2\/media\/11124"}],"wp:attachment":[{"href":"https:\/\/www.bazarmerlin.com\/inicio\/wp-json\/wp\/v2\/media?parent=5464"}],"wp:term":[{"taxonomy":"product_cat","embeddable":true,"href":"https:\/\/www.bazarmerlin.com\/inicio\/wp-json\/wp\/v2\/product_cat?post=5464"},{"taxonomy":"product_tag","embeddable":true,"href":"https:\/\/www.bazarmerlin.com\/inicio\/wp-json\/wp\/v2\/product_tag?post=5464"}],"curies":[{"name":"wp","href":"https:\/\/api.w.org\/{rel}","templated":true}]}}