{"id":5488,"date":"2015-09-03T19:27:09","date_gmt":"2015-09-03T19:27:09","guid":{"rendered":"https:\/\/www.bazarmerlin.com\/inicio\/?post_type=product&#038;p=5488"},"modified":"2022-12-14T23:47:23","modified_gmt":"2022-12-14T23:47:23","slug":"afirmaciones-cientificas-para-la-curacion-p-yogananda","status":"publish","type":"product","link":"https:\/\/www.bazarmerlin.com\/inicio\/producto\/afirmaciones-cientificas-para-la-curacion-p-yogananda\/","title":{"rendered":"Afirmaciones Cient\u00edficas Para La Curaci\u00f3n &#8211; Yogananda"},"content":{"rendered":"<h3><strong>Producto importado. Su env\u00edo puede tardar en enviarse de 4 a 6 d\u00edas h\u00e1biles.<\/strong><br \/>\n<strong>IMPORTADO DESDE EUROPA A M\u00c9XICO.<\/strong><\/h3>\n<p>&nbsp;<\/p>\n<p>Yogananda, Paramahansa<\/p>\n<p>Mucho antes de que las afirmaciones comenzaran a ser aplicadas en campos de acci\u00f3n tan diversos como los hospitales, los programas de rehabilitaci\u00f3n, el entrenamiento deportivo y el terreno comercial, el renombrado m\u00edstico Paramahansa Yogananda comprendi\u00f3 y ense\u00f1\u00f3 los profundos principios espirituales que le confieren a esta antigua herramienta cient\u00edfica su extraordinaria eficacia.<\/p>\n<p>En esta obra, \u00e9l revela las leyes sutiles que permiten enfocar la fuerza del pensamiento concentrado no s\u00f3lo para lograr la curaci\u00f3n f\u00edsica, sino tambi\u00e9n para superar obst\u00e1culos y obtener verdadero \u00e9xito en la vida.<\/p>\n<p>Se ofrecen aqu\u00ed instrucciones completas y una gran variedad de afirmaciones para sanar el cuerpo, desarrollar la confianza en uno mismo, despertar la sabidur\u00eda, eliminar los malos h\u00e1bitos y alcanzar otras muchas metas positivas.<\/p>\n<p>&nbsp;<\/p>\n<p><strong>BAZAR MERLIN\u00ae<\/strong><br \/>\n<strong>El Lugar M\u00e1s M\u00edstico de Guadalajara<\/strong><br \/>\n<strong>ENVIAMOS A TODO M\u00c9XICO<\/strong><\/p>\n<!-- AddThis Advanced Settings generic via filter on the_content --><!-- AddThis Share Buttons generic via filter on the_content -->","protected":false},"excerpt":{"rendered":"<p>Producto importado. Su env\u00edo puede tardar en enviarse de 4 a 6 d\u00edas h\u00e1biles. IMPORTADO DESDE EUROPA A M\u00c9XICO. &nbsp; Yogananda, Paramahansa Mucho antes de que las afirmaciones comenzaran a ser aplicadas en campos de acci\u00f3n tan diversos como los hospitales, los programas de rehabilitaci\u00f3n, el entrenamiento deportivo y el terreno comercial, el renombrado m\u00edstico&hellip;<!-- AddThis Advanced Settings generic via filter on get_the_excerpt --><!-- AddThis Share Buttons generic via filter on get_the_excerpt --><\/p>\n","protected":false},"featured_media":11084,"template":"","meta":[],"product_cat":[13],"product_tag":[1420,1421],"_links":{"self":[{"href":"https:\/\/www.bazarmerlin.com\/inicio\/wp-json\/wp\/v2\/product\/5488"}],"collection":[{"href":"https:\/\/www.bazarmerlin.com\/inicio\/wp-json\/wp\/v2\/product"}],"about":[{"href":"https:\/\/www.bazarmerlin.com\/inicio\/wp-json\/wp\/v2\/types\/product"}],"wp:featuredmedia":[{"embeddable":true,"href":"https:\/\/www.bazarmerlin.com\/inicio\/wp-json\/wp\/v2\/media\/11084"}],"wp:attachment":[{"href":"https:\/\/www.bazarmerlin.com\/inicio\/wp-json\/wp\/v2\/media?parent=5488"}],"wp:term":[{"taxonomy":"product_cat","embeddable":true,"href":"https:\/\/www.bazarmerlin.com\/inicio\/wp-json\/wp\/v2\/product_cat?post=5488"},{"taxonomy":"product_tag","embeddable":true,"href":"https:\/\/www.bazarmerlin.com\/inicio\/wp-json\/wp\/v2\/product_tag?post=5488"}],"curies":[{"name":"wp","href":"https:\/\/api.w.org\/{rel}","templated":true}]}}