{"id":5539,"date":"2015-09-04T17:18:36","date_gmt":"2015-09-04T17:18:36","guid":{"rendered":"https:\/\/www.bazarmerlin.com\/inicio\/?post_type=product&#038;p=5539"},"modified":"2022-12-21T23:02:43","modified_gmt":"2022-12-21T23:02:43","slug":"libro-metafisica-4-en-1-saint-germain-731-paginas","status":"publish","type":"product","link":"https:\/\/www.bazarmerlin.com\/inicio\/producto\/libro-metafisica-4-en-1-saint-germain-731-paginas\/","title":{"rendered":"Libro Metaf\u00edsica 4 En 1 Saint Germain &#8211; 731 P\u00e1ginas"},"content":{"rendered":"<p><strong>LIBRO METAF\u00cdSICA 4 EN 1 SAINT GERMAIN<\/strong><br \/>\n<strong>731 P\u00c1GINAS<\/strong><\/p>\n<p>&nbsp;<\/p>\n<p>En este volumen se encuentran \u00edntegros CUATRO DE LOS PRINCIPALES LIBROS que contienen LA SAGRADA ENSE\u00d1ANZA que EL ASCENDIO MAESTRO SAINT GERMAIN ha dispuesto para esta su ERA DE ORO:<\/p>\n<p>&nbsp;<\/p>\n<p>4 TEMAS PRINCIPALES DE:<\/p>\n<p>* El Libro de Oro<\/p>\n<p>* Hacia la M\u00e1gica Presencia<\/p>\n<p>* La Pr\u00e1ctica de las Llamas<\/p>\n<p>* Meditaciones Diarias<\/p>\n<p>&nbsp;<\/p>\n<p>A trav\u00e9s de este hermoso libro aprender\u00e1s las para alcanzar TU PROPIA a CONECTARTE CONTIGO ense\u00f1anzas DIVINIDAD, MISMO y con los dem\u00e1s de una manera LIMPIA Y NATURAL. LOS CAMINOS DE LA LUZ, SE HAN APROXIMADO A TU VIDA<\/p>\n<p>&nbsp;<\/p>\n<p>&nbsp;<\/p>\n<p>&nbsp;<\/p>\n<p><strong>BAZAR MERLIN<\/strong><br \/>\n<strong>El Lugar M\u00e1s M\u00edstico de Guadalajara<\/strong><br \/>\n<strong>ENVIAMOS A TODO M\u00c9XICO<\/strong><\/p>\n<!-- AddThis Advanced Settings generic via filter on the_content --><!-- AddThis Share Buttons generic via filter on the_content -->","protected":false},"excerpt":{"rendered":"<p>LIBRO METAF\u00cdSICA 4 EN 1 SAINT GERMAIN 731 P\u00c1GINAS &nbsp; En este volumen se encuentran \u00edntegros CUATRO DE LOS PRINCIPALES LIBROS que contienen LA SAGRADA ENSE\u00d1ANZA que EL ASCENDIO MAESTRO SAINT GERMAIN ha dispuesto para esta su ERA DE ORO: &nbsp; 4 TEMAS PRINCIPALES DE: * El Libro de Oro * Hacia la M\u00e1gica Presencia&hellip;<!-- AddThis Advanced Settings generic via filter on get_the_excerpt --><!-- AddThis Share Buttons generic via filter on get_the_excerpt --><\/p>\n","protected":false},"featured_media":11206,"template":"","meta":[],"product_cat":[13],"product_tag":[1424],"_links":{"self":[{"href":"https:\/\/www.bazarmerlin.com\/inicio\/wp-json\/wp\/v2\/product\/5539"}],"collection":[{"href":"https:\/\/www.bazarmerlin.com\/inicio\/wp-json\/wp\/v2\/product"}],"about":[{"href":"https:\/\/www.bazarmerlin.com\/inicio\/wp-json\/wp\/v2\/types\/product"}],"wp:featuredmedia":[{"embeddable":true,"href":"https:\/\/www.bazarmerlin.com\/inicio\/wp-json\/wp\/v2\/media\/11206"}],"wp:attachment":[{"href":"https:\/\/www.bazarmerlin.com\/inicio\/wp-json\/wp\/v2\/media?parent=5539"}],"wp:term":[{"taxonomy":"product_cat","embeddable":true,"href":"https:\/\/www.bazarmerlin.com\/inicio\/wp-json\/wp\/v2\/product_cat?post=5539"},{"taxonomy":"product_tag","embeddable":true,"href":"https:\/\/www.bazarmerlin.com\/inicio\/wp-json\/wp\/v2\/product_tag?post=5539"}],"curies":[{"name":"wp","href":"https:\/\/api.w.org\/{rel}","templated":true}]}}