{"id":5551,"date":"2015-09-04T17:30:18","date_gmt":"2015-09-04T17:30:18","guid":{"rendered":"https:\/\/www.bazarmerlin.com\/inicio\/?post_type=product&#038;p=5551"},"modified":"2022-12-15T21:48:36","modified_gmt":"2022-12-15T21:48:36","slug":"biblia-de-la-quiromancia-libro-para-lectura-de-la-manoncia","status":"publish","type":"product","link":"https:\/\/www.bazarmerlin.com\/inicio\/producto\/biblia-de-la-quiromancia-libro-para-lectura-de-la-manoncia\/","title":{"rendered":"Biblia De La Quiromancia &#8211; Libro Para Lectura De La Manoncia"},"content":{"rendered":"<h3><strong>La Biblia de la quiromancia,<\/strong><\/h3>\n<p>(Nueva edici\u00f3n)<\/p>\n<p>Si quieres averiguar el car\u00e1cter de una persona, aunque s\u00f3lo la conozcas fugazmente, observa sus manos.<\/p>\n<p>Esta obra completa sobre quiromancia te ayudar\u00e1 a introducirte en el arte de la lectura de las manos, a conocerlo en profundidad y a lograr captar, por medio del estudio y la lectura de las palmas, la personalidad y caracter\u00edsticas especiales de cualquier persona.<\/p>\n<p>Partiendo de las cuatro formas fundamentales de las manos, La Biblia de la quiromancia te va mostrando paso a paso los rasgos de la mano, incluyendo los montes de las palmas, los dedos y pulgares, y las l\u00edneas mayores y menores.<\/p>\n<p>\u00c9sta pr\u00e1ctica gu\u00eda te permitir\u00e1 analizar las palmas de tus propias manos y leer tambi\u00e9n las de tus amigos y familiares, abordando aspectos que abarcan desde la capacidad para el romance, la pasi\u00f3n y las relaciones hasta el descubrimiento de la profesi\u00f3n, la inteligencia, la salud y las habilidades.<\/p>\n<p>&nbsp;<\/p>\n<p>&nbsp;<\/p>\n<p><strong>BAZAR MERLIN\u00ae<\/strong><br \/>\n<strong>El Lugar M\u00e1s M\u00edstico de Guadalajara<\/strong><br \/>\n<strong>ENVIAMOS A TODO M\u00c9XICO<\/strong><\/p>\n<!-- AddThis Advanced Settings generic via filter on the_content --><!-- AddThis Share Buttons generic via filter on the_content -->","protected":false},"excerpt":{"rendered":"<p>La Biblia de la quiromancia, (Nueva edici\u00f3n) Si quieres averiguar el car\u00e1cter de una persona, aunque s\u00f3lo la conozcas fugazmente, observa sus manos. Esta obra completa sobre quiromancia te ayudar\u00e1 a introducirte en el arte de la lectura de las manos, a conocerlo en profundidad y a lograr captar, por medio del estudio y la&hellip;<!-- AddThis Advanced Settings generic via filter on get_the_excerpt --><!-- AddThis Share Buttons generic via filter on get_the_excerpt --><\/p>\n","protected":false},"featured_media":11093,"template":"","meta":[],"product_cat":[13],"product_tag":[1431,1432],"_links":{"self":[{"href":"https:\/\/www.bazarmerlin.com\/inicio\/wp-json\/wp\/v2\/product\/5551"}],"collection":[{"href":"https:\/\/www.bazarmerlin.com\/inicio\/wp-json\/wp\/v2\/product"}],"about":[{"href":"https:\/\/www.bazarmerlin.com\/inicio\/wp-json\/wp\/v2\/types\/product"}],"wp:featuredmedia":[{"embeddable":true,"href":"https:\/\/www.bazarmerlin.com\/inicio\/wp-json\/wp\/v2\/media\/11093"}],"wp:attachment":[{"href":"https:\/\/www.bazarmerlin.com\/inicio\/wp-json\/wp\/v2\/media?parent=5551"}],"wp:term":[{"taxonomy":"product_cat","embeddable":true,"href":"https:\/\/www.bazarmerlin.com\/inicio\/wp-json\/wp\/v2\/product_cat?post=5551"},{"taxonomy":"product_tag","embeddable":true,"href":"https:\/\/www.bazarmerlin.com\/inicio\/wp-json\/wp\/v2\/product_tag?post=5551"}],"curies":[{"name":"wp","href":"https:\/\/api.w.org\/{rel}","templated":true}]}}