{"id":5554,"date":"2015-09-04T17:32:57","date_gmt":"2015-09-04T17:32:57","guid":{"rendered":"https:\/\/www.bazarmerlin.com\/inicio\/?post_type=product&#038;p=5554"},"modified":"2022-12-19T23:33:15","modified_gmt":"2022-12-19T23:33:15","slug":"la-biblia-de-las-sociedades-secretas-libro-de-400-paginas","status":"publish","type":"product","link":"https:\/\/www.bazarmerlin.com\/inicio\/producto\/la-biblia-de-las-sociedades-secretas-libro-de-400-paginas\/","title":{"rendered":"La Biblia De Las Sociedades Secretas &#8211; Libro De 400 P\u00e1ginas"},"content":{"rendered":"<p><strong>LA BIBLIA DE LAS SOCIEDADES SECRETAS<\/strong><br \/>\n<strong>LIBRO DE 400 P\u00c1GINAS<\/strong><\/p>\n<p>&nbsp;<\/p>\n<p>Gu\u00eda definitiva sobre las organizaciones misteriosas.<\/p>\n<p>A lo largo de la historia, y hasta nuestros tiempos, las organizaciones secretas y misteriosas han tenido una influencia fundamental entre gobernantes, grupos de poder y, en consecuencia, sobre la poblaci\u00f3n. La Biblia de las sociedades secretas te permite conocer la verdad que se esconde detr\u00e1s de estas misteriosas organizaciones (bien sean fraternales, religiosas, m\u00edsticas o esot\u00e9ricas), as\u00ed como sus ra\u00edces y principales caracter\u00edsticas, abarcando desde los templarios, francmasones y Opus Dei, hasta el iluminismo, la mafia o las tr\u00edadas chinas, entre otras.<\/p>\n<p>&nbsp;<\/p>\n<p>&nbsp;<\/p>\n<p><strong>BAZAR MERLIN<\/strong><br \/>\n<strong>El Lugar M\u00e1s M\u00edstico de Guadalajara<\/strong><br \/>\n<strong>ENVIAMOS A TODO M\u00c9XICO<\/strong><\/p>\n<!-- AddThis Advanced Settings generic via filter on the_content --><!-- AddThis Share Buttons generic via filter on the_content -->","protected":false},"excerpt":{"rendered":"<p>LA BIBLIA DE LAS SOCIEDADES SECRETAS LIBRO DE 400 P\u00c1GINAS &nbsp; Gu\u00eda definitiva sobre las organizaciones misteriosas. A lo largo de la historia, y hasta nuestros tiempos, las organizaciones secretas y misteriosas han tenido una influencia fundamental entre gobernantes, grupos de poder y, en consecuencia, sobre la poblaci\u00f3n. La Biblia de las sociedades secretas te&hellip;<!-- AddThis Advanced Settings generic via filter on get_the_excerpt --><!-- AddThis Share Buttons generic via filter on get_the_excerpt --><\/p>\n","protected":false},"featured_media":11158,"template":"","meta":[],"product_cat":[13],"product_tag":[1433,1434],"_links":{"self":[{"href":"https:\/\/www.bazarmerlin.com\/inicio\/wp-json\/wp\/v2\/product\/5554"}],"collection":[{"href":"https:\/\/www.bazarmerlin.com\/inicio\/wp-json\/wp\/v2\/product"}],"about":[{"href":"https:\/\/www.bazarmerlin.com\/inicio\/wp-json\/wp\/v2\/types\/product"}],"wp:featuredmedia":[{"embeddable":true,"href":"https:\/\/www.bazarmerlin.com\/inicio\/wp-json\/wp\/v2\/media\/11158"}],"wp:attachment":[{"href":"https:\/\/www.bazarmerlin.com\/inicio\/wp-json\/wp\/v2\/media?parent=5554"}],"wp:term":[{"taxonomy":"product_cat","embeddable":true,"href":"https:\/\/www.bazarmerlin.com\/inicio\/wp-json\/wp\/v2\/product_cat?post=5554"},{"taxonomy":"product_tag","embeddable":true,"href":"https:\/\/www.bazarmerlin.com\/inicio\/wp-json\/wp\/v2\/product_tag?post=5554"}],"curies":[{"name":"wp","href":"https:\/\/api.w.org\/{rel}","templated":true}]}}