{"id":5566,"date":"2015-09-04T17:45:34","date_gmt":"2015-09-04T17:45:34","guid":{"rendered":"https:\/\/www.bazarmerlin.com\/inicio\/?post_type=product&#038;p=5566"},"modified":"2022-12-16T22:52:46","modified_gmt":"2022-12-16T22:52:46","slug":"el-secreto-masonico-263-paginas-masoneria","status":"publish","type":"product","link":"https:\/\/www.bazarmerlin.com\/inicio\/producto\/el-secreto-masonico-263-paginas-masoneria\/","title":{"rendered":"El Secreto Mas\u00f3nico &#8211; Masoner\u00eda"},"content":{"rendered":"<p><strong>EL SECRETO MAS\u00d3NICO.<\/strong><br \/>\n<strong>MAGISTER.<\/strong><\/p>\n<p>&nbsp;<\/p>\n<p>En este libro no se revela ninguna palabra o signo secreto, ni se dan particularidades sobre las diferentes ceremonias que se mencionan; el que quiera conocer estas cosas se encontrar\u00e1 desilusionado. Pero estamos seguros de que no lo estar\u00e1 quien desee saber lo que realmente es la Masoner\u00eda y como puede ingresarse en su esp\u00edritu verdadero y participar as\u00ed de sus beneficios.<\/p>\n<p>Estos beneficios son morales y espirituales, como el oro simb\u00f3lico de los alquimistas \u2013hermanos de los masones- y, sin embargo, no dejan de surtir efectos tambi\u00e9n materiales, en cuento contribuyen a manifestar en la vida externa la Divina Perfecci\u00f3n Interna del Ser. Por lo tanto el estudio de la Verdad no ser\u00e1 nunca est\u00e9ril y nunca cesar\u00e1 de ser provechoso.<\/p>\n<p>Medidas 11.5 x 16.5 \/ 4\u201d x 6\u201d. N\u00famero de P\u00e1ginas 262.<\/p>\n<p>LIBRO ORIGINAL<\/p>\n<p>&nbsp;<\/p>\n<p>&nbsp;<\/p>\n<p><strong>BAZAR MERL\u00cdN<\/strong><br \/>\n<strong>El Lugar M\u00e1s M\u00edstico de Guadalajara<\/strong><br \/>\n<strong>ENVIAMOS A TODO M\u00c9XICO<\/strong><\/p>\n<!-- AddThis Advanced Settings generic via filter on the_content --><!-- AddThis Share Buttons generic via filter on the_content -->","protected":false},"excerpt":{"rendered":"<p>EL SECRETO MAS\u00d3NICO. MAGISTER. &nbsp; En este libro no se revela ninguna palabra o signo secreto, ni se dan particularidades sobre las diferentes ceremonias que se mencionan; el que quiera conocer estas cosas se encontrar\u00e1 desilusionado. Pero estamos seguros de que no lo estar\u00e1 quien desee saber lo que realmente es la Masoner\u00eda y como&hellip;<!-- AddThis Advanced Settings generic via filter on get_the_excerpt --><!-- AddThis Share Buttons generic via filter on get_the_excerpt --><\/p>\n","protected":false},"featured_media":11132,"template":"","meta":[],"product_cat":[13],"product_tag":[1435,1110],"_links":{"self":[{"href":"https:\/\/www.bazarmerlin.com\/inicio\/wp-json\/wp\/v2\/product\/5566"}],"collection":[{"href":"https:\/\/www.bazarmerlin.com\/inicio\/wp-json\/wp\/v2\/product"}],"about":[{"href":"https:\/\/www.bazarmerlin.com\/inicio\/wp-json\/wp\/v2\/types\/product"}],"wp:featuredmedia":[{"embeddable":true,"href":"https:\/\/www.bazarmerlin.com\/inicio\/wp-json\/wp\/v2\/media\/11132"}],"wp:attachment":[{"href":"https:\/\/www.bazarmerlin.com\/inicio\/wp-json\/wp\/v2\/media?parent=5566"}],"wp:term":[{"taxonomy":"product_cat","embeddable":true,"href":"https:\/\/www.bazarmerlin.com\/inicio\/wp-json\/wp\/v2\/product_cat?post=5566"},{"taxonomy":"product_tag","embeddable":true,"href":"https:\/\/www.bazarmerlin.com\/inicio\/wp-json\/wp\/v2\/product_tag?post=5566"}],"curies":[{"name":"wp","href":"https:\/\/api.w.org\/{rel}","templated":true}]}}