{"id":5569,"date":"2015-09-04T17:51:26","date_gmt":"2015-09-04T17:51:26","guid":{"rendered":"https:\/\/www.bazarmerlin.com\/inicio\/?post_type=product&#038;p=5569"},"modified":"2022-12-16T21:48:35","modified_gmt":"2022-12-16T21:48:35","slug":"el-kybalion-hermes-trismegisto-filosofia-hermetica","status":"publish","type":"product","link":"https:\/\/www.bazarmerlin.com\/inicio\/producto\/el-kybalion-hermes-trismegisto-filosofia-hermetica\/","title":{"rendered":"El Kybali\u00f3n &#8211; Hermes Trismegisto Filosof\u00eda Herm\u00e9tica"},"content":{"rendered":"<div id=\"bookDescription_feature_div\" class=\"celwidget\" data-feature-name=\"bookDescription\" data-csa-c-type=\"widget\" data-csa-c-content-id=\"bookDescription\" data-csa-c-slot-id=\"bookDescription_feature_div\" data-csa-c-asin=\"1546973370\" data-csa-c-is-in-initial-active-row=\"false\" data-csa-c-id=\"o02mo4-c4gbn-qtxch9-l98y8r\" data-cel-widget=\"bookDescription_feature_div\">\n<div class=\"a-expander-collapsed-height a-row a-expander-container a-spacing-base a-expander-partial-collapse-container\" data-a-expander-name=\"book_description_expander\" data-a-expander-collapsed-height=\"140\">\n<p aria-expanded=\"false\"><strong>EL KYBALI\u00d3N &#8211; HERMES TRISMEGISTO FILOSOF\u00cdA HERM\u00c9TICA<\/strong><\/p>\n<div aria-expanded=\"false\"><\/div>\n<div class=\"a-expander-content a-expander-partial-collapse-content\" aria-expanded=\"false\">Hoy en d\u00eda el t\u00e9rmino &#8220;herm\u00e9tico&#8221; es utilizado sin saber cu\u00e1l es su verdadero sentido ni el origen de la palabra.<\/div>\n<div class=\"a-expander-content a-expander-partial-collapse-content\" aria-expanded=\"false\"><\/div>\n<div class=\"a-expander-content a-expander-partial-collapse-content\" aria-expanded=\"false\">El mismo est\u00e1 asociado a un hombre que, seg\u00fan se cree, vivi\u00f3 en Egipto, contempor\u00e1neo a Abraham, y era proclamado &#8220;Maestro de los Maestros&#8221; y reconocido bajo el nombre de Hermes Trismegisto.<\/div>\n<div aria-expanded=\"false\"><\/div>\n<div class=\"a-expander-content a-expander-partial-collapse-content\" aria-expanded=\"false\">Las bases fundamentales de las ense\u00f1anzas esot\u00e9ricas que conocemos en la actualidad son originarias, en esencia, de los conocimientos formulados por Hermes.<\/div>\n<\/div>\n<\/div>\n<div aria-expanded=\"false\"><\/div>\n<div aria-expanded=\"false\"><\/div>\n<div aria-expanded=\"false\"><\/div>\n<div aria-expanded=\"false\"><strong>BAZAR MERLIN<\/strong><br \/>\n<strong>El Lugar M\u00e1s M\u00edstico de Guadalajara<\/strong><br \/>\n<strong>ENVIAMOS A TODO M\u00c9XICO<\/strong><\/div>\n<div aria-expanded=\"false\"><\/div>\n<div aria-expanded=\"false\"><\/div>\n<div aria-expanded=\"false\"><\/div>\n<div aria-expanded=\"false\"><\/div>\n<div aria-expanded=\"false\"><\/div>\n<div aria-expanded=\"false\"><\/div>\n<div id=\"globalStoreInfoBullets_feature_div\" class=\"celwidget\" data-feature-name=\"globalStoreInfoBullets\" data-csa-c-type=\"widget\" data-csa-c-content-id=\"globalStoreInfoBullets\" data-csa-c-slot-id=\"globalStoreInfoBullets_feature_div\" data-csa-c-asin=\"1546973370\" data-csa-c-is-in-initial-active-row=\"false\" data-csa-c-id=\"1pkr71-93o53o-a02g3e-gvpks1\" data-cel-widget=\"globalStoreInfoBullets_feature_div\"><\/div>\n<div id=\"edpIngress_feature_div\" class=\"celwidget\" data-feature-name=\"edpIngress\" data-csa-c-type=\"widget\" data-csa-c-content-id=\"edpIngress\" data-csa-c-slot-id=\"edpIngress_feature_div\" data-csa-c-asin=\"1546973370\" data-csa-c-is-in-initial-active-row=\"false\" data-csa-c-id=\"9s7a8a-4mndwe-um9phg-fcv79x\" data-cel-widget=\"edpIngress_feature_div\"><\/div>\n<div id=\"richProductInformation_feature_div\" class=\"celwidget\" data-feature-name=\"richProductInformation\" data-csa-c-type=\"widget\" data-csa-c-content-id=\"richProductInformation\" data-csa-c-slot-id=\"richProductInformation_feature_div\" data-csa-c-asin=\"1546973370\" data-csa-c-is-in-initial-active-row=\"false\" data-csa-c-id=\"wn3wrs-wj9awf-t67bqk-ecme01\" data-cel-widget=\"richProductInformation_feature_div\">\n<div id=\"rich_product_information\" class=\"a-section a-spacing-none celwidget\" data-csa-c-id=\"shmah5-bnq5tp-6c4j0q-92opq2\" data-cel-widget=\"rich_product_information\"><\/div>\n<\/div>\n<!-- AddThis Advanced Settings generic via filter on the_content --><!-- AddThis Share Buttons generic via filter on the_content -->","protected":false},"excerpt":{"rendered":"<p>EL KYBALI\u00d3N &#8211; HERMES TRISMEGISTO FILOSOF\u00cdA HERM\u00c9TICA Hoy en d\u00eda el t\u00e9rmino &#8220;herm\u00e9tico&#8221; es utilizado sin saber cu\u00e1l es su verdadero sentido ni el origen de la palabra. El mismo est\u00e1 asociado a un hombre que, seg\u00fan se cree, vivi\u00f3 en Egipto, contempor\u00e1neo a Abraham, y era proclamado &#8220;Maestro de los Maestros&#8221; y reconocido bajo&hellip;<!-- AddThis Advanced Settings generic via filter on get_the_excerpt --><!-- AddThis Share Buttons generic via filter on get_the_excerpt --><\/p>\n","protected":false},"featured_media":11122,"template":"","meta":[],"product_cat":[13],"product_tag":[1436,1437],"_links":{"self":[{"href":"https:\/\/www.bazarmerlin.com\/inicio\/wp-json\/wp\/v2\/product\/5569"}],"collection":[{"href":"https:\/\/www.bazarmerlin.com\/inicio\/wp-json\/wp\/v2\/product"}],"about":[{"href":"https:\/\/www.bazarmerlin.com\/inicio\/wp-json\/wp\/v2\/types\/product"}],"wp:featuredmedia":[{"embeddable":true,"href":"https:\/\/www.bazarmerlin.com\/inicio\/wp-json\/wp\/v2\/media\/11122"}],"wp:attachment":[{"href":"https:\/\/www.bazarmerlin.com\/inicio\/wp-json\/wp\/v2\/media?parent=5569"}],"wp:term":[{"taxonomy":"product_cat","embeddable":true,"href":"https:\/\/www.bazarmerlin.com\/inicio\/wp-json\/wp\/v2\/product_cat?post=5569"},{"taxonomy":"product_tag","embeddable":true,"href":"https:\/\/www.bazarmerlin.com\/inicio\/wp-json\/wp\/v2\/product_tag?post=5569"}],"curies":[{"name":"wp","href":"https:\/\/api.w.org\/{rel}","templated":true}]}}