{"id":561,"date":"2015-06-30T17:25:26","date_gmt":"2015-06-30T17:25:26","guid":{"rendered":"https:\/\/www.bazarmerlin.com\/inicio\/?post_type=product&#038;p=561"},"modified":"2022-11-02T00:07:16","modified_gmt":"2022-11-02T00:07:16","slug":"tarot-de-los-angeles-78-cartas-e-instructivo-en-espanol","status":"publish","type":"product","link":"https:\/\/www.bazarmerlin.com\/inicio\/producto\/tarot-de-los-angeles-78-cartas-e-instructivo-en-espanol\/","title":{"rendered":"Tarot De Los Angeles &#8211; 78 Cartas Y Folleto En Espa\u00f1ol"},"content":{"rendered":"<p><strong>Tarot De Los \u00c1ngeles<\/strong><\/p>\n<p>&nbsp;<\/p>\n<p>Tarot de los \u00e1ngeles <strong>78 Cartas Y Folleto En Espa\u00f1ol<\/strong>, repletas de energ\u00eda luminosa, con instrucciones adivinatorias en 5 idiomas (ingl\u00e9s, italiano, espa\u00f1ol, franc\u00e9s y alem\u00e1n) para interpretarlas.<\/p>\n<p>Peso 246gr .<\/p>\n<p>La historia del Tarot nos permite deducir, que desde la antig\u00fcedad el hombre ha estado interesado en conocer lo que le depara el futuro.<\/p>\n<p>La baraja de tarot<br \/>\nA las cuatro pintas de tarot, se les llama Arcanos Menores, y a las cartas especiales, Arcanos Mayores. Generalmente las personas que se ponen en las calles a sacar la suerte, usan los \u00faltimos.<\/p>\n<p>Ahora bien, las cuatro pintas, son casi iguales al del naipe ingl\u00e9s o espa\u00f1ol: tienen un as, los n\u00fameros del 2 al 10, y luego una sota, una reina y un rey. La \u00fanica diferencia, es que tambi\u00e9n tiene un \u201ccaballero\u201d, que es un monito de un se\u00f1or a caballo. Y se dividen en bastos, oros, espadas y copas.<\/p>\n<p>Los Arcanos Mayores son 22 monitos, que incluyen uno sin n\u00famero, que se llama \u201cEl Loco\u201d, y otro sin nombre, que es el n\u00famero 13 y es un esqueleto con una guada\u00f1a (\u00a1que miedito! pero no teman, no significa nada malo.).<\/p>\n<p>Seg\u00fan los expertos, todas las cartas funcionan como un gran sistema, donde se interrelacionan las cartas \u201cnormales\u201d (o sea con pinta), con las otras cartas, que son las que en definitiva dan sentido a la baraja. Claro, porque sin esas cartas, ser\u00eda b\u00e1sicamente un naipe espa\u00f1ol, y no tendr\u00eda tanta gracia. Tarot del Reiki<\/p>\n<p>El significado de las cartas<br \/>\nAqu\u00ed viene la parte interesante. Desde Court de G\u00e9belin en adelante, comenz\u00f3 la tarotolog\u00eda, o sea el estudio de estos naipes, en general desde un punto de vista adivinatorio, el que a su vez, tomaba sus significados de los estudios m\u00e1s m\u00edsticos o espirituales de las cartas. \u00bfC\u00f3mo es eso? Lo que pasa es que con el tiempo, se termin\u00f3 asociando el significado de la baraja, con la C\u00e1bala hebrea, que es una disciplina espiritual y m\u00edstica muy antigua y profunda.<\/p>\n<p>Explicar\u00e9 brevemente lo que significan en general las cartas, seg\u00fan esta fuente y esta otra fuente,.<\/p>\n<p>Las pintas: cada una se refiere a un aspecto del ser humano. Los oros, a lo concreto y material; las copas, a lo emocional y creativo; las espadas, a lo intelectual y la toma de decisiones; y los bastos a lo vital. Se combinan con los n\u00fameros, cada cual con su significado.<\/p>\n<p>En forma muy, muy amplia, uno puede decir que mientras mayor el n\u00famero, mayor la intensidad. (O sea, por ejemplo un 9 de copas habla de una mayor intensidad en lo emocional, que un 3 de copas). El caballero se relaciona con la manifestaci\u00f3n material, la reina, con el aspecto vital, y el rey, con lo espiritual.<\/p>\n<p>Finalmente, las sotas se refieren a la variaci\u00f3n, a las posibilidades, y simbolizan la evoluci\u00f3n de un aspecto a otro de lo humano, o sea, el cambio de una \u201cpinta\u201d a la otra. \u00a1Obviamente da para mucho m\u00e1s!<\/p>\n<p>\u00a1Ah! Y si una carta est\u00e1 dada vuelta, no significa algo malo por s\u00ed mismo. M\u00e1s bien, se refiere al aspecto \u201cnegativo\u201d del significado de la carta, ya sea por exceso o por defecto.<\/p>\n<p>Por ejemplo, la \u201ccarta sin nombre\u201d se relaciona con el cambio. Si sale al rev\u00e9s, aludir\u00eda a un miedo al cambio, o a un cambio excesivo.<\/p>\n<p>Los arcanos mayores:<br \/>\nCada uno tiene un significado por s\u00ed solo. Como son 22, lo que har\u00e9, ser\u00e1 mencionarlos, y poner entre par\u00e9ntesis el concepto b\u00e1sico que representa, \u00bfya? \u00bflistos? Aqu\u00ed vamos:<\/p>\n<p>Sin n\u00famero. El Loco (creaci\u00f3n). 1. El Mago (inspiraci\u00f3n, conciencia), 2. La Papisa o Sacerdotisa (el subconsciente), 3. La Emperatriz (primavera, vida, imaginaci\u00f3n), 4. El Emperador (raz\u00f3n, control, orden), 5. El Papa o Sumo Sacerdote (aprendizaje, intuici\u00f3n, autoridad), 6. Los Enamorados (belleza, amor universal), 7. El Carro (avance, voluntad), 8. La Justicia (equilibrio, justicia), 9. El Ermita\u00f1o (sabidur\u00eda, introversi\u00f3n, prudencia), 10. La Rueda de la Fortuna (karma, equilibrio en movimiento), 11. La Fuerza (valent\u00eda, libertad, autodominio), 12. El Ahorcado (experiencia, caridad, actuar justo), 13. Arcano sin nombre (cambio, renacimiento), 14. La Templanza (templanza, espiritualizaci\u00f3n), 15. El Diablo (lo instintivo, visceral, las apariencias), 16. La Torre (el darse cuenta, el cambio de conciencia), 17. La Estrella (esperanza, renovaci\u00f3n, tranquilidad), 18. La Luna (el cuerpo f\u00edsico, las pasiones), 19. El Sol (conciencia, energ\u00eda espiritual y vital), 20. El Juicio (despertar, adquirir juicio), 21. El Mundo (realizaci\u00f3n total)<\/p>\n<p>&nbsp;<\/p>\n<p>&nbsp;<\/p>\n<p><strong>BAZAR\u00a0MERL\u00cdN<\/strong><br \/>\n<strong>El Lugar M\u00e1s M\u00edstico de Guadalajara<\/strong><br \/>\n<strong>ENVIAMOS A TODO M\u00c9XICO&#8230;<\/strong><\/p>\n<!-- AddThis Advanced Settings generic via filter on the_content --><!-- AddThis Share Buttons generic via filter on the_content -->","protected":false},"excerpt":{"rendered":"<p>Tarot De Los \u00c1ngeles &nbsp; Tarot de los \u00e1ngeles 78 Cartas Y Folleto En Espa\u00f1ol, repletas de energ\u00eda luminosa, con instrucciones adivinatorias en 5 idiomas (ingl\u00e9s, italiano, espa\u00f1ol, franc\u00e9s y alem\u00e1n) para interpretarlas. Peso 246gr . La historia del Tarot nos permite deducir, que desde la antig\u00fcedad el hombre ha estado interesado en conocer lo&hellip;<!-- AddThis Advanced Settings generic via filter on get_the_excerpt --><!-- AddThis Share Buttons generic via filter on get_the_excerpt --><\/p>\n","protected":false},"featured_media":10505,"template":"","meta":[],"product_cat":[15],"product_tag":[591],"_links":{"self":[{"href":"https:\/\/www.bazarmerlin.com\/inicio\/wp-json\/wp\/v2\/product\/561"}],"collection":[{"href":"https:\/\/www.bazarmerlin.com\/inicio\/wp-json\/wp\/v2\/product"}],"about":[{"href":"https:\/\/www.bazarmerlin.com\/inicio\/wp-json\/wp\/v2\/types\/product"}],"wp:featuredmedia":[{"embeddable":true,"href":"https:\/\/www.bazarmerlin.com\/inicio\/wp-json\/wp\/v2\/media\/10505"}],"wp:attachment":[{"href":"https:\/\/www.bazarmerlin.com\/inicio\/wp-json\/wp\/v2\/media?parent=561"}],"wp:term":[{"taxonomy":"product_cat","embeddable":true,"href":"https:\/\/www.bazarmerlin.com\/inicio\/wp-json\/wp\/v2\/product_cat?post=561"},{"taxonomy":"product_tag","embeddable":true,"href":"https:\/\/www.bazarmerlin.com\/inicio\/wp-json\/wp\/v2\/product_tag?post=561"}],"curies":[{"name":"wp","href":"https:\/\/api.w.org\/{rel}","templated":true}]}}