{"id":5639,"date":"2015-09-04T18:58:34","date_gmt":"2015-09-04T18:58:34","guid":{"rendered":"https:\/\/www.bazarmerlin.com\/inicio\/?post_type=product&#038;p=5639"},"modified":"2022-12-21T00:16:50","modified_gmt":"2022-12-21T00:16:50","slug":"libro-el-talmud-religion-e-historia-judia","status":"publish","type":"product","link":"https:\/\/www.bazarmerlin.com\/inicio\/producto\/libro-el-talmud-religion-e-historia-judia\/","title":{"rendered":"Libro El Talmud &#8211; Religi\u00f3n E Historia Jud\u00eda"},"content":{"rendered":"<p><strong>EL TALMUD\u00a0<\/strong><br \/>\n<strong>Por SALOMON RESNICK<\/strong><\/p>\n<p>&nbsp;<\/p>\n<p>Numero de p\u00e1ginas:173<\/p>\n<p>El m\u00e9todo para estudiar EL TALMUD debe ser por encima de todo cient\u00edfico y objetivo y tiene que ajustarse a una perspectiva hist\u00f3rica y geogr\u00e1fica, es decir, que debe se\u00f1alar cu\u00e1ndo y d\u00f3nde se ha ido tejiendo el proceso de su g\u00e9nesis.<\/p>\n<p>EL TALMUD no debe ser alabado ni censurado, no hay que ensalzarlo hasta el exceso como algo enteramente SAGRADO Y SUBLIME, como un dechado de \u00e9tica y moral, de amor a los hombres y a los pueblos, y tampoco hay que condenarlo como obra demon\u00edaca, como colecci\u00f3n perversa y secreta que predica el odio contra los no jud\u00edos y que est\u00e1 repleta de groser\u00edas y de ignorancia, de supersticiones y hasta de elementos pornogr\u00e1ficos, conforme lo han hecho los libelistas y antisemitas de todos los tiempos.<\/p>\n<p>&nbsp;<\/p>\n<p>&nbsp;<\/p>\n<p><strong>BAZAR MERLIN<\/strong><br \/>\n<strong>El Lugar M\u00e1s M\u00edstico de Guadalajara<\/strong><br \/>\n<strong>ENVIAMOS A TODO M\u00c9XICO<\/strong><\/p>\n<!-- AddThis Advanced Settings generic via filter on the_content --><!-- AddThis Share Buttons generic via filter on the_content -->","protected":false},"excerpt":{"rendered":"<p>EL TALMUD\u00a0 Por SALOMON RESNICK &nbsp; Numero de p\u00e1ginas:173 El m\u00e9todo para estudiar EL TALMUD debe ser por encima de todo cient\u00edfico y objetivo y tiene que ajustarse a una perspectiva hist\u00f3rica y geogr\u00e1fica, es decir, que debe se\u00f1alar cu\u00e1ndo y d\u00f3nde se ha ido tejiendo el proceso de su g\u00e9nesis. EL TALMUD no debe&hellip;<!-- AddThis Advanced Settings generic via filter on get_the_excerpt --><!-- AddThis Share Buttons generic via filter on get_the_excerpt --><\/p>\n","protected":false},"featured_media":11196,"template":"","meta":[],"product_cat":[13],"product_tag":[1440,1441],"_links":{"self":[{"href":"https:\/\/www.bazarmerlin.com\/inicio\/wp-json\/wp\/v2\/product\/5639"}],"collection":[{"href":"https:\/\/www.bazarmerlin.com\/inicio\/wp-json\/wp\/v2\/product"}],"about":[{"href":"https:\/\/www.bazarmerlin.com\/inicio\/wp-json\/wp\/v2\/types\/product"}],"wp:featuredmedia":[{"embeddable":true,"href":"https:\/\/www.bazarmerlin.com\/inicio\/wp-json\/wp\/v2\/media\/11196"}],"wp:attachment":[{"href":"https:\/\/www.bazarmerlin.com\/inicio\/wp-json\/wp\/v2\/media?parent=5639"}],"wp:term":[{"taxonomy":"product_cat","embeddable":true,"href":"https:\/\/www.bazarmerlin.com\/inicio\/wp-json\/wp\/v2\/product_cat?post=5639"},{"taxonomy":"product_tag","embeddable":true,"href":"https:\/\/www.bazarmerlin.com\/inicio\/wp-json\/wp\/v2\/product_tag?post=5639"}],"curies":[{"name":"wp","href":"https:\/\/api.w.org\/{rel}","templated":true}]}}