{"id":5738,"date":"2015-09-05T17:56:37","date_gmt":"2015-09-05T17:56:37","guid":{"rendered":"https:\/\/www.bazarmerlin.com\/inicio\/?post_type=product&#038;p=5738"},"modified":"2022-12-16T23:42:19","modified_gmt":"2022-12-16T23:42:19","slug":"geometria-sagrada","status":"publish","type":"product","link":"https:\/\/www.bazarmerlin.com\/inicio\/producto\/geometria-sagrada\/","title":{"rendered":"Geometria Sagrada &#8211; Descifrando El Codigo"},"content":{"rendered":"<p><strong>GEOMETRIA SAGRADA.<\/strong><br \/>\n<strong>DESCIFRANDO EL CODIGO<\/strong><\/p>\n<p>&nbsp;<\/p>\n<p>Autor: SKINNER, STEPHEN<\/p>\n<p>Geometr\u00eda sagrada es un valioso tesoro que viene a demostrarnos c\u00f3mo detr\u00e1s del aparente desorden de la naturaleza se enmascaran estructuras y patrones de proporciones perfectas. Ello puede observarse en multitud de objetos que van desde los cristales microsc\u00f3picos hasta la distribuci\u00f3n de los p\u00e9talos de una flor.<\/p>\n<p>Muchos de estos c\u00f3digos ocultos han sido identificados por observadores pertenecientes a distintas culturas, quienes los han atribuido a una evidencia de la mente de Dios y de su trabajo, lo que otorga a estos c\u00f3digos una cualidad divina, que ha favorecido que estos conceptos geom\u00e9tricos se encuentren a menudo en los edificios sagrados y en el arte devoto de muchas sociedades de todo el mundo.<\/p>\n<p>&nbsp;<\/p>\n<p>&nbsp;<\/p>\n<p><strong>BAZAR MERLIN<\/strong><br \/>\n<strong>El Lugar M\u00e1s M\u00edstico de Guadalajara<\/strong><br \/>\n<strong>ENVIAMOS A TODO M\u00c9XICO<\/strong><\/p>\n<!-- AddThis Advanced Settings generic via filter on the_content --><!-- AddThis Share Buttons generic via filter on the_content -->","protected":false},"excerpt":{"rendered":"<p>GEOMETRIA SAGRADA. DESCIFRANDO EL CODIGO &nbsp; Autor: SKINNER, STEPHEN Geometr\u00eda sagrada es un valioso tesoro que viene a demostrarnos c\u00f3mo detr\u00e1s del aparente desorden de la naturaleza se enmascaran estructuras y patrones de proporciones perfectas. Ello puede observarse en multitud de objetos que van desde los cristales microsc\u00f3picos hasta la distribuci\u00f3n de los p\u00e9talos de&hellip;<!-- AddThis Advanced Settings generic via filter on get_the_excerpt --><!-- AddThis Share Buttons generic via filter on get_the_excerpt --><\/p>\n","protected":false},"featured_media":11140,"template":"","meta":[],"product_cat":[13],"product_tag":[1444,1443],"_links":{"self":[{"href":"https:\/\/www.bazarmerlin.com\/inicio\/wp-json\/wp\/v2\/product\/5738"}],"collection":[{"href":"https:\/\/www.bazarmerlin.com\/inicio\/wp-json\/wp\/v2\/product"}],"about":[{"href":"https:\/\/www.bazarmerlin.com\/inicio\/wp-json\/wp\/v2\/types\/product"}],"wp:featuredmedia":[{"embeddable":true,"href":"https:\/\/www.bazarmerlin.com\/inicio\/wp-json\/wp\/v2\/media\/11140"}],"wp:attachment":[{"href":"https:\/\/www.bazarmerlin.com\/inicio\/wp-json\/wp\/v2\/media?parent=5738"}],"wp:term":[{"taxonomy":"product_cat","embeddable":true,"href":"https:\/\/www.bazarmerlin.com\/inicio\/wp-json\/wp\/v2\/product_cat?post=5738"},{"taxonomy":"product_tag","embeddable":true,"href":"https:\/\/www.bazarmerlin.com\/inicio\/wp-json\/wp\/v2\/product_tag?post=5738"}],"curies":[{"name":"wp","href":"https:\/\/api.w.org\/{rel}","templated":true}]}}