{"id":5744,"date":"2015-09-05T18:01:37","date_gmt":"2015-09-05T18:01:37","guid":{"rendered":"https:\/\/www.bazarmerlin.com\/inicio\/?post_type=product&#038;p=5744"},"modified":"2022-12-19T23:39:24","modified_gmt":"2022-12-19T23:39:24","slug":"la-biblia-de-los-angeles","status":"publish","type":"product","link":"https:\/\/www.bazarmerlin.com\/inicio\/producto\/la-biblia-de-los-angeles\/","title":{"rendered":"La Biblia De Los \u00c1ngeles"},"content":{"rendered":"<div id=\"bookDescription_feature_div\" class=\"celwidget\" data-feature-name=\"bookDescription\" data-csa-c-type=\"widget\" data-csa-c-content-id=\"bookDescription\" data-csa-c-slot-id=\"bookDescription_feature_div\" data-csa-c-asin=\"8484453650\" data-csa-c-is-in-initial-active-row=\"false\" data-csa-c-id=\"7i7sw0-2l7w4b-e313ni-y8up35\" data-cel-widget=\"bookDescription_feature_div\">\n<div class=\"a-expander-collapsed-height a-row a-expander-container a-spacing-base a-expander-partial-collapse-container\" data-a-expander-name=\"book_description_expander\" data-a-expander-collapsed-height=\"140\">\n<div class=\"a-expander-content a-expander-partial-collapse-content\" aria-expanded=\"false\">\n<p><strong>LA BIBLIA DE LOS \u00c1NGELES<\/strong><\/p>\n<p>&nbsp;<\/p>\n<p>Contacta con los \u00e1ngeles y atrae a tu vida su sabidur\u00eda por medio de esta gu\u00eda definitiva de la tradici\u00f3n ang\u00e9lica. Es un libro repleto de ejercicios pr\u00e1cticos, meditaciones y afirmaciones que te ense\u00f1ar\u00e1n a sentir la presencia de los \u00e1ngeles, a comunicarte con tu \u00e1ngel guardi\u00e1n, a usar los cristales para tratar las dolencias comunes y mucho m\u00e1s. Por tanto, si est\u00e1s buscando gu\u00eda, curaci\u00f3n o inspiraci\u00f3n, este libro es la referencia perfecta.<\/p>\n<\/div>\n<\/div>\n<\/div>\n<p>&nbsp;<\/p>\n<p>&nbsp;<\/p>\n<div id=\"globalStoreInfoBullets_feature_div\" class=\"celwidget\" data-feature-name=\"globalStoreInfoBullets\" data-csa-c-type=\"widget\" data-csa-c-content-id=\"globalStoreInfoBullets\" data-csa-c-slot-id=\"globalStoreInfoBullets_feature_div\" data-csa-c-asin=\"8484453650\" data-csa-c-is-in-initial-active-row=\"false\" data-csa-c-id=\"4bkxak-79vf19-edb2h8-91spaq\" data-cel-widget=\"globalStoreInfoBullets_feature_div\"><strong>BAZAR MERLIN<\/strong><br \/>\n<strong>El Lugar M\u00e1s M\u00edstico de Guadalajara<\/strong><br \/>\n<strong>ENVIAMOS A TODO M\u00c9XICO<\/strong><\/div>\n<div id=\"edpIngress_feature_div\" class=\"celwidget\" data-feature-name=\"edpIngress\" data-csa-c-type=\"widget\" data-csa-c-content-id=\"edpIngress\" data-csa-c-slot-id=\"edpIngress_feature_div\" data-csa-c-asin=\"8484453650\" data-csa-c-is-in-initial-active-row=\"false\" data-csa-c-id=\"kmkss1-kdtb2h-to2vql-fk3et3\" data-cel-widget=\"edpIngress_feature_div\"><\/div>\n<div id=\"richProductInformation_feature_div\" class=\"celwidget\" data-feature-name=\"richProductInformation\" data-csa-c-type=\"widget\" data-csa-c-content-id=\"richProductInformation\" data-csa-c-slot-id=\"richProductInformation_feature_div\" data-csa-c-asin=\"8484453650\" data-csa-c-is-in-initial-active-row=\"false\" data-csa-c-id=\"yzf4xh-cl9lnc-nljgms-7oagnd\" data-cel-widget=\"richProductInformation_feature_div\">\n<div id=\"rich_product_information\" class=\"a-section a-spacing-none celwidget\" data-csa-c-id=\"v0tirm-xgi3fp-gebty0-qgp1yz\" data-cel-widget=\"rich_product_information\"><\/div>\n<\/div>\n<!-- AddThis Advanced Settings generic via filter on the_content --><!-- AddThis Share Buttons generic via filter on the_content -->","protected":false},"excerpt":{"rendered":"<p>LA BIBLIA DE LOS \u00c1NGELES &nbsp; Contacta con los \u00e1ngeles y atrae a tu vida su sabidur\u00eda por medio de esta gu\u00eda definitiva de la tradici\u00f3n ang\u00e9lica. Es un libro repleto de ejercicios pr\u00e1cticos, meditaciones y afirmaciones que te ense\u00f1ar\u00e1n a sentir la presencia de los \u00e1ngeles, a comunicarte con tu \u00e1ngel guardi\u00e1n, a usar&hellip;<!-- AddThis Advanced Settings generic via filter on get_the_excerpt --><!-- AddThis Share Buttons generic via filter on get_the_excerpt --><\/p>\n","protected":false},"featured_media":11160,"template":"","meta":[],"product_cat":[13],"product_tag":[1445],"_links":{"self":[{"href":"https:\/\/www.bazarmerlin.com\/inicio\/wp-json\/wp\/v2\/product\/5744"}],"collection":[{"href":"https:\/\/www.bazarmerlin.com\/inicio\/wp-json\/wp\/v2\/product"}],"about":[{"href":"https:\/\/www.bazarmerlin.com\/inicio\/wp-json\/wp\/v2\/types\/product"}],"wp:featuredmedia":[{"embeddable":true,"href":"https:\/\/www.bazarmerlin.com\/inicio\/wp-json\/wp\/v2\/media\/11160"}],"wp:attachment":[{"href":"https:\/\/www.bazarmerlin.com\/inicio\/wp-json\/wp\/v2\/media?parent=5744"}],"wp:term":[{"taxonomy":"product_cat","embeddable":true,"href":"https:\/\/www.bazarmerlin.com\/inicio\/wp-json\/wp\/v2\/product_cat?post=5744"},{"taxonomy":"product_tag","embeddable":true,"href":"https:\/\/www.bazarmerlin.com\/inicio\/wp-json\/wp\/v2\/product_tag?post=5744"}],"curies":[{"name":"wp","href":"https:\/\/api.w.org\/{rel}","templated":true}]}}