{"id":5747,"date":"2015-09-05T18:03:59","date_gmt":"2015-09-05T18:03:59","guid":{"rendered":"https:\/\/www.bazarmerlin.com\/inicio\/?post_type=product&#038;p=5747"},"modified":"2022-12-20T00:24:13","modified_gmt":"2022-12-20T00:24:13","slug":"la-biblia-del-feng-shui","status":"publish","type":"product","link":"https:\/\/www.bazarmerlin.com\/inicio\/producto\/la-biblia-del-feng-shui\/","title":{"rendered":"La Biblia Del Feng Shui"},"content":{"rendered":"<p><strong>LA BIBLIA DEL FENG SHUI<\/strong><\/p>\n<p>&nbsp;<\/p>\n<p>Esta Biblia te ense\u00f1a todo lo que necesitas saber acerca del feng shui, desde sus principios b\u00e1sicos hasta el uso de los planos de la vivienda y los remedios para resolver problemas de la vida real. Contempla consejos para cambiar de casa, elegir muebles, saber cu\u00e1ndo redecorar o c\u00f3mo adaptarlo a tus necesidades personales, incluyendo el hogar, la salud, las relaciones, la econom\u00eda y la vida espiritual. Puedes aplicar el feng shui a tu entorno de trabajo, a tu jard\u00edn, a tu cafeter\u00eda favorita y a cualquier espacio donde te guste pasar tiempo. Convertido ya en un fen\u00f3meno extendido por todo el mundo, es usado por famosos, por grandes corporaciones y por personas corrientes que quieren lograr el ambiente m\u00e1s adecuado para conseguir el mayor bienestar.<\/p>\n<p>&nbsp;<\/p>\n<p>&nbsp;<\/p>\n<p><strong>BAZAR MERLIN<\/strong><br \/>\n<strong>El Lugar M\u00e1s M\u00edstico de Guadalajara<\/strong><br \/>\n<strong>ENVIAMOS A TODO M\u00c9XICO<\/strong><\/p>\n<!-- AddThis Advanced Settings generic via filter on the_content --><!-- AddThis Share Buttons generic via filter on the_content -->","protected":false},"excerpt":{"rendered":"<p>LA BIBLIA DEL FENG SHUI &nbsp; Esta Biblia te ense\u00f1a todo lo que necesitas saber acerca del feng shui, desde sus principios b\u00e1sicos hasta el uso de los planos de la vivienda y los remedios para resolver problemas de la vida real. Contempla consejos para cambiar de casa, elegir muebles, saber cu\u00e1ndo redecorar o c\u00f3mo&hellip;<!-- AddThis Advanced Settings generic via filter on get_the_excerpt --><!-- AddThis Share Buttons generic via filter on get_the_excerpt --><\/p>\n","protected":false},"featured_media":11166,"template":"","meta":[],"product_cat":[13],"product_tag":[1446],"_links":{"self":[{"href":"https:\/\/www.bazarmerlin.com\/inicio\/wp-json\/wp\/v2\/product\/5747"}],"collection":[{"href":"https:\/\/www.bazarmerlin.com\/inicio\/wp-json\/wp\/v2\/product"}],"about":[{"href":"https:\/\/www.bazarmerlin.com\/inicio\/wp-json\/wp\/v2\/types\/product"}],"wp:featuredmedia":[{"embeddable":true,"href":"https:\/\/www.bazarmerlin.com\/inicio\/wp-json\/wp\/v2\/media\/11166"}],"wp:attachment":[{"href":"https:\/\/www.bazarmerlin.com\/inicio\/wp-json\/wp\/v2\/media?parent=5747"}],"wp:term":[{"taxonomy":"product_cat","embeddable":true,"href":"https:\/\/www.bazarmerlin.com\/inicio\/wp-json\/wp\/v2\/product_cat?post=5747"},{"taxonomy":"product_tag","embeddable":true,"href":"https:\/\/www.bazarmerlin.com\/inicio\/wp-json\/wp\/v2\/product_tag?post=5747"}],"curies":[{"name":"wp","href":"https:\/\/api.w.org\/{rel}","templated":true}]}}