{"id":5750,"date":"2015-09-05T18:06:35","date_gmt":"2015-09-05T18:06:35","guid":{"rendered":"https:\/\/www.bazarmerlin.com\/inicio\/?post_type=product&#038;p=5750"},"modified":"2022-12-15T00:19:55","modified_gmt":"2022-12-15T00:19:55","slug":"angelorum-el-libro-de-los-angeles-migene-gonzalez-wippler","status":"publish","type":"product","link":"https:\/\/www.bazarmerlin.com\/inicio\/producto\/angelorum-el-libro-de-los-angeles-migene-gonzalez-wippler\/","title":{"rendered":"Angelorum, El Libro De Los \u00c1ngeles &#8211; Migene Gonz\u00e1lez-wippler"},"content":{"rendered":"<h3>ANGELORUM, EL LIBRO DE LOS \u00c1NGELES &#8211; MIGENE GONZ\u00c1LEZ-WIPPLER<\/h3>\n<p>&nbsp;<\/p>\n<p>En Angelorum: el libro de los \u00e1ngeles se renueva el concepto de otras obras escritas en el pasado.<\/p>\n<p>En el nuevo milenio que ya ha comenzado se vienen produciendo cambios ostensibles para la humanidad que sin duda tienden a acentuarse dada la proyecci\u00f3n de incertidumbre que los acontecimientos y el futuro nos deparan. Aunque los mensajes de los \u00e1ngeles relacionados con estos acontecimientos est\u00e1n presentes, depende de nosotros recibirlos y entenderlos con el fin de preservar la vida y poder hacer de nuestro mundo un lugar m\u00e1s habitable. Todo tenemos un \u00e1ngel guardi\u00e1n que nos acompa\u00f1a y protege en todo momento. \u00bfLe gustar\u00eda saber c\u00f3mo pedirle ayuda para usted y su familia Angelorum: el libro de los \u00e1ngeles le revela c\u00f3mo hacerlo.<\/p>\n<p>&nbsp;<\/p>\n<p>&nbsp;<\/p>\n<p><strong>BAZAR MERLIN\u00ae<\/strong><br \/>\n<strong>El Lugar M\u00e1s M\u00edstico de Guadalajara<\/strong><br \/>\n<strong>ENVIAMOS A TODO M\u00c9XICO<\/strong><\/p>\n<!-- AddThis Advanced Settings generic via filter on the_content --><!-- AddThis Share Buttons generic via filter on the_content -->","protected":false},"excerpt":{"rendered":"<p>ANGELORUM, EL LIBRO DE LOS \u00c1NGELES &#8211; MIGENE GONZ\u00c1LEZ-WIPPLER &nbsp; En Angelorum: el libro de los \u00e1ngeles se renueva el concepto de otras obras escritas en el pasado. En el nuevo milenio que ya ha comenzado se vienen produciendo cambios ostensibles para la humanidad que sin duda tienden a acentuarse dada la proyecci\u00f3n de incertidumbre&hellip;<!-- AddThis Advanced Settings generic via filter on get_the_excerpt --><!-- AddThis Share Buttons generic via filter on get_the_excerpt --><\/p>\n","protected":false},"featured_media":11089,"template":"","meta":[],"product_cat":[13],"product_tag":[1372,1447,1448,1449],"_links":{"self":[{"href":"https:\/\/www.bazarmerlin.com\/inicio\/wp-json\/wp\/v2\/product\/5750"}],"collection":[{"href":"https:\/\/www.bazarmerlin.com\/inicio\/wp-json\/wp\/v2\/product"}],"about":[{"href":"https:\/\/www.bazarmerlin.com\/inicio\/wp-json\/wp\/v2\/types\/product"}],"wp:featuredmedia":[{"embeddable":true,"href":"https:\/\/www.bazarmerlin.com\/inicio\/wp-json\/wp\/v2\/media\/11089"}],"wp:attachment":[{"href":"https:\/\/www.bazarmerlin.com\/inicio\/wp-json\/wp\/v2\/media?parent=5750"}],"wp:term":[{"taxonomy":"product_cat","embeddable":true,"href":"https:\/\/www.bazarmerlin.com\/inicio\/wp-json\/wp\/v2\/product_cat?post=5750"},{"taxonomy":"product_tag","embeddable":true,"href":"https:\/\/www.bazarmerlin.com\/inicio\/wp-json\/wp\/v2\/product_tag?post=5750"}],"curies":[{"name":"wp","href":"https:\/\/api.w.org\/{rel}","templated":true}]}}