{"id":5756,"date":"2015-09-05T20:02:56","date_gmt":"2015-09-05T20:02:56","guid":{"rendered":"https:\/\/www.bazarmerlin.com\/inicio\/?post_type=product&#038;p=5756"},"modified":"2022-12-20T23:15:03","modified_gmt":"2022-12-20T23:15:03","slug":"la-vida-de-buda-vida-y-ensenanzas-de-buda","status":"publish","type":"product","link":"https:\/\/www.bazarmerlin.com\/inicio\/producto\/la-vida-de-buda-vida-y-ensenanzas-de-buda\/","title":{"rendered":"La Vida De Buda &#8211; Vida Y Ense\u00f1anzas De Buda"},"content":{"rendered":"<p><strong>LA VIDA DE BUDA<\/strong><\/p>\n<p>&nbsp;<\/p>\n<p>Una Combinaci\u00f3n Magistral de la Vida y las Ense\u00f1anzas de Buda.<br \/>\nAutor: Kohn, Sherab Ch\u00f6dzin<br \/>\n192 p\u00e1ginas<\/p>\n<p>La vida de Buda es un punto de referencia apasionante. Buda era un pr\u00edncipe que abandon\u00f3 su palacio. Sali\u00f3 del contexto en que hab\u00eda sido criado y emprendi\u00f3 un viaje de descubrimiento del que nunca m\u00e1s volvi\u00f3. Podr\u00eda haberse sentido desanimado, vencido y haber vuelto a la vida f\u00e1cil, o podr\u00eda haber tomado un camino lateral hacia la locura. Pero, en cambio, complet\u00f3 su viaje. Buda explor\u00f3 plenamente el verdadero alcance y rango de la realidad. Parti\u00f3 para conquistar la muerte, y lo consigui\u00f3. Esto es lo que hace que sea un paradigma para nosotros. \u00c9sta es la raz\u00f3n por la que la historia de su vida es particularmente atrayente.<\/p>\n<p>Sherab Ch\u00f6dzin Kohn nos ayuda en esta obra a conocer y comprender la esencia de la historia de Buda, su significado y el porqu\u00e9 de su trascendencia, desde su nacimiento, juventud y renunciaci\u00f3n, hasta la noche debajo del \u00e1rbol bodhi y su iluminaci\u00f3n, llegando hasta sus \u00faltimos a\u00f1os, y se complementa con una destacable historia resumida del budismo y su extensi\u00f3n en todo el mundo.<\/p>\n<p>&nbsp;<\/p>\n<p>&nbsp;<\/p>\n<p><strong>BAZAR MERL\u00cdN\u00ae<\/strong><br \/>\n<strong>El Lugar M\u00e1s M\u00edstico de Guadalajara<\/strong><br \/>\n<strong>ENVIAMOS A TODO M\u00c9XICO<\/strong><\/p>\n<!-- AddThis Advanced Settings generic via filter on the_content --><!-- AddThis Share Buttons generic via filter on the_content -->","protected":false},"excerpt":{"rendered":"<p>LA VIDA DE BUDA &nbsp; Una Combinaci\u00f3n Magistral de la Vida y las Ense\u00f1anzas de Buda. Autor: Kohn, Sherab Ch\u00f6dzin 192 p\u00e1ginas La vida de Buda es un punto de referencia apasionante. Buda era un pr\u00edncipe que abandon\u00f3 su palacio. Sali\u00f3 del contexto en que hab\u00eda sido criado y emprendi\u00f3 un viaje de descubrimiento del&hellip;<!-- AddThis Advanced Settings generic via filter on get_the_excerpt --><!-- AddThis Share Buttons generic via filter on get_the_excerpt --><\/p>\n","protected":false},"featured_media":11183,"template":"","meta":[],"product_cat":[13],"product_tag":[1450,1451],"_links":{"self":[{"href":"https:\/\/www.bazarmerlin.com\/inicio\/wp-json\/wp\/v2\/product\/5756"}],"collection":[{"href":"https:\/\/www.bazarmerlin.com\/inicio\/wp-json\/wp\/v2\/product"}],"about":[{"href":"https:\/\/www.bazarmerlin.com\/inicio\/wp-json\/wp\/v2\/types\/product"}],"wp:featuredmedia":[{"embeddable":true,"href":"https:\/\/www.bazarmerlin.com\/inicio\/wp-json\/wp\/v2\/media\/11183"}],"wp:attachment":[{"href":"https:\/\/www.bazarmerlin.com\/inicio\/wp-json\/wp\/v2\/media?parent=5756"}],"wp:term":[{"taxonomy":"product_cat","embeddable":true,"href":"https:\/\/www.bazarmerlin.com\/inicio\/wp-json\/wp\/v2\/product_cat?post=5756"},{"taxonomy":"product_tag","embeddable":true,"href":"https:\/\/www.bazarmerlin.com\/inicio\/wp-json\/wp\/v2\/product_tag?post=5756"}],"curies":[{"name":"wp","href":"https:\/\/api.w.org\/{rel}","templated":true}]}}