{"id":5789,"date":"2015-09-08T16:42:29","date_gmt":"2015-09-08T16:42:29","guid":{"rendered":"https:\/\/www.bazarmerlin.com\/inicio\/?post_type=product&#038;p=5789"},"modified":"2022-12-20T21:51:00","modified_gmt":"2022-12-20T21:51:00","slug":"la-doctrina-secreta-tomo-2-h-p-blavatsky","status":"publish","type":"product","link":"https:\/\/www.bazarmerlin.com\/inicio\/producto\/la-doctrina-secreta-tomo-2-h-p-blavatsky\/","title":{"rendered":"La Doctrina Secreta Tomo 2 &#8211; H. P. Blavatsky"},"content":{"rendered":"<p><strong>LA DOCTRINA SECRETA TOMO II.<\/strong><br \/>\n<strong>H.P. BLAVATSKY.<\/strong><\/p>\n<p>&nbsp;<\/p>\n<p>S\u00edntesis de Ciencia, Religi\u00f3n y Filosof\u00eda. Simbolismo Arcaico General. La obra literaria de H.P. Blavatsky es de consulta obligada para todos los estudiosos de las religiones y filosof\u00edas de Oriente y Occidente. Influente en personajes importantes que modificaron miles de vidas como el propio Mahatma Gandhi, quien reconoci\u00f3 que si conciencia nacional y deseo de millones de indios de reconquistar la libertad fueron obra de las ense\u00f1anzas de Blavatsky; fue tambi\u00e9n fundadora de la Sociedad Teos\u00f3fica en New York por el a\u00f1o de 1875 con el fin de compartir estudios m\u00edsticos y ocultistas.<\/p>\n<p>&nbsp;<\/p>\n<p>&nbsp;<\/p>\n<p><strong>BAZAR MERLIN<\/strong><br \/>\n<strong>El Lugar M\u00e1s M\u00edstico de Guadalajara<\/strong><br \/>\n<strong>ENVIAMOS A TODO M\u00c9XICO<\/strong><\/p>\n<!-- AddThis Advanced Settings generic via filter on the_content --><!-- AddThis Share Buttons generic via filter on the_content -->","protected":false},"excerpt":{"rendered":"<p>LA DOCTRINA SECRETA TOMO II. H.P. BLAVATSKY. &nbsp; S\u00edntesis de Ciencia, Religi\u00f3n y Filosof\u00eda. Simbolismo Arcaico General. La obra literaria de H.P. Blavatsky es de consulta obligada para todos los estudiosos de las religiones y filosof\u00edas de Oriente y Occidente. Influente en personajes importantes que modificaron miles de vidas como el propio Mahatma Gandhi, quien&hellip;<!-- AddThis Advanced Settings generic via filter on get_the_excerpt --><!-- AddThis Share Buttons generic via filter on get_the_excerpt --><\/p>\n","protected":false},"featured_media":11171,"template":"","meta":[],"product_cat":[13],"product_tag":[1365,1454],"_links":{"self":[{"href":"https:\/\/www.bazarmerlin.com\/inicio\/wp-json\/wp\/v2\/product\/5789"}],"collection":[{"href":"https:\/\/www.bazarmerlin.com\/inicio\/wp-json\/wp\/v2\/product"}],"about":[{"href":"https:\/\/www.bazarmerlin.com\/inicio\/wp-json\/wp\/v2\/types\/product"}],"wp:featuredmedia":[{"embeddable":true,"href":"https:\/\/www.bazarmerlin.com\/inicio\/wp-json\/wp\/v2\/media\/11171"}],"wp:attachment":[{"href":"https:\/\/www.bazarmerlin.com\/inicio\/wp-json\/wp\/v2\/media?parent=5789"}],"wp:term":[{"taxonomy":"product_cat","embeddable":true,"href":"https:\/\/www.bazarmerlin.com\/inicio\/wp-json\/wp\/v2\/product_cat?post=5789"},{"taxonomy":"product_tag","embeddable":true,"href":"https:\/\/www.bazarmerlin.com\/inicio\/wp-json\/wp\/v2\/product_tag?post=5789"}],"curies":[{"name":"wp","href":"https:\/\/api.w.org\/{rel}","templated":true}]}}