{"id":5831,"date":"2015-09-08T17:20:35","date_gmt":"2015-09-08T17:20:35","guid":{"rendered":"https:\/\/www.bazarmerlin.com\/inicio\/?post_type=product&#038;p=5831"},"modified":"2022-12-16T23:16:28","modified_gmt":"2022-12-16T23:16:28","slug":"libro-fe-en-la-oracion-oraciones-para-hablar-con-el","status":"publish","type":"product","link":"https:\/\/www.bazarmerlin.com\/inicio\/producto\/libro-fe-en-la-oracion-oraciones-para-hablar-con-el\/","title":{"rendered":"Fe En La Oracion &#8211; Oraciones Para Hablar Con El"},"content":{"rendered":"<p><strong>Fe En La Oracion<\/strong><\/p>\n<p>&nbsp;<\/p>\n<p>\u00bfQu\u00e9 es la oraci\u00f3n? La oracion es una amistad en la que aprendemos a mirarnos como nos mira \u00c9l, en la que aprendemos a amarnos como nos ama \u00c9l y a amar como \u00c9l, en la que descubrimos d\u00f3nde esta nuestro verdadero valor. \u00c9l es un amigo que nos quiere, nos cuida, nos interpela y confronta, nos cura y saca nuestro mejor yo para que nosotros hagamos lo mismo y ayudemos a otros.<\/p>\n<p>Orar es amistad \u00bfEs \u00c9l importante para nosotros? \u00bfQueremos profundizar nuestra relaci\u00f3n con \u00c9l? \u00bfQueremos navegar mar adentro con \u00c9l? A trav\u00e9s de estos consejos lo haremos. Lo invitamos a iniciar un proceso que va desde el asombro, la admiraci\u00f3n, la petici\u00f3n hasta llegara la gratitud, la alabanza y el compromiso. Lo importante es ponerse en camino&#8230; levantemos nuestros corazones y dejemos que \u00c9l, el Maestro, nos ense\u00f1e a orar.<\/p>\n<p>No es necesario tener alas para hablar con \u00c9l, sino ponernos en soledad y mirarlo dentro de nosotros. Procuremos cerrar los ojos del cuerpo y abrir los del alma. Mir\u00e9mosle con el coraz\u00f3n. \u00c9l no est\u00e1 esperando otra cosa m\u00e1s que le miremos. Para aprovechar mucho en este camino de oraci\u00f3n no necesitamos pensar mucho sino amar mucho. As\u00ed, lo que m\u00e1s nos despierte a amar eso es lo que hay que hacer.<\/p>\n<p>&nbsp;<\/p>\n<p>&nbsp;<\/p>\n<p><strong>BAZAR MERLIN<\/strong><br \/>\n<strong>El Lugar M\u00e1s M\u00edstico de Guadalajara<\/strong><br \/>\n<strong>ENVIAMOS A TODO M\u00c9XICO<\/strong><\/p>\n<!-- AddThis Advanced Settings generic via filter on the_content --><!-- AddThis Share Buttons generic via filter on the_content -->","protected":false},"excerpt":{"rendered":"<p>Fe En La Oracion &nbsp; \u00bfQu\u00e9 es la oraci\u00f3n? La oracion es una amistad en la que aprendemos a mirarnos como nos mira \u00c9l, en la que aprendemos a amarnos como nos ama \u00c9l y a amar como \u00c9l, en la que descubrimos d\u00f3nde esta nuestro verdadero valor. \u00c9l es un amigo que nos quiere,&hellip;<!-- AddThis Advanced Settings generic via filter on get_the_excerpt --><!-- AddThis Share Buttons generic via filter on get_the_excerpt --><\/p>\n","protected":false},"featured_media":11136,"template":"","meta":[],"product_cat":[13],"product_tag":[1456,1457],"_links":{"self":[{"href":"https:\/\/www.bazarmerlin.com\/inicio\/wp-json\/wp\/v2\/product\/5831"}],"collection":[{"href":"https:\/\/www.bazarmerlin.com\/inicio\/wp-json\/wp\/v2\/product"}],"about":[{"href":"https:\/\/www.bazarmerlin.com\/inicio\/wp-json\/wp\/v2\/types\/product"}],"wp:featuredmedia":[{"embeddable":true,"href":"https:\/\/www.bazarmerlin.com\/inicio\/wp-json\/wp\/v2\/media\/11136"}],"wp:attachment":[{"href":"https:\/\/www.bazarmerlin.com\/inicio\/wp-json\/wp\/v2\/media?parent=5831"}],"wp:term":[{"taxonomy":"product_cat","embeddable":true,"href":"https:\/\/www.bazarmerlin.com\/inicio\/wp-json\/wp\/v2\/product_cat?post=5831"},{"taxonomy":"product_tag","embeddable":true,"href":"https:\/\/www.bazarmerlin.com\/inicio\/wp-json\/wp\/v2\/product_tag?post=5831"}],"curies":[{"name":"wp","href":"https:\/\/api.w.org\/{rel}","templated":true}]}}