{"id":5861,"date":"2015-09-08T18:05:38","date_gmt":"2015-09-08T18:05:38","guid":{"rendered":"https:\/\/www.bazarmerlin.com\/inicio\/?post_type=product&#038;p=5861"},"modified":"2022-12-23T23:09:53","modified_gmt":"2022-12-23T23:09:53","slug":"rituales-secretos-con-velas-y-velones-rituales-practicos","status":"publish","type":"product","link":"https:\/\/www.bazarmerlin.com\/inicio\/producto\/rituales-secretos-con-velas-y-velones-rituales-practicos\/","title":{"rendered":"Rituales Secretos Con Velas Y Velones &#8211; Rituales Practicos"},"content":{"rendered":"<p><strong>RITUALES SECRETOS CON VELAS Y VELONES<\/strong><\/p>\n<p>&nbsp;<\/p>\n<p>Autor: SHAMMY, LYDIA NUAG, JOSE LUIS<\/p>\n<p>No. p\u00e1ginas: 160 p\u00e1ginas<\/p>\n<p>Un curso completo y pr\u00e1ctico de magia con velas y velones<br \/>\nLa magia con las velas es una pr\u00e1ctica ancestral que se transmite de generaci\u00f3n en generaci\u00f3n en casi todas las culturas del mundo, y encierra m\u00faltiples facetas m\u00e1gicas, misteriosas y pr\u00e1cticas.<\/p>\n<p>La vela representa el fuego, as\u00ed como a la energ\u00eda, al poder y a la transformaci\u00f3n, y cuando encendemos una vela establecemos una conexi\u00f3n entre el cielo y la tierra, aportando luz y creatividad a otras personas y a nosotros mismos cuando realizamos los rituales de forma adecuada.<\/p>\n<p>Rituales secretos con velas y velones es un manual pr\u00e1ctico, completo y sencillo que presenta todo lo que necesitas saber para realizar rituales con velas dirigidos a todos los \u00e1mbitos de tus necesidades, tanto de la salud como de las relaciones, la econom\u00eda o el trabajo, as\u00ed como para obtener \u00e9xito en la vida.<\/p>\n<p>&nbsp;<\/p>\n<p>&nbsp;<\/p>\n<p><strong>BAZAR MERLIN\u00ae<\/strong><br \/>\n<strong>El Lugar M\u00e1s M\u00edstico de Guadalajara<\/strong><br \/>\n<strong>ENVIAMOS A TODO M\u00c9XICO<\/strong><\/p>\n<!-- AddThis Advanced Settings generic via filter on the_content --><!-- AddThis Share Buttons generic via filter on the_content -->","protected":false},"excerpt":{"rendered":"<p>RITUALES SECRETOS CON VELAS Y VELONES &nbsp; Autor: SHAMMY, LYDIA NUAG, JOSE LUIS No. p\u00e1ginas: 160 p\u00e1ginas Un curso completo y pr\u00e1ctico de magia con velas y velones La magia con las velas es una pr\u00e1ctica ancestral que se transmite de generaci\u00f3n en generaci\u00f3n en casi todas las culturas del mundo, y encierra m\u00faltiples facetas&hellip;<!-- AddThis Advanced Settings generic via filter on get_the_excerpt --><!-- AddThis Share Buttons generic via filter on get_the_excerpt --><\/p>\n","protected":false},"featured_media":11234,"template":"","meta":[],"product_cat":[13],"product_tag":[1459,1458],"_links":{"self":[{"href":"https:\/\/www.bazarmerlin.com\/inicio\/wp-json\/wp\/v2\/product\/5861"}],"collection":[{"href":"https:\/\/www.bazarmerlin.com\/inicio\/wp-json\/wp\/v2\/product"}],"about":[{"href":"https:\/\/www.bazarmerlin.com\/inicio\/wp-json\/wp\/v2\/types\/product"}],"wp:featuredmedia":[{"embeddable":true,"href":"https:\/\/www.bazarmerlin.com\/inicio\/wp-json\/wp\/v2\/media\/11234"}],"wp:attachment":[{"href":"https:\/\/www.bazarmerlin.com\/inicio\/wp-json\/wp\/v2\/media?parent=5861"}],"wp:term":[{"taxonomy":"product_cat","embeddable":true,"href":"https:\/\/www.bazarmerlin.com\/inicio\/wp-json\/wp\/v2\/product_cat?post=5861"},{"taxonomy":"product_tag","embeddable":true,"href":"https:\/\/www.bazarmerlin.com\/inicio\/wp-json\/wp\/v2\/product_tag?post=5861"}],"curies":[{"name":"wp","href":"https:\/\/api.w.org\/{rel}","templated":true}]}}