{"id":5884,"date":"2015-09-10T18:50:43","date_gmt":"2015-09-10T18:50:43","guid":{"rendered":"https:\/\/www.bazarmerlin.com\/inicio\/?post_type=product&#038;p=5884"},"modified":"2022-10-13T22:43:32","modified_gmt":"2022-10-13T22:43:32","slug":"runas-de-cuarzo-jaspe-rojo-con-manual-y-bolsa-de-tela","status":"publish","type":"product","link":"https:\/\/www.bazarmerlin.com\/inicio\/producto\/runas-de-cuarzo-jaspe-rojo-con-manual-y-bolsa-de-tela\/","title":{"rendered":"Runas De Cuarzo Jaspe Rojo &#8211; Con Manual Y Bolsa De Tela"},"content":{"rendered":"<p><strong>RUNAS DE CUARZO JASPE ROJO<\/strong><\/p>\n<p>&nbsp;<\/p>\n<p>25 Runas hechas sobre Cuarzo Jaspe Rojo y grabadas a mano.<br \/>\nIncluye: Bolsa de tela, Manual con significado de cada una y tiradas.<\/p>\n<p>Nota: El color de cada pieza puede variar,<br \/>\nya que es una PIEDRA NATURAL Y UNICA.<\/p>\n<p>CALIDAD DE IMPORTACION.<\/p>\n<p>El kit incluye 25 runas hermosamente grabadas en CUARZO, un libro para aprender a leerlas y un morral artesanal para guardarlas.<\/p>\n<p>Olv\u00eddate de los archivo PDF. Nosotros si te mandamos junto con tus Runas un libro de verdad y no archivos en PDF que hacen m\u00e1s tedioso y dif\u00edcil consultar las runas, estas runas est\u00e1n elaboradas por un verdadero Vitki (maestro R\u00fanico) con mas de 20 a\u00f1os de experiencia en el grabando de runas,<\/p>\n<p>Las runas son uno de los sistemas de adivinaci\u00f3n m\u00e1s antiguos. Pero m\u00e1s que un or\u00e1culo, constituyen toda una gu\u00eda de vida. Al aprender a consultarlas se abrir\u00e1 ante ti un tesoro de clarividencia, una forma de recibir ayuda para tomar decisiones, concretar proyectos, salir de situaciones dif\u00edciles, e incluso para encontrar y conservar el amor.<\/p>\n<p>En el libro encontrar\u00e1s todo lo que necesitas saber para adentrarte en el mundo profundo y fascinante de la adivinaci\u00f3n r\u00fanica, el milenario arte n\u00f3rdico de conocer tu presente y saber qu\u00e9 hacer con tus circunstancias actuales para sacarles el mayor provecho posible. Se convertir\u00e1n as\u00ed en un amigo sabio que no lo dudes siempre te dir\u00e1n que hacer.<\/p>\n<p>NOTA IMPORTANTE: Por tratarse de piezas hechas totalmente a mano puede tener peque\u00f1os detalles o variaciones en el terminado, esto no afecta ya que cada runa es \u00fanica.<\/p>\n<p>&nbsp;<\/p>\n<p>&nbsp;<\/p>\n<p><strong>BAZAR MERL\u00cdN<\/strong><br \/>\n<strong>El Lugar M\u00e1s M\u00edstico de Guadalajara<\/strong><br \/>\n<strong>ENVIAMOS A TODO M\u00c9XICO&#8230;<\/strong><\/p>\n<!-- AddThis Advanced Settings generic via filter on the_content --><!-- AddThis Share Buttons generic via filter on the_content -->","protected":false},"excerpt":{"rendered":"<p>RUNAS DE CUARZO JASPE ROJO &nbsp; 25 Runas hechas sobre Cuarzo Jaspe Rojo y grabadas a mano. Incluye: Bolsa de tela, Manual con significado de cada una y tiradas. Nota: El color de cada pieza puede variar, ya que es una PIEDRA NATURAL Y UNICA. CALIDAD DE IMPORTACION. El kit incluye 25 runas hermosamente grabadas&hellip;<!-- AddThis Advanced Settings generic via filter on get_the_excerpt --><!-- AddThis Share Buttons generic via filter on get_the_excerpt --><\/p>\n","protected":false},"featured_media":10345,"template":"","meta":[],"product_cat":[14],"product_tag":[1461,1460],"_links":{"self":[{"href":"https:\/\/www.bazarmerlin.com\/inicio\/wp-json\/wp\/v2\/product\/5884"}],"collection":[{"href":"https:\/\/www.bazarmerlin.com\/inicio\/wp-json\/wp\/v2\/product"}],"about":[{"href":"https:\/\/www.bazarmerlin.com\/inicio\/wp-json\/wp\/v2\/types\/product"}],"wp:featuredmedia":[{"embeddable":true,"href":"https:\/\/www.bazarmerlin.com\/inicio\/wp-json\/wp\/v2\/media\/10345"}],"wp:attachment":[{"href":"https:\/\/www.bazarmerlin.com\/inicio\/wp-json\/wp\/v2\/media?parent=5884"}],"wp:term":[{"taxonomy":"product_cat","embeddable":true,"href":"https:\/\/www.bazarmerlin.com\/inicio\/wp-json\/wp\/v2\/product_cat?post=5884"},{"taxonomy":"product_tag","embeddable":true,"href":"https:\/\/www.bazarmerlin.com\/inicio\/wp-json\/wp\/v2\/product_tag?post=5884"}],"curies":[{"name":"wp","href":"https:\/\/api.w.org\/{rel}","templated":true}]}}