{"id":5894,"date":"2015-09-10T19:20:50","date_gmt":"2015-09-10T19:20:50","guid":{"rendered":"https:\/\/www.bazarmerlin.com\/inicio\/?post_type=product&#038;p=5894"},"modified":"2024-03-25T23:05:06","modified_gmt":"2024-03-25T23:05:06","slug":"feromonas-amarre-total-para-ellas-resultados-en-pocos-dias","status":"publish","type":"product","link":"https:\/\/www.bazarmerlin.com\/inicio\/producto\/feromonas-amarre-total-para-ellas-resultados-en-pocos-dias\/","title":{"rendered":"Feromonas Amarre Total &#8211; Para Ellas Resultados En Pocos Dias"},"content":{"rendered":"<p><strong>FEROMONAS AMARRE TOTAL<\/strong><br \/>\n<strong>10 Militros de Esta Super Esencia<\/strong><\/p>\n<p>Apl\u00edcala todos los d\u00edas y notar\u00e1s que SER\u00c1S IRRESISTIBLE ANTE TU PAREJA O<br \/>\nANTE LOS DEM\u00c1S HOMBRES!<\/p>\n<p>Super CONCENTRADA para lograr PASI\u00d3N, ATRACCI\u00d3N Y DOMINIO<br \/>\nEspecialmente preparado con ESENCIAS M\u00cdSTICAS Y FEROMONAS<br \/>\npara dominar y atraer el amor O TENER SUERTE CON EL HOMBRE QUE DESEAS.<\/p>\n<p>Apl\u00edcalo todos los d\u00edas y notar\u00e1s que SER\u00c1S IRRESISTIBLE ANTE TU PAREJA O<br \/>\nANTE LOS DEM\u00c1S HOMBRES!<\/p>\n<p>Super CONCENTRADA para lograr PASI\u00d3N, ATRACCI\u00d3N Y DOMINIO,<\/p>\n<p>10 Militros de Esta Super Esencia<\/p>\n<p>APLICALO Y LOGRA ATRACCI\u00d3N<\/p>\n<p>FEROMONAS AMARRE TOTAL<br \/>\n*PASI\u00d3N *ATRACCI\u00d3N *DOMINIO<\/p>\n<p>&nbsp;<\/p>\n<p>&nbsp;<\/p>\n<p><strong>BAZAR MERLIN<\/strong><br \/>\n<strong>El Lugar M\u00e1s M\u00edstico de Guadalajara<\/strong><br \/>\n<strong>ENVIAMOS A TODO M\u00c9XICO<\/strong><\/p>\n<!-- AddThis Advanced Settings generic via filter on the_content --><!-- AddThis Share Buttons generic via filter on the_content -->","protected":false},"excerpt":{"rendered":"<p>FEROMONAS AMARRE TOTAL 10 Militros de Esta Super Esencia Apl\u00edcala todos los d\u00edas y notar\u00e1s que SER\u00c1S IRRESISTIBLE ANTE TU PAREJA O ANTE LOS DEM\u00c1S HOMBRES! Super CONCENTRADA para lograr PASI\u00d3N, ATRACCI\u00d3N Y DOMINIO Especialmente preparado con ESENCIAS M\u00cdSTICAS Y FEROMONAS para dominar y atraer el amor O TENER SUERTE CON EL HOMBRE QUE DESEAS.&hellip;<!-- AddThis Advanced Settings generic via filter on get_the_excerpt --><!-- AddThis Share Buttons generic via filter on get_the_excerpt --><\/p>\n","protected":false},"featured_media":11292,"template":"","meta":[],"product_cat":[17],"product_tag":[1463,1464],"_links":{"self":[{"href":"https:\/\/www.bazarmerlin.com\/inicio\/wp-json\/wp\/v2\/product\/5894"}],"collection":[{"href":"https:\/\/www.bazarmerlin.com\/inicio\/wp-json\/wp\/v2\/product"}],"about":[{"href":"https:\/\/www.bazarmerlin.com\/inicio\/wp-json\/wp\/v2\/types\/product"}],"wp:featuredmedia":[{"embeddable":true,"href":"https:\/\/www.bazarmerlin.com\/inicio\/wp-json\/wp\/v2\/media\/11292"}],"wp:attachment":[{"href":"https:\/\/www.bazarmerlin.com\/inicio\/wp-json\/wp\/v2\/media?parent=5894"}],"wp:term":[{"taxonomy":"product_cat","embeddable":true,"href":"https:\/\/www.bazarmerlin.com\/inicio\/wp-json\/wp\/v2\/product_cat?post=5894"},{"taxonomy":"product_tag","embeddable":true,"href":"https:\/\/www.bazarmerlin.com\/inicio\/wp-json\/wp\/v2\/product_tag?post=5894"}],"curies":[{"name":"wp","href":"https:\/\/api.w.org\/{rel}","templated":true}]}}