{"id":5916,"date":"2015-09-12T19:01:42","date_gmt":"2015-09-12T19:01:42","guid":{"rendered":"https:\/\/www.bazarmerlin.com\/inicio\/?post_type=product&#038;p=5916"},"modified":"2022-10-07T21:33:52","modified_gmt":"2022-10-07T21:33:52","slug":"kit-para-limpias-contra-trabajos-de-magia-y-mal-de-ojo","status":"publish","type":"product","link":"https:\/\/www.bazarmerlin.com\/inicio\/producto\/kit-para-limpias-contra-trabajos-de-magia-y-mal-de-ojo\/","title":{"rendered":"Kit Para Limpias &#8211; Contra Trabajos De Magia Y Mal De Ojo"},"content":{"rendered":"<p><strong>KIT PARA LIMPIAS<\/strong><\/p>\n<p>&nbsp;<\/p>\n<p>Este paquete o kit est\u00e1 hecho con materiales de excelente calidad, las mejores esencias, hierbas, etc&#8230;.<\/p>\n<p>Es ideal para crear un ambiente de armon\u00eda, tranquilidad, protecci\u00f3n, atrae el dinero a tu negocio, aumenta la pasi\u00f3n y el amor, atrae buenas vibras, crea tambi\u00e9n estado de relajaci\u00f3n y meditaci\u00f3n. Lo puedes usar junto o por separado, \u00fasalo siempre con mucha fe.<\/p>\n<p>LOCI\u00d3N: Se usa preferiblemente despu\u00e9s del ba\u00f1o, pero puedes usarlo en cualquier momento del d\u00eda. Apl\u00edcala en tu cuerpo, en tu ropa, en tu auto, \u00f3 negocios, (nunca apliques directamente a la flama).<\/p>\n<p>JAB\u00d3N: Cuando te est\u00e9s ba\u00f1ando piensa positiva mente y si quieres puedes decir una frase, oraci\u00f3n, etc&#8230;, esto aumenta el poder positivo.<\/p>\n<p>ESENCIA: \u00dasala como perfume, para aromaterapia, velas, masaje (menos canela), en objetos, im\u00e1genes, etc..<\/p>\n<p>VELA AROM\u00c1TICA: Con su poder ilumina y rechaza todo lo negativo, puedes decir una oraci\u00f3n que te guste con mucha fe.<\/p>\n<p>M\u00c1NDALA \u00d3 IMAGEN : Te da protecci\u00f3n, es como un amuleto o talism\u00e1n de buena suerte, atrae lo positivo, te protege; Solo col\u00f3calo en donde te guste.<\/p>\n<p>INCIENSO: Aromatiza positivamente todo lo que te rodea, te da un ambiente de armon\u00eda y protecci\u00f3n. Atrae buena suerte en todo.<\/p>\n<p>&nbsp;<\/p>\n<p>&nbsp;<\/p>\n<p><strong>BAZAR\u00a0<\/strong><b>MERL\u00cdN<\/b><br \/>\n<strong>El Lugar M\u00e1s M\u00edstico de Guadalajara<\/strong><br \/>\n<strong>ENVIAMOS A TODO M\u00c9XICO&#8230;<\/strong><\/p>\n<!-- AddThis Advanced Settings generic via filter on the_content --><!-- AddThis Share Buttons generic via filter on the_content -->","protected":false},"excerpt":{"rendered":"<p>KIT PARA LIMPIAS &nbsp; Este paquete o kit est\u00e1 hecho con materiales de excelente calidad, las mejores esencias, hierbas, etc&#8230;. Es ideal para crear un ambiente de armon\u00eda, tranquilidad, protecci\u00f3n, atrae el dinero a tu negocio, aumenta la pasi\u00f3n y el amor, atrae buenas vibras, crea tambi\u00e9n estado de relajaci\u00f3n y meditaci\u00f3n. Lo puedes usar&hellip;<!-- AddThis Advanced Settings generic via filter on get_the_excerpt --><!-- AddThis Share Buttons generic via filter on get_the_excerpt --><\/p>\n","protected":false},"featured_media":10276,"template":"","meta":[],"product_cat":[14],"product_tag":[1466,1465],"_links":{"self":[{"href":"https:\/\/www.bazarmerlin.com\/inicio\/wp-json\/wp\/v2\/product\/5916"}],"collection":[{"href":"https:\/\/www.bazarmerlin.com\/inicio\/wp-json\/wp\/v2\/product"}],"about":[{"href":"https:\/\/www.bazarmerlin.com\/inicio\/wp-json\/wp\/v2\/types\/product"}],"wp:featuredmedia":[{"embeddable":true,"href":"https:\/\/www.bazarmerlin.com\/inicio\/wp-json\/wp\/v2\/media\/10276"}],"wp:attachment":[{"href":"https:\/\/www.bazarmerlin.com\/inicio\/wp-json\/wp\/v2\/media?parent=5916"}],"wp:term":[{"taxonomy":"product_cat","embeddable":true,"href":"https:\/\/www.bazarmerlin.com\/inicio\/wp-json\/wp\/v2\/product_cat?post=5916"},{"taxonomy":"product_tag","embeddable":true,"href":"https:\/\/www.bazarmerlin.com\/inicio\/wp-json\/wp\/v2\/product_tag?post=5916"}],"curies":[{"name":"wp","href":"https:\/\/api.w.org\/{rel}","templated":true}]}}