{"id":5924,"date":"2015-09-15T19:57:38","date_gmt":"2015-09-15T19:57:38","guid":{"rendered":"https:\/\/www.bazarmerlin.com\/inicio\/?post_type=product&#038;p=5924"},"modified":"2022-10-25T23:58:58","modified_gmt":"2022-10-25T23:58:58","slug":"oraculo-oraciones-a-los-angeles-44-cartas-y-manual","status":"publish","type":"product","link":"https:\/\/www.bazarmerlin.com\/inicio\/producto\/oraculo-oraciones-a-los-angeles-44-cartas-y-manual\/","title":{"rendered":"Oraculo Oraciones A Los Angeles &#8211; 44 Cartas Y Manual"},"content":{"rendered":"<p><strong>OR\u00c1CULO ORACIONES A LOS \u00c1NGELES<\/strong><br \/>\n<em><strong>44 CARTAS Y MANUAL<\/strong><\/em><\/p>\n<p>&nbsp;<\/p>\n<p>Oraciones a los \u00e1ngeles&#8221; es una poderosa herramienta espiritual que te permite aprovechar la sabidur\u00eda y el apoyo de los \u00e1ngeles que te rodean.<\/p>\n<p>Las cartas de los \u00e1ngeles act\u00faan como un puente f\u00edsico que ellos usan para compartir sus mensajes y su luz armoniosa con nosotros.<\/p>\n<p>Medida:Largo x Ancho: 8 cm x 13 cm<\/p>\n<p>Accesorios incluidos: Cartas,Manual<\/p>\n<p>&nbsp;<\/p>\n<p>&nbsp;<\/p>\n<p><strong>BAZAR\u00a0<b>MERL\u00cdN<\/b><br \/>\nEl Lugar M\u00e1s M\u00edstico de Guadalajara<br \/>\nENVIAMOS A TODO M\u00c9XICO<\/strong><\/p>\n<!-- AddThis Advanced Settings generic via filter on the_content --><!-- AddThis Share Buttons generic via filter on the_content -->","protected":false},"excerpt":{"rendered":"<p>OR\u00c1CULO ORACIONES A LOS \u00c1NGELES 44 CARTAS Y MANUAL &nbsp; Oraciones a los \u00e1ngeles&#8221; es una poderosa herramienta espiritual que te permite aprovechar la sabidur\u00eda y el apoyo de los \u00e1ngeles que te rodean. Las cartas de los \u00e1ngeles act\u00faan como un puente f\u00edsico que ellos usan para compartir sus mensajes y su luz armoniosa&hellip;<!-- AddThis Advanced Settings generic via filter on get_the_excerpt --><!-- AddThis Share Buttons generic via filter on get_the_excerpt --><\/p>\n","protected":false},"featured_media":10460,"template":"","meta":[],"product_cat":[15],"product_tag":[1467],"_links":{"self":[{"href":"https:\/\/www.bazarmerlin.com\/inicio\/wp-json\/wp\/v2\/product\/5924"}],"collection":[{"href":"https:\/\/www.bazarmerlin.com\/inicio\/wp-json\/wp\/v2\/product"}],"about":[{"href":"https:\/\/www.bazarmerlin.com\/inicio\/wp-json\/wp\/v2\/types\/product"}],"wp:featuredmedia":[{"embeddable":true,"href":"https:\/\/www.bazarmerlin.com\/inicio\/wp-json\/wp\/v2\/media\/10460"}],"wp:attachment":[{"href":"https:\/\/www.bazarmerlin.com\/inicio\/wp-json\/wp\/v2\/media?parent=5924"}],"wp:term":[{"taxonomy":"product_cat","embeddable":true,"href":"https:\/\/www.bazarmerlin.com\/inicio\/wp-json\/wp\/v2\/product_cat?post=5924"},{"taxonomy":"product_tag","embeddable":true,"href":"https:\/\/www.bazarmerlin.com\/inicio\/wp-json\/wp\/v2\/product_tag?post=5924"}],"curies":[{"name":"wp","href":"https:\/\/api.w.org\/{rel}","templated":true}]}}