{"id":5947,"date":"2015-09-22T23:35:04","date_gmt":"2015-09-22T23:35:04","guid":{"rendered":"https:\/\/www.bazarmerlin.com\/inicio\/?post_type=product&#038;p=5947"},"modified":"2022-12-28T00:25:03","modified_gmt":"2022-12-28T00:25:03","slug":"pendulo-de-sodalita-importado-de-brasil","status":"publish","type":"product","link":"https:\/\/www.bazarmerlin.com\/inicio\/producto\/pendulo-de-sodalita-importado-de-brasil\/","title":{"rendered":"P\u00e9ndulo De Sodalita &#8211; Importado De Brasil"},"content":{"rendered":"<p><strong>P\u00c9NDULO DE SODALITA <\/strong><br \/>\n<strong>IMPORTADO DE BRASIL<\/strong><\/p>\n<p>&nbsp;<\/p>\n<p>DIMENSION: 3CM DE ALTURA<\/p>\n<p>DE LA MEJOR CALIDAD IMPORTADO DE BRASIL<\/p>\n<p>Existen muchas herramientas radiest\u00e9sicas, pero la m\u00e1s usada es el p\u00e9ndulo. Radiestesia es un nuevo modo de usar nuesra mente, mejora la concentraci\u00f3n, aporta estabilidad emocional, desarrolla la intuici\u00f3n. LA RADIESTESIA es utilizada para la detecci\u00f3n y medici\u00f3n del espectro completo de radiaciones, sea mineral, animal, vegetal o humano.<\/p>\n<p>&nbsp;<\/p>\n<p>Tambi\u00e9n te mandamos COMPLETAMENTE GRATIS una gu\u00eda muy completa Donde te explicaremos:<\/p>\n<p>&#8211; C\u00f3mo limpiarlo C\u00f3mo trabajar con \u00e9l<\/p>\n<p>&#8211; C\u00f3mo usarlo en forma de adivinaci\u00f3n<\/p>\n<p>&#8211; C\u00f3mo usarlo para curaci\u00f3n<\/p>\n<p>&#8211; C\u00f3mo tomar decisiones correctas<\/p>\n<p>&#8211; B\u00fasqueda de objetos perdidos.<\/p>\n<p>&nbsp;<\/p>\n<p>&nbsp;<\/p>\n<p><strong>BAZAR MERL\u00cdN<\/strong><br \/>\n<strong>El Lugar M\u00e1s M\u00edstico de Guadalajara<\/strong><br \/>\n<strong>ENVIAMOS A TODO M\u00c9XICO<\/strong><\/p>\n<!-- AddThis Advanced Settings generic via filter on the_content --><!-- AddThis Share Buttons generic via filter on the_content -->","protected":false},"excerpt":{"rendered":"<p>P\u00c9NDULO DE SODALITA IMPORTADO DE BRASIL &nbsp; DIMENSION: 3CM DE ALTURA DE LA MEJOR CALIDAD IMPORTADO DE BRASIL Existen muchas herramientas radiest\u00e9sicas, pero la m\u00e1s usada es el p\u00e9ndulo. Radiestesia es un nuevo modo de usar nuesra mente, mejora la concentraci\u00f3n, aporta estabilidad emocional, desarrolla la intuici\u00f3n. LA RADIESTESIA es utilizada para la detecci\u00f3n y&hellip;<!-- AddThis Advanced Settings generic via filter on get_the_excerpt --><!-- AddThis Share Buttons generic via filter on get_the_excerpt --><\/p>\n","protected":false},"featured_media":11271,"template":"","meta":[],"product_cat":[21],"product_tag":[705,1470],"_links":{"self":[{"href":"https:\/\/www.bazarmerlin.com\/inicio\/wp-json\/wp\/v2\/product\/5947"}],"collection":[{"href":"https:\/\/www.bazarmerlin.com\/inicio\/wp-json\/wp\/v2\/product"}],"about":[{"href":"https:\/\/www.bazarmerlin.com\/inicio\/wp-json\/wp\/v2\/types\/product"}],"wp:featuredmedia":[{"embeddable":true,"href":"https:\/\/www.bazarmerlin.com\/inicio\/wp-json\/wp\/v2\/media\/11271"}],"wp:attachment":[{"href":"https:\/\/www.bazarmerlin.com\/inicio\/wp-json\/wp\/v2\/media?parent=5947"}],"wp:term":[{"taxonomy":"product_cat","embeddable":true,"href":"https:\/\/www.bazarmerlin.com\/inicio\/wp-json\/wp\/v2\/product_cat?post=5947"},{"taxonomy":"product_tag","embeddable":true,"href":"https:\/\/www.bazarmerlin.com\/inicio\/wp-json\/wp\/v2\/product_tag?post=5947"}],"curies":[{"name":"wp","href":"https:\/\/api.w.org\/{rel}","templated":true}]}}