{"id":5975,"date":"2022-05-12T11:59:56","date_gmt":"2022-05-12T11:59:56","guid":{"rendered":"https:\/\/www.bazarmerlin.com\/inicio\/?post_type=product&#038;p=5975"},"modified":"2022-12-09T22:24:19","modified_gmt":"2022-12-09T22:24:19","slug":"perfume-patchouli-excelente-aroma-importado","status":"publish","type":"product","link":"https:\/\/www.bazarmerlin.com\/inicio\/producto\/perfume-patchouli-excelente-aroma-importado\/","title":{"rendered":"Perfume Patchouli &#8211; Excelente Aroma &#8211; Importado"},"content":{"rendered":"<h3><strong>Perfume Patchouli Tradicional.<\/strong><br \/>\n<strong>\u00a0EXCELENTE AROMA<\/strong><\/h3>\n<p>&nbsp;<\/p>\n<p>PRESENTACI\u00d3N DE 120 MILILITROS.<\/p>\n<p>EL PODEROSO PERFUME DE PATCHOULI AYUDARA A ATRAER A TU VIDA SUERTE, PROTECCI\u00d3N Y \u00c9XITO EN TODO LO QUE EMPRENDAS.<\/p>\n<p>ANCESTRAL PERFUME DE PATCHOULI El aroma de patchouli es pesado, fuerte y exquisito. Elaborado con extracto 100% natural y concentrado de la india. Exquisito aroma duradero, usado por hombres y mujeres que cambie su vida a \u00e9xito por el poder y magnetismo de la esencia.<\/p>\n<p>El patchouli es una plata ancestral elaborada de las hojas de la planta del mismo nombre. Posee un aroma muy fuerte con un ex\u00f3tico con un toque que recuerda a la fina madera de la INDIA. Esta exquisita esencia ayudara a equilibrar tu energ\u00eda y campo \u00e1urico abriendo caminos EN TODO LO QUE EMPRENDAS COMO \u00c9XITO, AMOR, DINERO, SALUD Y PROTECCI\u00d3N CONTRA CUALQUIER DA\u00d1O. Esto debido a su magnetismo que ayuda a activar la energ\u00eda de los chakras y equilibrar tu campo \u00e1urico.<\/p>\n<p>&nbsp;<\/p>\n<p>&nbsp;<\/p>\n<p>&nbsp;<\/p>\n<p><strong>BAZAR MERL\u00cdN<\/strong><br \/>\n<strong>El Lugar M\u00e1s M\u00edstico de Guadalajara<\/strong><br \/>\n<strong>ENVIAMOS A TODO M\u00c9XICO<\/strong><\/p>\n<!-- AddThis Advanced Settings generic via filter on the_content --><!-- AddThis Share Buttons generic via filter on the_content -->","protected":false},"excerpt":{"rendered":"<p>Perfume Patchouli Tradicional. \u00a0EXCELENTE AROMA &nbsp; PRESENTACI\u00d3N DE 120 MILILITROS. EL PODEROSO PERFUME DE PATCHOULI AYUDARA A ATRAER A TU VIDA SUERTE, PROTECCI\u00d3N Y \u00c9XITO EN TODO LO QUE EMPRENDAS. ANCESTRAL PERFUME DE PATCHOULI El aroma de patchouli es pesado, fuerte y exquisito. Elaborado con extracto 100% natural y concentrado de la india. Exquisito aroma&hellip;<!-- AddThis Advanced Settings generic via filter on get_the_excerpt --><!-- AddThis Share Buttons generic via filter on get_the_excerpt --><\/p>\n","protected":false},"featured_media":11035,"template":"","meta":[],"product_cat":[20],"product_tag":[1474,757,1473],"_links":{"self":[{"href":"https:\/\/www.bazarmerlin.com\/inicio\/wp-json\/wp\/v2\/product\/5975"}],"collection":[{"href":"https:\/\/www.bazarmerlin.com\/inicio\/wp-json\/wp\/v2\/product"}],"about":[{"href":"https:\/\/www.bazarmerlin.com\/inicio\/wp-json\/wp\/v2\/types\/product"}],"wp:featuredmedia":[{"embeddable":true,"href":"https:\/\/www.bazarmerlin.com\/inicio\/wp-json\/wp\/v2\/media\/11035"}],"wp:attachment":[{"href":"https:\/\/www.bazarmerlin.com\/inicio\/wp-json\/wp\/v2\/media?parent=5975"}],"wp:term":[{"taxonomy":"product_cat","embeddable":true,"href":"https:\/\/www.bazarmerlin.com\/inicio\/wp-json\/wp\/v2\/product_cat?post=5975"},{"taxonomy":"product_tag","embeddable":true,"href":"https:\/\/www.bazarmerlin.com\/inicio\/wp-json\/wp\/v2\/product_tag?post=5975"}],"curies":[{"name":"wp","href":"https:\/\/api.w.org\/{rel}","templated":true}]}}