{"id":5995,"date":"2015-10-12T22:04:43","date_gmt":"2015-10-12T22:04:43","guid":{"rendered":"https:\/\/www.bazarmerlin.com\/inicio\/?post_type=product&#038;p=5995"},"modified":"2023-01-03T23:01:05","modified_gmt":"2023-01-03T23:01:05","slug":"cuarzo-malaquita-por-kilo-para-proteccion-y-exito","status":"publish","type":"product","link":"https:\/\/www.bazarmerlin.com\/inicio\/producto\/cuarzo-malaquita-por-kilo-para-proteccion-y-exito\/","title":{"rendered":"Cuarzo Malaquita &#8211; Kilo 100% Original &#8211; Proteccion Y Exito"},"content":{"rendered":"<p><strong>CUARZO MALAQUITA POR KILO.<\/strong><\/p>\n<p><strong>1 KILO DE MALAQUITA.<\/strong><\/p>\n<p>&nbsp;<\/p>\n<p>&#8212;Considerada la &#8220;Piedra de la Fortuna Y \u00c9xito&#8221;&#8212;<\/p>\n<p>Atrae protecci\u00f3n, poder, amor, paz y \u00e9xito en todos los negocios. La malaquita es una piedra que ahuyenta las pesadillas y los malos sue\u00f1os. La malaquita amplifica las energ\u00edas positivas y trasmuta o convierte las energ\u00edas negativas en \u00e9xito.<\/p>\n<p>Est\u00e1 recomendada para personas introvertidas para fortalecer el car\u00e1cter. Amplifica el poder personal.<\/p>\n<p>La malaquita desarrolla coraje y valent\u00eda, auto confianza, seguridad en s\u00ed mismo, claridad y voluntad, seguridad en las metas y objetivos en la vida, tolerancia y amplitud de miras&#8230;<\/p>\n<p>Corrige excesivas dependencias de figuras de autoridad, deseos de soledad, debilidad nerviosa, equilibrando nuestra energ\u00eda y la de nuestros chakras&#8230;.<\/p>\n<p>&nbsp;<\/p>\n<p>&nbsp;<\/p>\n<p>&nbsp;<\/p>\n<p><strong>BAZAR MERLIN<\/strong><br \/>\n<strong>El Lugar M\u00e1s M\u00edstico de Guadalajara<\/strong><br \/>\n<strong>ENVIAMOS A TODO M\u00c9XICO<\/strong><\/p>\n<!-- AddThis Advanced Settings generic via filter on the_content --><!-- AddThis Share Buttons generic via filter on the_content -->","protected":false},"excerpt":{"rendered":"<p>CUARZO MALAQUITA POR KILO. 1 KILO DE MALAQUITA. &nbsp; &#8212;Considerada la &#8220;Piedra de la Fortuna Y \u00c9xito&#8221;&#8212; Atrae protecci\u00f3n, poder, amor, paz y \u00e9xito en todos los negocios. La malaquita es una piedra que ahuyenta las pesadillas y los malos sue\u00f1os. La malaquita amplifica las energ\u00edas positivas y trasmuta o convierte las energ\u00edas negativas en&hellip;<!-- AddThis Advanced Settings generic via filter on get_the_excerpt --><!-- AddThis Share Buttons generic via filter on get_the_excerpt --><\/p>\n","protected":false},"featured_media":11332,"template":"","meta":[],"product_cat":[11],"product_tag":[1475,1476,1477],"_links":{"self":[{"href":"https:\/\/www.bazarmerlin.com\/inicio\/wp-json\/wp\/v2\/product\/5995"}],"collection":[{"href":"https:\/\/www.bazarmerlin.com\/inicio\/wp-json\/wp\/v2\/product"}],"about":[{"href":"https:\/\/www.bazarmerlin.com\/inicio\/wp-json\/wp\/v2\/types\/product"}],"wp:featuredmedia":[{"embeddable":true,"href":"https:\/\/www.bazarmerlin.com\/inicio\/wp-json\/wp\/v2\/media\/11332"}],"wp:attachment":[{"href":"https:\/\/www.bazarmerlin.com\/inicio\/wp-json\/wp\/v2\/media?parent=5995"}],"wp:term":[{"taxonomy":"product_cat","embeddable":true,"href":"https:\/\/www.bazarmerlin.com\/inicio\/wp-json\/wp\/v2\/product_cat?post=5995"},{"taxonomy":"product_tag","embeddable":true,"href":"https:\/\/www.bazarmerlin.com\/inicio\/wp-json\/wp\/v2\/product_tag?post=5995"}],"curies":[{"name":"wp","href":"https:\/\/api.w.org\/{rel}","templated":true}]}}