{"id":602,"date":"2015-06-30T18:34:52","date_gmt":"2015-06-30T18:34:52","guid":{"rendered":"https:\/\/www.bazarmerlin.com\/inicio\/?post_type=product&#038;p=602"},"modified":"2022-10-27T19:59:03","modified_gmt":"2022-10-27T19:59:03","slug":"tarot-aleister-crowley-thoth-incluye-78-cartas-y-libro","status":"publish","type":"product","link":"https:\/\/www.bazarmerlin.com\/inicio\/producto\/tarot-aleister-crowley-thoth-incluye-78-cartas-y-libro\/","title":{"rendered":"Tarot Thoth De Aleister Crowley &#8211; Espa\u00f1ol &#8211; 78 Cartas + Gu\u00eda"},"content":{"rendered":"<p><strong>TAROT THOTH DE ALEISTER CROWLEY<\/strong><\/p>\n<p>Cartas y Manual.<\/p>\n<p>El Tarot Thoth es uno de los m\u00e1s bellos y fascinantes mazos de tarot existentes en la actualidad. Fue pintado por la artista Lady Frida Harris (1877-1963) bajo la gu\u00eda del famoso ocultista brit\u00e1nico Aleister Crowley (1875-1947) a lo largo de un laborioso proceso que se extendi\u00f3 m\u00e1s all\u00e1 de cinco a\u00f1os.<\/p>\n<p>La imaginer\u00eda, intensa y rica en simbolog\u00eda, recoge magn\u00edficamente las atribuciones kabal\u00edsticas y astrol\u00f3gicas descritas por Crowley en su obra El libro de Thoth.<\/p>\n<p>El folleto que se incluye junto con el mazo es una excelente introducci\u00f3n al simbolismo de las cartas y a su interpretaci\u00f3n realizada por el propio Crowley.<\/p>\n<p>Contiene 78 cartas con Manual.<\/p>\n<p>&nbsp;<\/p>\n<p><strong>BAZAR MERL\u00cdN<\/strong><br \/>\n<strong>El Lugar M\u00e1s M\u00edstico de Guadalajara<\/strong><br \/>\n<strong>ENVIAMOS A TODO M\u00c9XICO&#8230;<\/strong><\/p>\n<!-- AddThis Advanced Settings generic via filter on the_content --><!-- AddThis Share Buttons generic via filter on the_content -->","protected":false},"excerpt":{"rendered":"<p>TAROT THOTH DE ALEISTER CROWLEY Cartas y Manual. El Tarot Thoth es uno de los m\u00e1s bellos y fascinantes mazos de tarot existentes en la actualidad. Fue pintado por la artista Lady Frida Harris (1877-1963) bajo la gu\u00eda del famoso ocultista brit\u00e1nico Aleister Crowley (1875-1947) a lo largo de un laborioso proceso que se extendi\u00f3&hellip;<!-- AddThis Advanced Settings generic via filter on get_the_excerpt --><!-- AddThis Share Buttons generic via filter on get_the_excerpt --><\/p>\n","protected":false},"featured_media":10580,"template":"","meta":[],"product_cat":[15],"product_tag":[601,600],"_links":{"self":[{"href":"https:\/\/www.bazarmerlin.com\/inicio\/wp-json\/wp\/v2\/product\/602"}],"collection":[{"href":"https:\/\/www.bazarmerlin.com\/inicio\/wp-json\/wp\/v2\/product"}],"about":[{"href":"https:\/\/www.bazarmerlin.com\/inicio\/wp-json\/wp\/v2\/types\/product"}],"wp:featuredmedia":[{"embeddable":true,"href":"https:\/\/www.bazarmerlin.com\/inicio\/wp-json\/wp\/v2\/media\/10580"}],"wp:attachment":[{"href":"https:\/\/www.bazarmerlin.com\/inicio\/wp-json\/wp\/v2\/media?parent=602"}],"wp:term":[{"taxonomy":"product_cat","embeddable":true,"href":"https:\/\/www.bazarmerlin.com\/inicio\/wp-json\/wp\/v2\/product_cat?post=602"},{"taxonomy":"product_tag","embeddable":true,"href":"https:\/\/www.bazarmerlin.com\/inicio\/wp-json\/wp\/v2\/product_tag?post=602"}],"curies":[{"name":"wp","href":"https:\/\/api.w.org\/{rel}","templated":true}]}}