{"id":6022,"date":"2015-10-15T00:02:25","date_gmt":"2015-10-15T00:02:25","guid":{"rendered":"https:\/\/www.bazarmerlin.com\/inicio\/?post_type=product&#038;p=6022"},"modified":"2022-11-04T22:25:23","modified_gmt":"2022-11-04T22:25:23","slug":"estrella-de-12-puntas-en-plata-925-proteccion-y-abundancia","status":"publish","type":"product","link":"https:\/\/www.bazarmerlin.com\/inicio\/producto\/estrella-de-12-puntas-en-plata-925-proteccion-y-abundancia\/","title":{"rendered":"Estrella De 12 Puntas Amuleto De Protecci\u00f3n En Plata Ley 925"},"content":{"rendered":"<p><strong>TALISM\u00c1N ESTRELLA 12 PUNTAS<\/strong><\/p>\n<p>&nbsp;<\/p>\n<p>\u00daNICA EN FINA PLATA LEY.925<\/p>\n<p>El s\u00edmbolo de la estrella representa la luz, la verdad, la fortaleza espiritual y la esperanza, y su significado depender\u00e1 principalmente del n\u00famero de puntas que tengas y la orientaci\u00f3n de estas.<\/p>\n<p>Simboliza los 12 signos zodiacales ubicados en su casa madre, as\u00ed tambi\u00e9n dadas sus caracter\u00edsticas se puede dibujar de dos maneras la primera trazando 4 tri\u00e1ngulos representa los 4 puntos cardinales as\u00ed como los 4 elementos. La segunda trazando 3 cuadrados representa las cosas cardinales fijas y mutables. Se dice que la estrella de doce puntas protege cuando mercurio se encuentra retrogrado.<\/p>\n<p>Amuleto Protector En esta estrella de 12 puntas se enlazan las energ\u00edas espirituales mas fuertes y m\u00e1gicas de todos los tiempos. Por tanto es uno de los amuletos mas completos ya que atrae la abundancia, favorece el bienestar espiritual, atrae el amor y favorece la salud. Estrella de 12 puntas (reflejo De Belen) es la que representa el tiempo vivido en armon\u00eda.<\/p>\n<p>&nbsp;<\/p>\n<p>&nbsp;<\/p>\n<p><strong>BAZAR MERL\u00cdN<\/strong><br \/>\n<strong>El Lugar M\u00e1s M\u00edstico de Guadalajara<\/strong><br \/>\n<strong>ENVIAMOS A TODO M\u00c9XICO&#8230;<\/strong><\/p>\n<!-- AddThis Advanced Settings generic via filter on the_content --><!-- AddThis Share Buttons generic via filter on the_content -->","protected":false},"excerpt":{"rendered":"<p>TALISM\u00c1N ESTRELLA 12 PUNTAS &nbsp; \u00daNICA EN FINA PLATA LEY.925 El s\u00edmbolo de la estrella representa la luz, la verdad, la fortaleza espiritual y la esperanza, y su significado depender\u00e1 principalmente del n\u00famero de puntas que tengas y la orientaci\u00f3n de estas. Simboliza los 12 signos zodiacales ubicados en su casa madre, as\u00ed tambi\u00e9n dadas&hellip;<!-- AddThis Advanced Settings generic via filter on get_the_excerpt --><!-- AddThis Share Buttons generic via filter on get_the_excerpt --><\/p>\n","protected":false},"featured_media":10661,"template":"","meta":[],"product_cat":[12],"product_tag":[1480],"_links":{"self":[{"href":"https:\/\/www.bazarmerlin.com\/inicio\/wp-json\/wp\/v2\/product\/6022"}],"collection":[{"href":"https:\/\/www.bazarmerlin.com\/inicio\/wp-json\/wp\/v2\/product"}],"about":[{"href":"https:\/\/www.bazarmerlin.com\/inicio\/wp-json\/wp\/v2\/types\/product"}],"wp:featuredmedia":[{"embeddable":true,"href":"https:\/\/www.bazarmerlin.com\/inicio\/wp-json\/wp\/v2\/media\/10661"}],"wp:attachment":[{"href":"https:\/\/www.bazarmerlin.com\/inicio\/wp-json\/wp\/v2\/media?parent=6022"}],"wp:term":[{"taxonomy":"product_cat","embeddable":true,"href":"https:\/\/www.bazarmerlin.com\/inicio\/wp-json\/wp\/v2\/product_cat?post=6022"},{"taxonomy":"product_tag","embeddable":true,"href":"https:\/\/www.bazarmerlin.com\/inicio\/wp-json\/wp\/v2\/product_tag?post=6022"}],"curies":[{"name":"wp","href":"https:\/\/api.w.org\/{rel}","templated":true}]}}