{"id":6025,"date":"2015-10-15T00:04:07","date_gmt":"2015-10-15T00:04:07","guid":{"rendered":"https:\/\/www.bazarmerlin.com\/inicio\/?post_type=product&#038;p=6025"},"modified":"2022-12-12T22:51:07","modified_gmt":"2022-12-12T22:51:07","slug":"poderosa-locion-reversible-revierte-todo-dano","status":"publish","type":"product","link":"https:\/\/www.bazarmerlin.com\/inicio\/producto\/poderosa-locion-reversible-revierte-todo-dano\/","title":{"rendered":"Poderosa Locion Reversible &#8211; Revierte Todo Da\u00f1o"},"content":{"rendered":"<h3><strong>LOCI\u00d3N REVERSIBLE.<\/strong><\/h3>\n<p>&nbsp;<\/p>\n<p>REVIERTE TODO EL DA\u00d1O A LA PERSONA QUE LO HIZO Y<br \/>\nQUITA TODO LO MALO DE TU PERSONA CON ESTA PODEROSA LOCION.<\/p>\n<p>Forma de uso:<\/p>\n<p>En tu persona apl\u00edcalo diariamente despu\u00e9s del ba\u00f1o,<\/p>\n<p>En casa: Trapea o riega con esta loci\u00f3n de adentro hac\u00eda afuera para retirar toda clase de embrujo, hechizos, envidias, mala suerte, mala fortuna y vibras negativas. Para que logres la armon\u00eda en tu casa.<\/p>\n<p>Ya que tu la adquieres v\u00eda telef\u00f3nica te daremos indicaciones de como usarla.<\/p>\n<p>&nbsp;<\/p>\n<p>&nbsp;<\/p>\n<p><strong>BAZAR MERLIN<\/strong><br \/>\n<strong>El Lugar M\u00e1s M\u00edstico de Guadalajara<\/strong><br \/>\n<strong>ENVIAMOS A TODO M\u00c9XICO<\/strong><\/p>\n<!-- AddThis Advanced Settings generic via filter on the_content --><!-- AddThis Share Buttons generic via filter on the_content -->","protected":false},"excerpt":{"rendered":"<p>LOCI\u00d3N REVERSIBLE. &nbsp; REVIERTE TODO EL DA\u00d1O A LA PERSONA QUE LO HIZO Y QUITA TODO LO MALO DE TU PERSONA CON ESTA PODEROSA LOCION. Forma de uso: En tu persona apl\u00edcalo diariamente despu\u00e9s del ba\u00f1o, En casa: Trapea o riega con esta loci\u00f3n de adentro hac\u00eda afuera para retirar toda clase de embrujo, hechizos,&hellip;<!-- AddThis Advanced Settings generic via filter on get_the_excerpt --><!-- AddThis Share Buttons generic via filter on get_the_excerpt --><\/p>\n","protected":false},"featured_media":11058,"template":"","meta":[],"product_cat":[20],"product_tag":[1481,1000],"_links":{"self":[{"href":"https:\/\/www.bazarmerlin.com\/inicio\/wp-json\/wp\/v2\/product\/6025"}],"collection":[{"href":"https:\/\/www.bazarmerlin.com\/inicio\/wp-json\/wp\/v2\/product"}],"about":[{"href":"https:\/\/www.bazarmerlin.com\/inicio\/wp-json\/wp\/v2\/types\/product"}],"wp:featuredmedia":[{"embeddable":true,"href":"https:\/\/www.bazarmerlin.com\/inicio\/wp-json\/wp\/v2\/media\/11058"}],"wp:attachment":[{"href":"https:\/\/www.bazarmerlin.com\/inicio\/wp-json\/wp\/v2\/media?parent=6025"}],"wp:term":[{"taxonomy":"product_cat","embeddable":true,"href":"https:\/\/www.bazarmerlin.com\/inicio\/wp-json\/wp\/v2\/product_cat?post=6025"},{"taxonomy":"product_tag","embeddable":true,"href":"https:\/\/www.bazarmerlin.com\/inicio\/wp-json\/wp\/v2\/product_tag?post=6025"}],"curies":[{"name":"wp","href":"https:\/\/api.w.org\/{rel}","templated":true}]}}