{"id":604,"date":"2021-03-16T18:38:21","date_gmt":"2021-03-16T18:38:21","guid":{"rendered":"https:\/\/www.bazarmerlin.com\/inicio\/?post_type=product&#038;p=604"},"modified":"2022-10-21T23:51:21","modified_gmt":"2022-10-21T23:51:21","slug":"mi-primer-libro-de-tarot-para-el-tarot-de-marsella","status":"publish","type":"product","link":"https:\/\/www.bazarmerlin.com\/inicio\/producto\/mi-primer-libro-de-tarot-para-el-tarot-de-marsella\/","title":{"rendered":"Mi Primer Libro De Tarot M\u00e9todo Pr\u00e1ctico"},"content":{"rendered":"<p><strong>MI PRIMER LIBRO DE TAROT<\/strong><br \/>\n<strong>Kris Hadar.<\/strong><\/p>\n<p>&nbsp;<\/p>\n<p>Este libro lo redact\u00e9 pregunt\u00e1ndome que me hubiera gustado encontrar en tina obra sobre el tema cuando ignoraba todo.<br \/>\nY c\u00f3mo llevar al lector los conocimientos que todav\u00eda ni sospecha.<\/p>\n<p>La primera parte de este libro est\u00e1 dedicada al aprendizaje del alfabeto tarol\u00f3gico, que permite la lectura de las tiradas.<br \/>\nSin embargo, \u00bfc\u00f3mo descubrir la tela de fondo donde se esboza el destino humano si desconocemos el objetivo de la vida?<\/p>\n<p>La segunda parte se relaciona con el aspecto pr\u00e1ctico.<\/p>\n<p>&nbsp;<\/p>\n<p>&nbsp;<\/p>\n<p><strong>BAZAR MERL\u00cdN<\/strong><br \/>\n<strong>El Lugar M\u00e1s M\u00edstico de Guadalajara<\/strong><br \/>\n<strong>ENVIAMOS A TODO M\u00c9XICO&#8230;<\/strong><\/p>\n<!-- AddThis Advanced Settings generic via filter on the_content --><!-- AddThis Share Buttons generic via filter on the_content -->","protected":false},"excerpt":{"rendered":"<p>MI PRIMER LIBRO DE TAROT Kris Hadar. &nbsp; Este libro lo redact\u00e9 pregunt\u00e1ndome que me hubiera gustado encontrar en tina obra sobre el tema cuando ignoraba todo. Y c\u00f3mo llevar al lector los conocimientos que todav\u00eda ni sospecha. La primera parte de este libro est\u00e1 dedicada al aprendizaje del alfabeto tarol\u00f3gico, que permite la lectura&hellip;<!-- AddThis Advanced Settings generic via filter on get_the_excerpt --><!-- AddThis Share Buttons generic via filter on get_the_excerpt --><\/p>\n","protected":false},"featured_media":7959,"template":"","meta":[],"product_cat":[15],"product_tag":[603],"_links":{"self":[{"href":"https:\/\/www.bazarmerlin.com\/inicio\/wp-json\/wp\/v2\/product\/604"}],"collection":[{"href":"https:\/\/www.bazarmerlin.com\/inicio\/wp-json\/wp\/v2\/product"}],"about":[{"href":"https:\/\/www.bazarmerlin.com\/inicio\/wp-json\/wp\/v2\/types\/product"}],"wp:featuredmedia":[{"embeddable":true,"href":"https:\/\/www.bazarmerlin.com\/inicio\/wp-json\/wp\/v2\/media\/7959"}],"wp:attachment":[{"href":"https:\/\/www.bazarmerlin.com\/inicio\/wp-json\/wp\/v2\/media?parent=604"}],"wp:term":[{"taxonomy":"product_cat","embeddable":true,"href":"https:\/\/www.bazarmerlin.com\/inicio\/wp-json\/wp\/v2\/product_cat?post=604"},{"taxonomy":"product_tag","embeddable":true,"href":"https:\/\/www.bazarmerlin.com\/inicio\/wp-json\/wp\/v2\/product_tag?post=604"}],"curies":[{"name":"wp","href":"https:\/\/api.w.org\/{rel}","templated":true}]}}