{"id":6057,"date":"2015-10-27T21:02:48","date_gmt":"2015-10-27T21:02:48","guid":{"rendered":"https:\/\/www.bazarmerlin.com\/inicio\/?post_type=product&#038;p=6057"},"modified":"2022-12-27T00:32:46","modified_gmt":"2022-12-27T00:32:46","slug":"pendulo-con-testigo-de-angeles-incluye-tarjeta-radiestesia","status":"publish","type":"product","link":"https:\/\/www.bazarmerlin.com\/inicio\/producto\/pendulo-con-testigo-de-angeles-incluye-tarjeta-radiestesia\/","title":{"rendered":"P\u00e9ndulo Con Testigo De \u00c1ngeles &#8211; Incluye Tarjeta Radiestesia"},"content":{"rendered":"<p><strong>P\u00c9NDULO DE \u00c1NGELES PARA PREGUNTAR Y TOMAR DECISIONES CON LA ENERG\u00cdA DE LOS \u00c1NGELES<\/strong><\/p>\n<p>&nbsp;<\/p>\n<p>DIMENSI\u00d3N: 5CM DE ALTURA<br \/>\nINCLUYE: GR\u00c1FICO DE PREGUNTAS<\/p>\n<p>ES UN INSTRUMENTO DE PERCEPCI\u00d3N.<br \/>\nEs decir, nos permite acceder a los conocimientos fuera del alcance &#8220;normal&#8221;, que todos poseemos despertando el don de la CLARIVIDENCIA. Estos poderes son tremendamente superiores a nuestros cinco sentidos. Se trata nada menos que de un sentido que implica todo un nuevo modo de percibir al mundo, un nuevo modo de usar la mente. Es utilizando para comunicarse con los niveles m\u00e1s profundos y ocultos de nuestro ser, busca tesoros u objetos perdidos. EL P\u00c9NDULO es uno de los m\u00e9todos para comulgar constantemente con nuestra sabidur\u00eda interna y para que \u00e9sta gu\u00ede nuestros actos cotidianos.<\/p>\n<p>P\u00c9NDULO CON TESTIGO AMPLIO CON LOS ANGELES POR LOS COSTADOS.<\/p>\n<p>OTRA VENTAJA DEL P\u00c9NDULO DE ARC\u00c1NGELES, es que es del TIPO TESTIGO, esto es que se puede separar su cuerpo del sost\u00e9n, y ah\u00ed tiene una cavidad en la cual se puede depositar desde un decreto, un refuerzo energ\u00e9tico, una fotograf\u00eda recortada o lo que tu linea espiritual te indique.<\/p>\n<p>La consulta por medio de el es fluida y su Halo magn\u00e9tico lo sentir\u00e1s claramente al momento de iniciar. Esta fabricado en aluminio, que junt\u00f3 al lat\u00f3n son los mejores materiales para sintonizar con las altas vibraciones, mucho m\u00e1s que los fabricados con madera, cuarzos o pl\u00e1stico, los cuales no responden igual.<\/p>\n<p>P\u00c9NDULO DE ANGELES PARA PREGUNTAR Y TOMAR DECISIONES CON LA ENERG\u00cdA DE LOS ANGELES.<\/p>\n<p>DIMENSI\u00d3N: 5CM DE ALTURA<\/p>\n<p>&nbsp;<\/p>\n<p>&nbsp;<\/p>\n<p><strong>BAZAR MERLIN<\/strong><br \/>\n<strong>El Lugar M\u00e1s M\u00edstico de Guadalajara<\/strong><br \/>\n<strong>ENVIAMOS A TODO M\u00c9XICO<\/strong><\/p>\n<!-- AddThis Advanced Settings generic via filter on the_content --><!-- AddThis Share Buttons generic via filter on the_content -->","protected":false},"excerpt":{"rendered":"<p>P\u00c9NDULO DE \u00c1NGELES PARA PREGUNTAR Y TOMAR DECISIONES CON LA ENERG\u00cdA DE LOS \u00c1NGELES &nbsp; DIMENSI\u00d3N: 5CM DE ALTURA INCLUYE: GR\u00c1FICO DE PREGUNTAS ES UN INSTRUMENTO DE PERCEPCI\u00d3N. Es decir, nos permite acceder a los conocimientos fuera del alcance &#8220;normal&#8221;, que todos poseemos despertando el don de la CLARIVIDENCIA. Estos poderes son tremendamente superiores a&hellip;<!-- AddThis Advanced Settings generic via filter on get_the_excerpt --><!-- AddThis Share Buttons generic via filter on get_the_excerpt --><\/p>\n","protected":false},"featured_media":11258,"template":"","meta":[],"product_cat":[21],"product_tag":[1483,1482],"_links":{"self":[{"href":"https:\/\/www.bazarmerlin.com\/inicio\/wp-json\/wp\/v2\/product\/6057"}],"collection":[{"href":"https:\/\/www.bazarmerlin.com\/inicio\/wp-json\/wp\/v2\/product"}],"about":[{"href":"https:\/\/www.bazarmerlin.com\/inicio\/wp-json\/wp\/v2\/types\/product"}],"wp:featuredmedia":[{"embeddable":true,"href":"https:\/\/www.bazarmerlin.com\/inicio\/wp-json\/wp\/v2\/media\/11258"}],"wp:attachment":[{"href":"https:\/\/www.bazarmerlin.com\/inicio\/wp-json\/wp\/v2\/media?parent=6057"}],"wp:term":[{"taxonomy":"product_cat","embeddable":true,"href":"https:\/\/www.bazarmerlin.com\/inicio\/wp-json\/wp\/v2\/product_cat?post=6057"},{"taxonomy":"product_tag","embeddable":true,"href":"https:\/\/www.bazarmerlin.com\/inicio\/wp-json\/wp\/v2\/product_tag?post=6057"}],"curies":[{"name":"wp","href":"https:\/\/api.w.org\/{rel}","templated":true}]}}