{"id":6065,"date":"2015-10-29T19:32:19","date_gmt":"2015-10-29T19:32:19","guid":{"rendered":"https:\/\/www.bazarmerlin.com\/inicio\/?post_type=product&#038;p=6065"},"modified":"2022-11-12T00:52:24","modified_gmt":"2022-11-12T00:52:24","slug":"sensor-cosmico-en-plata-fina-925-2-6-cm-diametro","status":"publish","type":"product","link":"https:\/\/www.bazarmerlin.com\/inicio\/producto\/sensor-cosmico-en-plata-fina-925-2-6-cm-diametro\/","title":{"rendered":"Sensor Cosmico En Plata Fina .925 &#8211; 2.6 Cm Diametro"},"content":{"rendered":"<p><strong>Dije Del Sensor C\u00f3smico Pir\u00e1mide Plana<br \/>\nMEDALLON EN FINA PLATA LEY.925<\/strong><\/p>\n<p>&nbsp;<\/p>\n<p>Di\u00e1metro: 2.6 Cms.<br \/>\nForjado Y Tallado Totalmente A Mano.<\/p>\n<p>El talism\u00e1n sensor c\u00f3smico produce una sensaci\u00f3n de tranquilidad, relajaci\u00f3n y paz, ya que neutraliza la energ\u00eda negativa.<\/p>\n<p>El disco plano emite energ\u00eda de pir\u00e1mide, sus medidas, volumen o restricciones de alineamiento de una pir\u00e1mide convencional, el talism\u00e1n sensor c\u00f3smico es la pieza de joyer\u00eda jam\u00e1s inventada, adem\u00e1s produce un efecto positivo en el sistema energ\u00e9tico.<\/p>\n<p>Este poderoso dije esta bellamente hecho a mano en fina plata ley, para poderte garantizar verdaderos como m\u00e1gicos resultados en el instante que lo lleves al cuello, ya que ayudara a equilibrar tu energ\u00edas y chakras con el todo poderoso.<\/p>\n<p>Tener o portar este hermoso como poderoso amuleto ayuda en las inversiones financieras, amorosas, amistades, protecci\u00f3n y comunicaci\u00f3n divina con el todo poderoso.<\/p>\n<p>&nbsp;<\/p>\n<p>&nbsp;<\/p>\n<p><strong>BAZAR MERLIN<\/strong><br \/>\n<strong>El Lugar M\u00e1s M\u00edstico de Guadalajara<\/strong><br \/>\n<strong>ENVIAMOS A TODO M\u00c9XICO<\/strong><\/p>\n<!-- AddThis Advanced Settings generic via filter on the_content --><!-- AddThis Share Buttons generic via filter on the_content -->","protected":false},"excerpt":{"rendered":"<p>Dije Del Sensor C\u00f3smico Pir\u00e1mide Plana MEDALLON EN FINA PLATA LEY.925 &nbsp; Di\u00e1metro: 2.6 Cms. Forjado Y Tallado Totalmente A Mano. El talism\u00e1n sensor c\u00f3smico produce una sensaci\u00f3n de tranquilidad, relajaci\u00f3n y paz, ya que neutraliza la energ\u00eda negativa. El disco plano emite energ\u00eda de pir\u00e1mide, sus medidas, volumen o restricciones de alineamiento de una&hellip;<!-- AddThis Advanced Settings generic via filter on get_the_excerpt --><!-- AddThis Share Buttons generic via filter on get_the_excerpt --><\/p>\n","protected":false},"featured_media":10732,"template":"","meta":[],"product_cat":[12],"product_tag":[1484],"_links":{"self":[{"href":"https:\/\/www.bazarmerlin.com\/inicio\/wp-json\/wp\/v2\/product\/6065"}],"collection":[{"href":"https:\/\/www.bazarmerlin.com\/inicio\/wp-json\/wp\/v2\/product"}],"about":[{"href":"https:\/\/www.bazarmerlin.com\/inicio\/wp-json\/wp\/v2\/types\/product"}],"wp:featuredmedia":[{"embeddable":true,"href":"https:\/\/www.bazarmerlin.com\/inicio\/wp-json\/wp\/v2\/media\/10732"}],"wp:attachment":[{"href":"https:\/\/www.bazarmerlin.com\/inicio\/wp-json\/wp\/v2\/media?parent=6065"}],"wp:term":[{"taxonomy":"product_cat","embeddable":true,"href":"https:\/\/www.bazarmerlin.com\/inicio\/wp-json\/wp\/v2\/product_cat?post=6065"},{"taxonomy":"product_tag","embeddable":true,"href":"https:\/\/www.bazarmerlin.com\/inicio\/wp-json\/wp\/v2\/product_tag?post=6065"}],"curies":[{"name":"wp","href":"https:\/\/api.w.org\/{rel}","templated":true}]}}