{"id":6071,"date":"2015-10-31T18:02:10","date_gmt":"2015-10-31T18:02:10","guid":{"rendered":"https:\/\/www.bazarmerlin.com\/inicio\/?post_type=product&#038;p=6071"},"modified":"2022-10-28T22:33:31","modified_gmt":"2022-10-28T22:33:31","slug":"amuleto-de-los-7-arcangeles-para-cartera-o-billetera","status":"publish","type":"product","link":"https:\/\/www.bazarmerlin.com\/inicio\/producto\/amuleto-de-los-7-arcangeles-para-cartera-o-billetera\/","title":{"rendered":"Amuleto De Los 7 Arcangeles &#8211; Para Cartera O Billetera"},"content":{"rendered":"<p><strong>AMULETO DE LOS 7 ARC\u00c1NGELES &#8211; PARA CARTERA O BILLETERA<\/strong><\/p>\n<p>&nbsp;<\/p>\n<p>Es un billete plastificado para Cartera O Billetera como proteccion ya que tiene el poder de los 7 arc\u00e1ngeles lo puedes colocar en tu cartera o en tu casa&#8230;o regalarlo a alg\u00fan ser querido&#8230;<\/p>\n<p>ARC\u00c1NGEL MIGUEL: Significa \u201cEl que es como Dios\u201d. Su funci\u00f3n principal es la de eliminar el miedo de tu vida y es el Arc\u00e1ngel protector por excelencia. El arc\u00e1ngel Miguel es conocido como el l\u00edder de los ej\u00e9rcitos de \u00e1ngeles.<br \/>\nLos atributos del arc\u00e1ngel Miguel se refieren a su papel de justiciero, protector de los inocentes y juez de la maldad.Limpia espacios, pensamientos y energ\u00edas negativas. Supervisa el prop\u00f3sito de vida de cada persona ya que sabe qu\u00e9 rol viene tu alma a cumplir. Invoca a Arcangel Miguel cuando realices cambios importantes o necesarios en tu vida ya que te dar\u00e1 valent\u00eda, fuerza y confianza en ti mismo, adem\u00e1s de orientaci\u00f3n en cuanto a los pasos a seguir. A Arc\u00e1ngel Miguel le gusta comunicarse mucho a trav\u00e9s de los sue\u00f1os.Arcangel miguel es protector de toda maldad o energias negativas que pueda haber a tu alrededor.<\/p>\n<p>ARCANGEL RAFAEL: Su nombre significa \u201cEl que sana\u201d. Es el sanador supremo, su luz es verde esmeralda, te ayuda a crear un estilo de vida m\u00e1s saludable y te ense\u00f1a a autosanarte o a encontrar a alguien que te ayude con la sanaci\u00f3n que requieres. Te ayuda a encontrar si tu prop\u00f3sito de vida es ayudar a la sanaci\u00f3n de otros y a saber qu\u00e9 \u00e1reas de este ramo estudiar. Es el \u00e1ngel de los viajeros, de la Clarisensibilidad y patrono de las almas gemelas. Su nombre no solo se refiere a la salud del cuerpo, sino tambi\u00e9n a la salud del alma.<br \/>\nSan Rafael Arc\u00e1ngel tiene mucha compasi\u00f3n por todos los seres, especialmente las personas que tienen alg\u00fan mal f\u00edsico, mental, emocional o espiritual.<\/p>\n<p>ARCANGE GABRIEL: Su nombre significa \u201cMensajero de Dios\u201d. Arc\u00e1ngel Gabriel es el portador de la pureza y la ternura, es el ser espiritual que nos lleva al amor y al perd\u00f3n. Brinda consuelo a los d\u00e9biles y \u00e1vidos de amor. No trabaja solo, recibe la ayuda de Arcang\u00e9lica para propagar el cuarto rayo a la Tierra. Es el encargado de llevar a las almas hasta el cuerpo que ocuparan en la Tierra. Ser\u00e1 el que anunciar\u00e1 el fin de los tiempos. Lleva esperanza y gu\u00eda a la humanidad, representa a la chispa divina y al fuego sagrado del Se\u00f1or.<br \/>\nEs el que hace que la pureza y la bondad florezcan en el coraz\u00f3n de las personas, puede generar cambios dr\u00e1sticos en las personas, como hizo con Mahoma un simple comerciante \u00e1rabe. Impulsa la superaci\u00f3n y es el brazo de apoyo en los momentos dif\u00edciles. La llama blanca es la que nos inunda de fe, voluntad y purifica el cuerpo corporal, et\u00e9rico, sentimental y mental para llevarnos a la ascensi\u00f3n.<\/p>\n<p>ARCANGEL CHAMUEL: Su nombre significa \u201cEl que busca a Dios\u201d o tambien es conocido como el arcangel del amor. Ayuda a encontrar lo que se est\u00e1 buscando, incluyendo una relaci\u00f3n amorosa, ayuda tambi\u00e9n a encontrar una carrera o vocaci\u00f3n que mejor se adapte a tus pasiones, puedes pedirle tambi\u00e9n que te regrese a tu centro y recobres la paz. Te habla a trav\u00e9s de tu intuici\u00f3n, as\u00ed que cuando pidas su gu\u00eda, escucha a tu coraz\u00f3n en cada decisi\u00f3n.<br \/>\nSu labor es fomentar en los seres humanos la gratitud hacia Dios y el amor incondicional y desinteresado. Como el arc\u00e1ngel del amor, puedes pedir su ayuda y presencia si deseas integrar a tu vida sus virtudes dones y servicios.<br \/>\nEl amor, la compasi\u00f3n, la misericordia, la creatividad y el perd\u00f3n son todas virtudes relacionadas a este arc\u00e1ngel. Representa tambi\u00e9n el amor propio, pues es desde el ser de donde se invoca la ayuda del arc\u00e1ngel Chamuel.<br \/>\nPor ser una expresi\u00f3n del amor divino, el arc\u00e1ngel Chamuel te puede ayudar a prepararte para recibir al Esp\u00edritu Santo.<\/p>\n<p>ARCANGEL JOFIEL: Su nombre significa \u201cBelleza de Dios\u201d. Es el Arc\u00e1ngel que embellece tus pensamientos, emociones y tu espacio, te ayuda a ver belleza en todo y desarrollar una perspectiva y actitud positiva ante la vida. Pasa m\u00e1s tiempo al aire libre y en la naturaleza para tener contacto con Jofiel, te har\u00e1 disfrutar cada momento de la vida. Tambi\u00e9n te ayuda a elevar tu autoestima y seguridad en ti mismo y en tu futuro.<br \/>\nAl arc\u00e1ngel jofiel puedes invocarle para pedir sabidur\u00eda, iluminaci\u00f3n, comprensi\u00f3n, inspiraci\u00f3n, conocimiento, visi\u00f3n clara, conexi\u00f3n con tu Yo Superior. Jofiel le puede ayudar a comprender conceptos confusos y a proporcionarle conocimiento en momentos de duda. \u00c9l representa el conocimiento, la sabidur\u00eda divina y la iluminaci\u00f3n.<br \/>\nEl Arc\u00e1ngel Jofiel ilumina todas las funciones intelectuales (memoria, concentraci\u00f3n, capacidad para enfocarse, etc.). \u00c9l le ayuda a tomar decisiones inteligentes.<\/p>\n<p>ARCANGEL URIEL: Su nombre significa \u201cLuz de Dios\u201d. Es el Arc\u00e1ngel del Clariconocimiento. Gu\u00eda todas las ideas, ayuda con la atenci\u00f3n y concentraci\u00f3n. Llama a Uriel para generar nuevas ideas y soluciones, as\u00ed como para incrementar tu confianza en tu inteligencia y sabidur\u00eda.<br \/>\nEl Arcangel Uriel canaliza las energ\u00edas de la abundancia y es proveedor de gracias espirituales y terrenales. Ayuda a que se produzcan cambios r\u00e1pidos.<br \/>\nAtrae la buena suerte y la opulencia bien merecida. Se dice que S. Cayetano fue guiado por Uriel cuando estuvo enla Tierra.<\/p>\n<p>ARCANGEL ZADQUIEL: Su nombre significa \u201cJusticia de Dios\u201d. Nos ayuda a perdonar a los dem\u00e1s y a nosotros mismos. Es el Arc\u00e1ngel de la Clariaudiencia y quien te recuerda tu verdadera herencia como hijo de Dios. \u00c9l puede traer sanaci\u00f3n de manera milagrosa a trav\u00e9s de la liberaci\u00f3n. Ayuda a elevar tu autoestima y el sentimiento de que eres merecedor de la felicidad.<\/p>\n<p>Por ser la \u201cjusticia de Dios\u201d es tambi\u00e9n el \u00e1ngel de la benevolencia y la misericordia. Es el arc\u00e1ngel de la libertad, que le recuerda al ser humano que tiene libre albedr\u00edo para actuar y tomar decisiones propias. Al igual que Dios es infinitamente justo, Zadquiel representa la capacidad divina del perd\u00f3n.<br \/>\nEs el patr\u00f3n de todos aquellos que perdonan<\/p>\n<p>&nbsp;<\/p>\n<p>&nbsp;<\/p>\n<p><strong>BAZAR\u00a0<\/strong><b>MERL\u00cdN<\/b><br \/>\n<strong>El Lugar M\u00e1s M\u00edstico de Guadalajara<\/strong><br \/>\n<strong>ENVIAMOS A TODO M\u00c9XICO<\/strong><\/p>\n<!-- AddThis Advanced Settings generic via filter on the_content --><!-- AddThis Share Buttons generic via filter on the_content -->","protected":false},"excerpt":{"rendered":"<p>AMULETO DE LOS 7 ARC\u00c1NGELES &#8211; PARA CARTERA O BILLETERA &nbsp; Es un billete plastificado para Cartera O Billetera como proteccion ya que tiene el poder de los 7 arc\u00e1ngeles lo puedes colocar en tu cartera o en tu casa&#8230;o regalarlo a alg\u00fan ser querido&#8230; ARC\u00c1NGEL MIGUEL: Significa \u201cEl que es como Dios\u201d. Su funci\u00f3n&hellip;<!-- AddThis Advanced Settings generic via filter on get_the_excerpt --><!-- AddThis Share Buttons generic via filter on get_the_excerpt --><\/p>\n","protected":false},"featured_media":10591,"template":"","meta":[],"product_cat":[12],"product_tag":[1486,1487],"_links":{"self":[{"href":"https:\/\/www.bazarmerlin.com\/inicio\/wp-json\/wp\/v2\/product\/6071"}],"collection":[{"href":"https:\/\/www.bazarmerlin.com\/inicio\/wp-json\/wp\/v2\/product"}],"about":[{"href":"https:\/\/www.bazarmerlin.com\/inicio\/wp-json\/wp\/v2\/types\/product"}],"wp:featuredmedia":[{"embeddable":true,"href":"https:\/\/www.bazarmerlin.com\/inicio\/wp-json\/wp\/v2\/media\/10591"}],"wp:attachment":[{"href":"https:\/\/www.bazarmerlin.com\/inicio\/wp-json\/wp\/v2\/media?parent=6071"}],"wp:term":[{"taxonomy":"product_cat","embeddable":true,"href":"https:\/\/www.bazarmerlin.com\/inicio\/wp-json\/wp\/v2\/product_cat?post=6071"},{"taxonomy":"product_tag","embeddable":true,"href":"https:\/\/www.bazarmerlin.com\/inicio\/wp-json\/wp\/v2\/product_tag?post=6071"}],"curies":[{"name":"wp","href":"https:\/\/api.w.org\/{rel}","templated":true}]}}