{"id":6087,"date":"2015-11-03T20:52:39","date_gmt":"2015-11-03T20:52:39","guid":{"rendered":"https:\/\/www.bazarmerlin.com\/inicio\/?post_type=product&#038;p=6087"},"modified":"2022-12-02T21:57:51","modified_gmt":"2022-12-02T21:57:51","slug":"locion-angelical-proteccion-y-armonia-con-los-angeles","status":"publish","type":"product","link":"https:\/\/www.bazarmerlin.com\/inicio\/producto\/locion-angelical-proteccion-y-armonia-con-los-angeles\/","title":{"rendered":"Loci\u00f3n Angelical Protecci\u00f3n Y Armon\u00eda Con Los Angeles"},"content":{"rendered":"<p><strong>LOCI\u00d3N PROTECCI\u00d3N DE \u00c1NGELES<\/strong><\/p>\n<p>&nbsp;<\/p>\n<p>El poder de esta loci\u00f3n puede darte luz, armon\u00eda, protecci\u00f3n y abundancia.<\/p>\n<p>Aplica e invoca al ARCANGEL MIGUEL (El Principe del Cielo) con mucha fe, que te abra los caminos al estudio al trabajo, al dinero, etc.<\/p>\n<p>Esta loci\u00f3n es muy poderosa porque se consagra en las horas Ang\u00e9licas.<br \/>\nPARA ATRAER LA PROTECCI\u00d3N Y EL ABRIGO DE ESTOS SERES DIVINOS. El Divino Poder de los \u00c1ngeles, te brindar\u00e1 la protecci\u00f3n que t\u00fa y tu familia necesitan.<\/p>\n<p>&nbsp;<\/p>\n<p>&nbsp;<\/p>\n<p><strong>BAZAR\u00a0<\/strong><b>MERL\u00cdN<\/b><br \/>\n<strong>El Lugar M\u00e1s M\u00edstico de Guadalajara<\/strong><br \/>\n<strong>ENVIAMOS A TODO M\u00c9XICO&#8230;<\/strong><\/p>\n<!-- AddThis Advanced Settings generic via filter on the_content --><!-- AddThis Share Buttons generic via filter on the_content -->","protected":false},"excerpt":{"rendered":"<p>LOCI\u00d3N PROTECCI\u00d3N DE \u00c1NGELES &nbsp; El poder de esta loci\u00f3n puede darte luz, armon\u00eda, protecci\u00f3n y abundancia. Aplica e invoca al ARCANGEL MIGUEL (El Principe del Cielo) con mucha fe, que te abra los caminos al estudio al trabajo, al dinero, etc. Esta loci\u00f3n es muy poderosa porque se consagra en las horas Ang\u00e9licas. PARA&hellip;<!-- AddThis Advanced Settings generic via filter on get_the_excerpt --><!-- AddThis Share Buttons generic via filter on get_the_excerpt --><\/p>\n","protected":false},"featured_media":10944,"template":"","meta":[],"product_cat":[20],"product_tag":[1488],"_links":{"self":[{"href":"https:\/\/www.bazarmerlin.com\/inicio\/wp-json\/wp\/v2\/product\/6087"}],"collection":[{"href":"https:\/\/www.bazarmerlin.com\/inicio\/wp-json\/wp\/v2\/product"}],"about":[{"href":"https:\/\/www.bazarmerlin.com\/inicio\/wp-json\/wp\/v2\/types\/product"}],"wp:featuredmedia":[{"embeddable":true,"href":"https:\/\/www.bazarmerlin.com\/inicio\/wp-json\/wp\/v2\/media\/10944"}],"wp:attachment":[{"href":"https:\/\/www.bazarmerlin.com\/inicio\/wp-json\/wp\/v2\/media?parent=6087"}],"wp:term":[{"taxonomy":"product_cat","embeddable":true,"href":"https:\/\/www.bazarmerlin.com\/inicio\/wp-json\/wp\/v2\/product_cat?post=6087"},{"taxonomy":"product_tag","embeddable":true,"href":"https:\/\/www.bazarmerlin.com\/inicio\/wp-json\/wp\/v2\/product_tag?post=6087"}],"curies":[{"name":"wp","href":"https:\/\/api.w.org\/{rel}","templated":true}]}}