{"id":612,"date":"2015-06-30T19:10:31","date_gmt":"2015-06-30T19:10:31","guid":{"rendered":"https:\/\/www.bazarmerlin.com\/inicio\/?post_type=product&#038;p=612"},"modified":"2022-10-18T20:56:10","modified_gmt":"2022-10-18T20:56:10","slug":"baraja-gitana-incluye-libro-para-aprender","status":"publish","type":"product","link":"https:\/\/www.bazarmerlin.com\/inicio\/producto\/baraja-gitana-incluye-libro-para-aprender\/","title":{"rendered":"Baraja Gitana Incluye Libro Para Aprender"},"content":{"rendered":"<p><strong>LA BARAJA GITANA EL SUPREMO ARTE DE ECHAR LAS CARTAS.<\/strong><\/p>\n<p>&nbsp;<\/p>\n<p>Leer las cartas como todo un profesional con este gran kit (libro y cartas). Con este gran libro podr\u00e1s leer r\u00e1pido y f\u00e1cil La baraja gitana de manera sencilla.<\/p>\n<p>Tambi\u00e9n viene su baraja gitana de 48 cartas impresa en alta definici\u00f3n cada carta tiene su significado, muy sencillo de interpretar.<\/p>\n<p>\u00a1Aprovecha esta gran promoci\u00f3n!<\/p>\n<p>&nbsp;<\/p>\n<p>&nbsp;<\/p>\n<p><strong>BAZAR\u00a0<\/strong><b>MERL\u00cdN<\/b><br \/>\n<strong>El Lugar M\u00e1s M\u00edstico de Guadalajara<\/strong><br \/>\n<strong>ENVIAMOS A TODO M\u00c9XICO<\/strong><\/p>\n<!-- AddThis Advanced Settings generic via filter on the_content --><!-- AddThis Share Buttons generic via filter on the_content -->","protected":false},"excerpt":{"rendered":"<p>LA BARAJA GITANA EL SUPREMO ARTE DE ECHAR LAS CARTAS. &nbsp; Leer las cartas como todo un profesional con este gran kit (libro y cartas). Con este gran libro podr\u00e1s leer r\u00e1pido y f\u00e1cil La baraja gitana de manera sencilla. Tambi\u00e9n viene su baraja gitana de 48 cartas impresa en alta definici\u00f3n cada carta tiene&hellip;<!-- AddThis Advanced Settings generic via filter on get_the_excerpt --><!-- AddThis Share Buttons generic via filter on get_the_excerpt --><\/p>\n","protected":false},"featured_media":10391,"template":"","meta":[],"product_cat":[15],"product_tag":[604],"_links":{"self":[{"href":"https:\/\/www.bazarmerlin.com\/inicio\/wp-json\/wp\/v2\/product\/612"}],"collection":[{"href":"https:\/\/www.bazarmerlin.com\/inicio\/wp-json\/wp\/v2\/product"}],"about":[{"href":"https:\/\/www.bazarmerlin.com\/inicio\/wp-json\/wp\/v2\/types\/product"}],"wp:featuredmedia":[{"embeddable":true,"href":"https:\/\/www.bazarmerlin.com\/inicio\/wp-json\/wp\/v2\/media\/10391"}],"wp:attachment":[{"href":"https:\/\/www.bazarmerlin.com\/inicio\/wp-json\/wp\/v2\/media?parent=612"}],"wp:term":[{"taxonomy":"product_cat","embeddable":true,"href":"https:\/\/www.bazarmerlin.com\/inicio\/wp-json\/wp\/v2\/product_cat?post=612"},{"taxonomy":"product_tag","embeddable":true,"href":"https:\/\/www.bazarmerlin.com\/inicio\/wp-json\/wp\/v2\/product_tag?post=612"}],"curies":[{"name":"wp","href":"https:\/\/api.w.org\/{rel}","templated":true}]}}