{"id":6159,"date":"2015-11-27T19:32:06","date_gmt":"2015-11-27T19:32:06","guid":{"rendered":"https:\/\/www.bazarmerlin.com\/inicio\/?post_type=product&#038;p=6159"},"modified":"2023-01-05T00:49:46","modified_gmt":"2023-01-05T00:49:46","slug":"curacion-con-simbolos-y-agua","status":"publish","type":"product","link":"https:\/\/www.bazarmerlin.com\/inicio\/producto\/curacion-con-simbolos-y-agua\/","title":{"rendered":"Curaci\u00f3n Con S\u00edmbolos Y Agua"},"content":{"rendered":"<p><strong>CURACI\u00d3N CON S\u00cdMBOLOS Y AGUA<\/strong><\/p>\n<p>&nbsp;<\/p>\n<p>Curaci\u00f3n con s\u00edmbolos y agua Un m\u00e9todo de autosanaci\u00f3n llegado al hombre moderno de antiguas culturas Las ondas son unos de los aspectos que m\u00e1s caracterizan y determinan el estado de la materia y, por tanto, tambi\u00e9n, el es- tado de nuestro cuerpo. Desde tiempos remotos se han utilizado los s\u00edmbolos para la sanaci\u00f3n, como ha que- dado plasmado en las pinturas de los abor\u00ed genes, de los indios de Am\u00e9rica y en la mo- mia de \u00d6tzi, encontrada en los Alpes.<\/p>\n<p>Hoy d\u00eda los cient\u00edficos han comprobado que su efecto sanador es debido a que los s\u00edmbo- los pueden cambiar la informaci\u00f3n de las ondas. Los s\u00edmbolos han sido utilizados con este prop\u00f3sito, bien pint\u00e1ndolos sobre el cuer- po, o bien creando remedios homeop\u00e1ticos personalizados a partir de un vaso de agua. Se aplican sobre personas, animales, plan- tas, el h\u00e1bitat y, probablemente, en mu- chos otros \u00e1mbitos.<\/p>\n<p>Este libro es una invitaci\u00f3n al descubri- miento de un nuevo m\u00e9todo de sanaci\u00f3n ba- sado en la modificaci\u00f3n de la informaci\u00f3n de las ondas a trav\u00e9s de s\u00edmbolos y su apli- caci\u00f3n sobre el agua transform\u00e1ndolo en un remedio homeop\u00e1tico. Participa en este milagro de la naturaleza y te sorprender\u00e1s.<\/p>\n<p>&nbsp;<\/p>\n<p>&nbsp;<\/p>\n<p><strong>BAZAR MERL\u00cdN\u00ae<\/strong><br \/>\n<strong>El Lugar M\u00e1s M\u00edstico de Guadalajara<\/strong><br \/>\n<strong>ENVIAMOS A TODO M\u00c9XICO<\/strong><\/p>\n<!-- AddThis Advanced Settings generic via filter on the_content --><!-- AddThis Share Buttons generic via filter on the_content -->","protected":false},"excerpt":{"rendered":"<p>CURACI\u00d3N CON S\u00cdMBOLOS Y AGUA &nbsp; Curaci\u00f3n con s\u00edmbolos y agua Un m\u00e9todo de autosanaci\u00f3n llegado al hombre moderno de antiguas culturas Las ondas son unos de los aspectos que m\u00e1s caracterizan y determinan el estado de la materia y, por tanto, tambi\u00e9n, el es- tado de nuestro cuerpo. Desde tiempos remotos se han utilizado&hellip;<!-- AddThis Advanced Settings generic via filter on get_the_excerpt --><!-- AddThis Share Buttons generic via filter on get_the_excerpt --><\/p>\n","protected":false},"featured_media":11372,"template":"","meta":[],"product_cat":[16],"product_tag":[1492],"_links":{"self":[{"href":"https:\/\/www.bazarmerlin.com\/inicio\/wp-json\/wp\/v2\/product\/6159"}],"collection":[{"href":"https:\/\/www.bazarmerlin.com\/inicio\/wp-json\/wp\/v2\/product"}],"about":[{"href":"https:\/\/www.bazarmerlin.com\/inicio\/wp-json\/wp\/v2\/types\/product"}],"wp:featuredmedia":[{"embeddable":true,"href":"https:\/\/www.bazarmerlin.com\/inicio\/wp-json\/wp\/v2\/media\/11372"}],"wp:attachment":[{"href":"https:\/\/www.bazarmerlin.com\/inicio\/wp-json\/wp\/v2\/media?parent=6159"}],"wp:term":[{"taxonomy":"product_cat","embeddable":true,"href":"https:\/\/www.bazarmerlin.com\/inicio\/wp-json\/wp\/v2\/product_cat?post=6159"},{"taxonomy":"product_tag","embeddable":true,"href":"https:\/\/www.bazarmerlin.com\/inicio\/wp-json\/wp\/v2\/product_tag?post=6159"}],"curies":[{"name":"wp","href":"https:\/\/api.w.org\/{rel}","templated":true}]}}