{"id":6187,"date":"2015-12-04T20:51:19","date_gmt":"2015-12-04T20:51:19","guid":{"rendered":"https:\/\/www.bazarmerlin.com\/inicio\/?post_type=product&#038;p=6187"},"modified":"2023-01-03T22:47:57","modified_gmt":"2023-01-03T22:47:57","slug":"cuarzo-jade-verde-por-kilo-importado-de-brasil","status":"publish","type":"product","link":"https:\/\/www.bazarmerlin.com\/inicio\/producto\/cuarzo-jade-verde-por-kilo-importado-de-brasil\/","title":{"rendered":"Cuarzo Jade Verde Por Kilo &#8211; Importado De Brasil"},"content":{"rendered":"<p><strong>CUARZO JADE VERDE POR KILO IMPORTADO DE BRASIL<\/strong><\/p>\n<p>&nbsp;<\/p>\n<p>Es tambi\u00e9n conocida como &#8220;Piedra de la Humildad&#8221;, representando satisfacci\u00f3n, desinter\u00e9s, objetividad, amor, paz, la armon\u00eda y el equilibrio&#8230;. Da suerte en los negocios como juegos de AZAR, Abre caminos al \u00e9xito y la prosperidad por su color verde ayuda a que sea un im\u00e1n al \u00e9xito y la fortuna.<\/p>\n<p>Emple\u00e1ndola para la meditaci\u00f3n, tenemos la posibilidad de descubrir nuestros errores del pasado y as\u00ed progresar en nuestro actual presente hacia un mejor futuro. Esta piedra posee una vibraci\u00f3n capaz de balancear la parte emocional con la parte intelectual. Act\u00faa tambi\u00e9n, como un importante estimulante de las emociones, penetrando en los sentimientos de las personas y ayud\u00e1ndola a descubrir su karma.<\/p>\n<p>&nbsp;<\/p>\n<p>&nbsp;<\/p>\n<p><strong>BAZAR MERLIN<\/strong><br \/>\n<strong>El Lugar M\u00e1s M\u00edstico de Guadalajara<\/strong><br \/>\n<strong>ENVIAMOS A TODO M\u00c9XICO<\/strong><\/p>\n<!-- AddThis Advanced Settings generic via filter on the_content --><!-- AddThis Share Buttons generic via filter on the_content -->","protected":false},"excerpt":{"rendered":"<p>CUARZO JADE VERDE POR KILO IMPORTADO DE BRASIL &nbsp; Es tambi\u00e9n conocida como &#8220;Piedra de la Humildad&#8221;, representando satisfacci\u00f3n, desinter\u00e9s, objetividad, amor, paz, la armon\u00eda y el equilibrio&#8230;. Da suerte en los negocios como juegos de AZAR, Abre caminos al \u00e9xito y la prosperidad por su color verde ayuda a que sea un im\u00e1n al&hellip;<!-- AddThis Advanced Settings generic via filter on get_the_excerpt --><!-- AddThis Share Buttons generic via filter on get_the_excerpt --><\/p>\n","protected":false},"featured_media":11330,"template":"","meta":[],"product_cat":[11],"product_tag":[1497,705],"_links":{"self":[{"href":"https:\/\/www.bazarmerlin.com\/inicio\/wp-json\/wp\/v2\/product\/6187"}],"collection":[{"href":"https:\/\/www.bazarmerlin.com\/inicio\/wp-json\/wp\/v2\/product"}],"about":[{"href":"https:\/\/www.bazarmerlin.com\/inicio\/wp-json\/wp\/v2\/types\/product"}],"wp:featuredmedia":[{"embeddable":true,"href":"https:\/\/www.bazarmerlin.com\/inicio\/wp-json\/wp\/v2\/media\/11330"}],"wp:attachment":[{"href":"https:\/\/www.bazarmerlin.com\/inicio\/wp-json\/wp\/v2\/media?parent=6187"}],"wp:term":[{"taxonomy":"product_cat","embeddable":true,"href":"https:\/\/www.bazarmerlin.com\/inicio\/wp-json\/wp\/v2\/product_cat?post=6187"},{"taxonomy":"product_tag","embeddable":true,"href":"https:\/\/www.bazarmerlin.com\/inicio\/wp-json\/wp\/v2\/product_tag?post=6187"}],"curies":[{"name":"wp","href":"https:\/\/api.w.org\/{rel}","templated":true}]}}