{"id":6193,"date":"2015-12-04T20:54:07","date_gmt":"2015-12-04T20:54:07","guid":{"rendered":"https:\/\/www.bazarmerlin.com\/inicio\/?post_type=product&#038;p=6193"},"modified":"2023-01-03T22:13:18","modified_gmt":"2023-01-03T22:13:18","slug":"cuarzo-blanco-o-transparente-por-kilo-mejor-calidad","status":"publish","type":"product","link":"https:\/\/www.bazarmerlin.com\/inicio\/producto\/cuarzo-blanco-o-transparente-por-kilo-mejor-calidad\/","title":{"rendered":"Cuarzo Blanco O Transparente Por Kilo &#8211; Mejor Calidad"},"content":{"rendered":"<p><strong>Cuarzo Roca Mezclado Blanco O Trasparente<\/strong><br \/>\n<strong>1 Kg De Cuarzo Roca Blanco\/Trasparente Importado<\/strong><\/p>\n<p>&nbsp;<\/p>\n<p>El cuarzo es el sanador y amplificador de energ\u00eda m\u00e1s poderoso del planeta, absorbe, almacena, libera y regula la energ\u00eda y es excelente para desbloquearla. Lleva la energ\u00eda al estado m\u00e1s perfecto posible. Espiritualmente eleva la energ\u00eda al nivel m\u00e1s elevado posible y opera a todos los niveles del ser.<\/p>\n<p>Usado en meditaci\u00f3n, el cuarzo filtra de las distracciones y, a nivel mental, favorece la concentraci\u00f3n y activa la memoria. El cuarzo es un maestro y puede usarse para cualquier dolor a la vez que armoniza todos los chacras del cuerpo.<\/p>\n<p>CALIDAD DE IMPORTACI\u00d3N<\/p>\n<p>&nbsp;<\/p>\n<p>&nbsp;<\/p>\n<p>&nbsp;<\/p>\n<p><strong>BAZAR MERLIN\u00ae<\/strong><br \/>\n<strong>El Lugar M\u00e1s M\u00edstico de Guadalajara<\/strong><br \/>\n<strong>ENVIAMOS A TODO M\u00c9XICO<\/strong><\/p>\n<!-- AddThis Advanced Settings generic via filter on the_content --><!-- AddThis Share Buttons generic via filter on the_content -->","protected":false},"excerpt":{"rendered":"<p>Cuarzo Roca Mezclado Blanco O Trasparente 1 Kg De Cuarzo Roca Blanco\/Trasparente Importado &nbsp; El cuarzo es el sanador y amplificador de energ\u00eda m\u00e1s poderoso del planeta, absorbe, almacena, libera y regula la energ\u00eda y es excelente para desbloquearla. Lleva la energ\u00eda al estado m\u00e1s perfecto posible. Espiritualmente eleva la energ\u00eda al nivel m\u00e1s elevado&hellip;<!-- AddThis Advanced Settings generic via filter on get_the_excerpt --><!-- AddThis Share Buttons generic via filter on get_the_excerpt --><\/p>\n","protected":false},"featured_media":11327,"template":"","meta":[],"product_cat":[11],"product_tag":[1499,1500],"_links":{"self":[{"href":"https:\/\/www.bazarmerlin.com\/inicio\/wp-json\/wp\/v2\/product\/6193"}],"collection":[{"href":"https:\/\/www.bazarmerlin.com\/inicio\/wp-json\/wp\/v2\/product"}],"about":[{"href":"https:\/\/www.bazarmerlin.com\/inicio\/wp-json\/wp\/v2\/types\/product"}],"wp:featuredmedia":[{"embeddable":true,"href":"https:\/\/www.bazarmerlin.com\/inicio\/wp-json\/wp\/v2\/media\/11327"}],"wp:attachment":[{"href":"https:\/\/www.bazarmerlin.com\/inicio\/wp-json\/wp\/v2\/media?parent=6193"}],"wp:term":[{"taxonomy":"product_cat","embeddable":true,"href":"https:\/\/www.bazarmerlin.com\/inicio\/wp-json\/wp\/v2\/product_cat?post=6193"},{"taxonomy":"product_tag","embeddable":true,"href":"https:\/\/www.bazarmerlin.com\/inicio\/wp-json\/wp\/v2\/product_tag?post=6193"}],"curies":[{"name":"wp","href":"https:\/\/api.w.org\/{rel}","templated":true}]}}