{"id":6199,"date":"2015-12-05T17:40:35","date_gmt":"2015-12-05T17:40:35","guid":{"rendered":"https:\/\/www.bazarmerlin.com\/inicio\/?post_type=product&#038;p=6199"},"modified":"2022-10-21T20:55:16","modified_gmt":"2022-10-21T20:55:16","slug":"runas-de-cuarzo-blanco-con-libro-y-bolsa-de-tela","status":"publish","type":"product","link":"https:\/\/www.bazarmerlin.com\/inicio\/producto\/runas-de-cuarzo-blanco-con-libro-y-bolsa-de-tela\/","title":{"rendered":"Runas De Cuarzo Blanco &#8211; Con Libro Y Bolsa De Tela"},"content":{"rendered":"<p><strong>RUNAS DE CUARZO BLANCO<\/strong><br \/>\n<strong>CON LIBRO Y BOLSA DE TELA<\/strong><br \/>\n<em><strong>25 RUNAS HECHAS EN CUARZO Y GRABADAS A MANO,<\/strong><\/em><\/p>\n<p>&nbsp;<\/p>\n<p>El kit incluye 25 runas hermosamente grabadas en CUARZO, un libro para aprender a leerlas y un morral artesanal para guardarlas.<\/p>\n<p>Las runas son uno de los sistemas de adivinaci\u00f3n m\u00e1s antiguos. Pero m\u00e1s que un or\u00e1culo, constituyen toda una gu\u00eda de vida. Al aprender a consultarlas se abrir\u00e1 ante ti un tesoro de clarividencia, una forma de recibir ayuda para tomar decisiones, concretar proyectos, salir de situaciones dif\u00edciles, e incluso para encontrar y conservar el amor.<\/p>\n<p>En el libro encontrar\u00e1s todo lo que necesitas saber para adentrarte en el mundo profundo y fascinante de la adivinaci\u00f3n r\u00fanica, el milenario arte n\u00f3rdico de conocer tu presente y saber qu\u00e9 hacer con tus circunstancias actuales para sacarles el mayor provecho posible. Se convertir\u00e1n as\u00ed en un amigo sabio que no lo dudes siempre te dir\u00e1n que hacer.<\/p>\n<p>&nbsp;<\/p>\n<p>&nbsp;<\/p>\n<p><strong>BAZAR MERL\u00cdN<\/strong><br \/>\n<strong>El Lugar M\u00e1s M\u00edstico de Guadalajara<\/strong><br \/>\n<strong>ENVIAMOS A TODO M\u00c9XICO&#8230;<\/strong><\/p>\n<!-- AddThis Advanced Settings generic via filter on the_content --><!-- AddThis Share Buttons generic via filter on the_content -->","protected":false},"excerpt":{"rendered":"<p>RUNAS DE CUARZO BLANCO CON LIBRO Y BOLSA DE TELA 25 RUNAS HECHAS EN CUARZO Y GRABADAS A MANO, &nbsp; El kit incluye 25 runas hermosamente grabadas en CUARZO, un libro para aprender a leerlas y un morral artesanal para guardarlas. Las runas son uno de los sistemas de adivinaci\u00f3n m\u00e1s antiguos. Pero m\u00e1s que&hellip;<!-- AddThis Advanced Settings generic via filter on get_the_excerpt --><!-- AddThis Share Buttons generic via filter on get_the_excerpt --><\/p>\n","protected":false},"featured_media":10478,"template":"","meta":[],"product_cat":[15],"product_tag":[1502,1503],"_links":{"self":[{"href":"https:\/\/www.bazarmerlin.com\/inicio\/wp-json\/wp\/v2\/product\/6199"}],"collection":[{"href":"https:\/\/www.bazarmerlin.com\/inicio\/wp-json\/wp\/v2\/product"}],"about":[{"href":"https:\/\/www.bazarmerlin.com\/inicio\/wp-json\/wp\/v2\/types\/product"}],"wp:featuredmedia":[{"embeddable":true,"href":"https:\/\/www.bazarmerlin.com\/inicio\/wp-json\/wp\/v2\/media\/10478"}],"wp:attachment":[{"href":"https:\/\/www.bazarmerlin.com\/inicio\/wp-json\/wp\/v2\/media?parent=6199"}],"wp:term":[{"taxonomy":"product_cat","embeddable":true,"href":"https:\/\/www.bazarmerlin.com\/inicio\/wp-json\/wp\/v2\/product_cat?post=6199"},{"taxonomy":"product_tag","embeddable":true,"href":"https:\/\/www.bazarmerlin.com\/inicio\/wp-json\/wp\/v2\/product_tag?post=6199"}],"curies":[{"name":"wp","href":"https:\/\/api.w.org\/{rel}","templated":true}]}}