{"id":6220,"date":"2015-12-08T20:19:09","date_gmt":"2015-12-08T20:19:09","guid":{"rendered":"https:\/\/www.bazarmerlin.com\/inicio\/?post_type=product&#038;p=6220"},"modified":"2022-11-01T00:27:53","modified_gmt":"2022-11-01T00:27:53","slug":"talisman-cho-ku-rei-en-plata-925","status":"publish","type":"product","link":"https:\/\/www.bazarmerlin.com\/inicio\/producto\/talisman-cho-ku-rei-en-plata-925\/","title":{"rendered":"Cho Ku Rei &#8211; Simbolo Reiki &#8211; En Plata .925"},"content":{"rendered":"<p><strong>DIJE CHO KU REI<\/strong><br \/>\n<strong>En fin\u00edsima plata.<\/strong><\/p>\n<p>&nbsp;<\/p>\n<p>Con una Medida de 3.5 Cm de Altura<br \/>\n( Contando el Pasacadena )<\/p>\n<p>Para Reiki Meditaci\u00f3n Y Yoga.<\/p>\n<p>CHOKUREI es uno de los tres s\u00edmbolos principales utilizados en el sistema de reiki usui. Este signo act\u00faa en la dimensi\u00f3n f\u00edsica de los seres y, como todo s\u00edmbolo reiki, trazarlo tiene la finalidad de conectar con el inconsciente del paciente para, seguidamente, restablecer el organismo a su estado original.<\/p>\n<p>Expresado de otra manera: El significado de chokurei como s\u00edmbolo de energ\u00eda es provocar cambios que se traduzcan en restituciones org\u00e1nicas paulatinas para, finalmente, conseguir la sanaci\u00f3n del individuo.<\/p>\n<p>Al actuar en el plano f\u00edsico, su uso se extiende no solo a las enfermedades que pudiesen estar padeciendo los pacientes sino que se ampl\u00eda a traumatismos que hayan podido sufrir tales personas. Concretamente, y a pesar de que existen muchas otras utilidades, destacamos a continuaci\u00f3n los siguientes usos del s\u00edmbolo:<\/p>\n<p>1.- Aliviar dolores por traumatismos.<br \/>\n2.- Ampliar la capacidad de concentraci\u00f3n, de \u201cconectarse a la tierra\u201d.<br \/>\n3.- Mejorar el poder de nuestras habilidades de sanaci\u00f3n. De hecho, los maestros reiki recomiendan su uso como un interruptor en este sentido.<br \/>\n4.- Amplificar el poder de los restantes s\u00edmbolos que se utilizan en la sesi\u00f3n.<br \/>\nNo obstante, su uso no solo se limita a la dimensi\u00f3n f\u00edsica individual sino tambi\u00e9n en el espacio que rodea a la persona y por ello:<br \/>\n5.- Se puede usar este s\u00edmbolo de poder para trazar un espacio alrededor del receptor y frenar la interacci\u00f3n de energ\u00edas negativas sobre \u00e9l.<br \/>\n6.- Se puede usar choku rei para limpiar una habitaci\u00f3n de energ\u00edas negativas, dibujando o visualizando el s\u00edmbolo en puertas, ventajas, esquinas, techo y suelo.<br \/>\n7.- Limpiar cristales y otros objetivos de energ\u00edas negativas.<br \/>\n8.- Ptoteger a mi familia, mi casa y mis objetos valorados.<br \/>\nSignificado de Cho ku rei:<\/p>\n<p>Choku rei, o \u201cS\u00edmbolo de la energ\u00eda\u201d, fue introducido por Hawayo Takata en los a\u00f1os 30 en Estados Unidos. Tambi\u00e9n se le denomina \u201cinterruptor\u201d porque abre el paso al flujo de la energ\u00eda, utiliz\u00e1ndose al principio y final de cada sesi\u00f3n de reiki, presencial o a distancia, que estemos aplicando al paciente.<\/p>\n<p>La Frase Cho-ku-rei hace referencia a una orden imperial, aunque hay quien lo tradujo como \u201cEl poder est\u00e1 aqu\u00ed\u201d. El uso pr\u00e1ctico de esta traducci\u00f3n est\u00e1 en que si queremos focalizar la energ\u00eda en un punto determinado del paciente, trazamos el s\u00edmbolo ah\u00ed y despu\u00e9s aplicamos el tratamiento reiki sobre \u00e9l.<\/p>\n<p>Este s\u00edmbolo de sanaci\u00f3n se aprende en segundo nivel. Cho ku rei se puede dibujar con el dedo coraz\u00f3n o con la palma de la mano. Incluso se puede visualizar mentalmente.<\/p>\n<p>&nbsp;<\/p>\n<p>&nbsp;<\/p>\n<p><strong>BAZAR MERLIN<\/strong><br \/>\n<strong>El Lugar M\u00e1s M\u00edstico de Guadalajara<\/strong><br \/>\n<strong>ENVIAMOS A TODO M\u00c9XICO<\/strong><\/p>\n<!-- AddThis Advanced Settings generic via filter on the_content --><!-- AddThis Share Buttons generic via filter on the_content -->","protected":false},"excerpt":{"rendered":"<p>DIJE CHO KU REI En fin\u00edsima plata. &nbsp; Con una Medida de 3.5 Cm de Altura ( Contando el Pasacadena ) Para Reiki Meditaci\u00f3n Y Yoga. CHOKUREI es uno de los tres s\u00edmbolos principales utilizados en el sistema de reiki usui. Este signo act\u00faa en la dimensi\u00f3n f\u00edsica de los seres y, como todo s\u00edmbolo&hellip;<!-- AddThis Advanced Settings generic via filter on get_the_excerpt --><!-- AddThis Share Buttons generic via filter on get_the_excerpt --><\/p>\n","protected":false},"featured_media":10602,"template":"","meta":[],"product_cat":[12],"product_tag":[1506,464,1507],"_links":{"self":[{"href":"https:\/\/www.bazarmerlin.com\/inicio\/wp-json\/wp\/v2\/product\/6220"}],"collection":[{"href":"https:\/\/www.bazarmerlin.com\/inicio\/wp-json\/wp\/v2\/product"}],"about":[{"href":"https:\/\/www.bazarmerlin.com\/inicio\/wp-json\/wp\/v2\/types\/product"}],"wp:featuredmedia":[{"embeddable":true,"href":"https:\/\/www.bazarmerlin.com\/inicio\/wp-json\/wp\/v2\/media\/10602"}],"wp:attachment":[{"href":"https:\/\/www.bazarmerlin.com\/inicio\/wp-json\/wp\/v2\/media?parent=6220"}],"wp:term":[{"taxonomy":"product_cat","embeddable":true,"href":"https:\/\/www.bazarmerlin.com\/inicio\/wp-json\/wp\/v2\/product_cat?post=6220"},{"taxonomy":"product_tag","embeddable":true,"href":"https:\/\/www.bazarmerlin.com\/inicio\/wp-json\/wp\/v2\/product_tag?post=6220"}],"curies":[{"name":"wp","href":"https:\/\/api.w.org\/{rel}","templated":true}]}}