{"id":6238,"date":"2015-12-11T01:42:51","date_gmt":"2015-12-11T01:42:51","guid":{"rendered":"https:\/\/www.bazarmerlin.com\/inicio\/?post_type=product&#038;p=6238"},"modified":"2022-11-02T00:09:43","modified_gmt":"2022-11-02T00:09:43","slug":"tarot-espejo-del-alma-aleister-crowley-78-cartas-y-libro","status":"publish","type":"product","link":"https:\/\/www.bazarmerlin.com\/inicio\/producto\/tarot-espejo-del-alma-aleister-crowley-78-cartas-y-libro\/","title":{"rendered":"Tarot Espejo Del Alma &#8211; Aleister Crowley &#8211; 78 Cartas Y Libro"},"content":{"rendered":"<p><strong>TAROT ESPEJO DEL ALMA<\/strong><\/p>\n<p>Autor: Aleister Crowley<br \/>\n78 Cartas Y Libro<\/p>\n<p>Al igual que empleamos un espejo para observar nuestra apariencia externa, las cartas del tarot se emplean para reflejar nuestro ser interno. Esta obra te ayudar\u00e1 a realizar este viaje de autodescubrimiento y de conocimiento interior. Tarot, el espejo del alma est\u00e1 dise\u00f1ado para que cualquier persona sin conocimientos previos pueda emplear por s\u00ed misma el tarot.<\/p>\n<p>Ense\u00f1a a utilizar las cartas, a interpretar sus im\u00e1genes y s\u00edmbolos y a conectar con la sabidur\u00eda interior que todos poseemos, actuando como gu\u00eda ante las situaciones cotidianas o cuando hay que tomar decisiones dif\u00edciles. Tarot, el espejo del alma est\u00e1 especialmente dise\u00f1ado para: expandir y entrenar tu intuici\u00f3n; comprender d\u00f3nde est\u00e1s y a d\u00f3nde te diriges; conectar con tu gu\u00eda interno y descubrir tu destino; orientarte en cualquier decisi\u00f3n; clarificar tus relaciones afectivas; meditar y realizar un proceso de autoconocimiento<\/p>\n<p>Estuche con libro de 224 p\u00e1ginas y las 78 cartas del Tarot de Aleister Crowley.<\/p>\n<p>&nbsp;<\/p>\n<p>&nbsp;<\/p>\n<p><strong>BAZAR MERL\u00cdN\u00ae<\/strong><br \/>\n<strong>El Lugar M\u00e1s M\u00edstico de Guadalajara<\/strong><br \/>\n<strong>ENVIAMOS A TODO M\u00c9XICO<\/strong><\/p>\n<!-- AddThis Advanced Settings generic via filter on the_content --><!-- AddThis Share Buttons generic via filter on the_content -->","protected":false},"excerpt":{"rendered":"<p>TAROT ESPEJO DEL ALMA Autor: Aleister Crowley 78 Cartas Y Libro Al igual que empleamos un espejo para observar nuestra apariencia externa, las cartas del tarot se emplean para reflejar nuestro ser interno. Esta obra te ayudar\u00e1 a realizar este viaje de autodescubrimiento y de conocimiento interior. Tarot, el espejo del alma est\u00e1 dise\u00f1ado para&hellip;<!-- AddThis Advanced Settings generic via filter on get_the_excerpt --><!-- AddThis Share Buttons generic via filter on get_the_excerpt --><\/p>\n","protected":false},"featured_media":10546,"template":"","meta":[],"product_cat":[15],"product_tag":[155,1508],"_links":{"self":[{"href":"https:\/\/www.bazarmerlin.com\/inicio\/wp-json\/wp\/v2\/product\/6238"}],"collection":[{"href":"https:\/\/www.bazarmerlin.com\/inicio\/wp-json\/wp\/v2\/product"}],"about":[{"href":"https:\/\/www.bazarmerlin.com\/inicio\/wp-json\/wp\/v2\/types\/product"}],"wp:featuredmedia":[{"embeddable":true,"href":"https:\/\/www.bazarmerlin.com\/inicio\/wp-json\/wp\/v2\/media\/10546"}],"wp:attachment":[{"href":"https:\/\/www.bazarmerlin.com\/inicio\/wp-json\/wp\/v2\/media?parent=6238"}],"wp:term":[{"taxonomy":"product_cat","embeddable":true,"href":"https:\/\/www.bazarmerlin.com\/inicio\/wp-json\/wp\/v2\/product_cat?post=6238"},{"taxonomy":"product_tag","embeddable":true,"href":"https:\/\/www.bazarmerlin.com\/inicio\/wp-json\/wp\/v2\/product_tag?post=6238"}],"curies":[{"name":"wp","href":"https:\/\/api.w.org\/{rel}","templated":true}]}}