{"id":6263,"date":"2015-12-19T19:02:29","date_gmt":"2015-12-19T19:02:29","guid":{"rendered":"https:\/\/www.bazarmerlin.com\/inicio\/?post_type=product&#038;p=6263"},"modified":"2022-10-24T21:43:55","modified_gmt":"2022-10-24T21:43:55","slug":"tarot-de-yemaya-incluye-libro-y-30-cartas","status":"publish","type":"product","link":"https:\/\/www.bazarmerlin.com\/inicio\/producto\/tarot-de-yemaya-incluye-libro-y-30-cartas\/","title":{"rendered":"Tarot De Yemaya &#8211; Incluye Libro Y 30 Cartas"},"content":{"rendered":"<p><strong>TAROT DE YEMAYA<\/strong><\/p>\n<p>&nbsp;<\/p>\n<p>INCLUYE 30 CARTAS (8X13 cms) Y LIBRO<\/p>\n<p>Yemay\u00e1 es Orisha mayor madre de la vida y de &#8216;todos los santos, due\u00f1a de las aguas. El tarot de Yemay\u00e1 supone un acercamiento a una de las pr\u00e1cticas m\u00e1s antiguas: el espiritismo.<\/p>\n<p>La santer\u00eda afrocubana muestra en este libro su realidad y ofrece al lector la posibilidad de adentrarse en el significado de cada uno de sus s\u00edmbolos, el modo correcto de tirar las cartas y las oraciones que componen el ritual que envuelve una consulta de tarot.<\/p>\n<p>S\u00f3lo mediante el conocimiento y entendimiento de los naipes debidamente consagrados obtenemos las respuestas de los Egg\u00fan y Orishas. Yo te ense\u00f1ar\u00e9 a caminar, pero s\u00f3lo t\u00fa eliges el camino, dice el autor.<\/p>\n<p>TAROT IMPORTADO<\/p>\n<p>&nbsp;<\/p>\n<p>&nbsp;<\/p>\n<p><strong>BAZAR\u00a0<\/strong><b>MERL\u00cdN<\/b><br \/>\n<strong>El Lugar M\u00e1s M\u00edstico de Guadalajara<\/strong><br \/>\n<strong>ENVIAMOS A TODO M\u00c9XICO<\/strong><\/p>\n<!-- AddThis Advanced Settings generic via filter on the_content --><!-- AddThis Share Buttons generic via filter on the_content -->","protected":false},"excerpt":{"rendered":"<p>TAROT DE YEMAYA &nbsp; INCLUYE 30 CARTAS (8X13 cms) Y LIBRO Yemay\u00e1 es Orisha mayor madre de la vida y de &#8216;todos los santos, due\u00f1a de las aguas. El tarot de Yemay\u00e1 supone un acercamiento a una de las pr\u00e1cticas m\u00e1s antiguas: el espiritismo. La santer\u00eda afrocubana muestra en este libro su realidad y ofrece&hellip;<!-- AddThis Advanced Settings generic via filter on get_the_excerpt --><!-- AddThis Share Buttons generic via filter on get_the_excerpt --><\/p>\n","protected":false},"featured_media":10539,"template":"","meta":[],"product_cat":[15],"product_tag":[1514,1513],"_links":{"self":[{"href":"https:\/\/www.bazarmerlin.com\/inicio\/wp-json\/wp\/v2\/product\/6263"}],"collection":[{"href":"https:\/\/www.bazarmerlin.com\/inicio\/wp-json\/wp\/v2\/product"}],"about":[{"href":"https:\/\/www.bazarmerlin.com\/inicio\/wp-json\/wp\/v2\/types\/product"}],"wp:featuredmedia":[{"embeddable":true,"href":"https:\/\/www.bazarmerlin.com\/inicio\/wp-json\/wp\/v2\/media\/10539"}],"wp:attachment":[{"href":"https:\/\/www.bazarmerlin.com\/inicio\/wp-json\/wp\/v2\/media?parent=6263"}],"wp:term":[{"taxonomy":"product_cat","embeddable":true,"href":"https:\/\/www.bazarmerlin.com\/inicio\/wp-json\/wp\/v2\/product_cat?post=6263"},{"taxonomy":"product_tag","embeddable":true,"href":"https:\/\/www.bazarmerlin.com\/inicio\/wp-json\/wp\/v2\/product_tag?post=6263"}],"curies":[{"name":"wp","href":"https:\/\/api.w.org\/{rel}","templated":true}]}}