{"id":6271,"date":"2015-12-24T20:32:32","date_gmt":"2015-12-24T20:32:32","guid":{"rendered":"https:\/\/www.bazarmerlin.com\/inicio\/?post_type=product&#038;p=6271"},"modified":"2023-01-10T00:57:38","modified_gmt":"2023-01-10T00:57:38","slug":"locion-de-canela-super-concentrada-importada-de-la-india","status":"publish","type":"product","link":"https:\/\/www.bazarmerlin.com\/inicio\/producto\/locion-de-canela-super-concentrada-importada-de-la-india\/","title":{"rendered":"Locion De Canela &#8211; Super Concentrada &#8211; Importada De La India"},"content":{"rendered":"<p><strong>PERFUME DE CANELA<\/strong><\/p>\n<p>&nbsp;<\/p>\n<p>&#8212; ATRAE TRABAJO, DINERO, AMOR, SALUD Y PROTECCI\u00d3N &#8212;<\/p>\n<p>Este PERFUME por sus sustancias m\u00edsticas de ayudar a traer a tu persona PROTECCI\u00d3N CONTRA LAS MALAS VIBRAS Como abrir las puertas y portones de la abundancia \u00a1s\u00f3lo utilizando todos los d\u00edas con mucha fe!.<\/p>\n<p>La canela es conocida desde tiempos muy antiguos por sus propiedades m\u00e1gicas para atraer riqueza. SU PODER ES LA ATRACCI\u00d3N DEL \u00c9XITO y SE UTILIZA EN LOS HECHIZOS PARA ATRAER LA RIQUEZA Y EL DINERO. Tambi\u00e9n se ha utilizado en los hechizos de deseo sexual para atracci\u00f3n del sexo opuesto por sus propiedades afrodis\u00edacas, as\u00ed como la atracci\u00f3n de amor por el poder magn\u00e9tico de la canela tambi\u00e9n se utiliza para hechizos de protecci\u00f3n y para abrir puertas.<\/p>\n<p>ATRAE TRABAJO, DINERO, AMOR, SALUD Y PROTECCI\u00d3N Y SUERTE EN TODO LO QUE EMPRENDAS.<\/p>\n<p>&nbsp;<\/p>\n<p>&nbsp;<\/p>\n<p><strong>BAZAR MERL\u00cdN<\/strong><br \/>\n<strong>El Lugar M\u00e1s M\u00edstico de Guadalajara<\/strong><br \/>\n<strong>ENVIAMOS A TODO M\u00c9XICO\u2026<\/strong><\/p>\n<!-- AddThis Advanced Settings generic via filter on the_content --><!-- AddThis Share Buttons generic via filter on the_content -->","protected":false},"excerpt":{"rendered":"<p>PERFUME DE CANELA &nbsp; &#8212; ATRAE TRABAJO, DINERO, AMOR, SALUD Y PROTECCI\u00d3N &#8212; Este PERFUME por sus sustancias m\u00edsticas de ayudar a traer a tu persona PROTECCI\u00d3N CONTRA LAS MALAS VIBRAS Como abrir las puertas y portones de la abundancia \u00a1s\u00f3lo utilizando todos los d\u00edas con mucha fe!. La canela es conocida desde tiempos muy&hellip;<!-- AddThis Advanced Settings generic via filter on get_the_excerpt --><!-- AddThis Share Buttons generic via filter on get_the_excerpt --><\/p>\n","protected":false},"featured_media":10969,"template":"","meta":[],"product_cat":[20],"product_tag":[1516,793,1515],"_links":{"self":[{"href":"https:\/\/www.bazarmerlin.com\/inicio\/wp-json\/wp\/v2\/product\/6271"}],"collection":[{"href":"https:\/\/www.bazarmerlin.com\/inicio\/wp-json\/wp\/v2\/product"}],"about":[{"href":"https:\/\/www.bazarmerlin.com\/inicio\/wp-json\/wp\/v2\/types\/product"}],"wp:featuredmedia":[{"embeddable":true,"href":"https:\/\/www.bazarmerlin.com\/inicio\/wp-json\/wp\/v2\/media\/10969"}],"wp:attachment":[{"href":"https:\/\/www.bazarmerlin.com\/inicio\/wp-json\/wp\/v2\/media?parent=6271"}],"wp:term":[{"taxonomy":"product_cat","embeddable":true,"href":"https:\/\/www.bazarmerlin.com\/inicio\/wp-json\/wp\/v2\/product_cat?post=6271"},{"taxonomy":"product_tag","embeddable":true,"href":"https:\/\/www.bazarmerlin.com\/inicio\/wp-json\/wp\/v2\/product_tag?post=6271"}],"curies":[{"name":"wp","href":"https:\/\/api.w.org\/{rel}","templated":true}]}}