{"id":6274,"date":"2015-12-24T20:41:05","date_gmt":"2015-12-24T20:41:05","guid":{"rendered":"https:\/\/www.bazarmerlin.com\/inicio\/?post_type=product&#038;p=6274"},"modified":"2022-12-07T21:57:13","modified_gmt":"2022-12-07T21:57:13","slug":"locion-para-evitar-el-mal-de-ojo-corta-todo-dano","status":"publish","type":"product","link":"https:\/\/www.bazarmerlin.com\/inicio\/producto\/locion-para-evitar-el-mal-de-ojo-corta-todo-dano\/","title":{"rendered":"Locion Para Evitar El Mal De Ojo &#8211; Corta Todo Da\u00f1o"},"content":{"rendered":"<h3><strong>Loci\u00f3n Para Evitar El Mal De Ojo\u00a0<\/strong><\/h3>\n<p>&nbsp;<\/p>\n<p>Loci\u00f3n Mal de Ojo<\/p>\n<p>Beneficios principales:<br \/>\nProtege de personas negativas, envidias y mal de ojo.<br \/>\nLimpia las energ\u00edas.<br \/>\nModo de uso o empleo:<br \/>\nAplique una cantidad generosa de loci\u00f3n<br \/>\nAplicar las veces que sea necesario.<\/p>\n<p>Corta Todo Da\u00f1o!<\/p>\n<p>&nbsp;<\/p>\n<p>&nbsp;<\/p>\n<p><strong>BAZAR MERLIN<\/strong><br \/>\n<strong>El Lugar M\u00e1s M\u00edstico de Guadalajara<\/strong><br \/>\n<strong>ENVIAMOS A TODO M\u00c9XICO<\/strong><\/p>\n<!-- AddThis Advanced Settings generic via filter on the_content --><!-- AddThis Share Buttons generic via filter on the_content -->","protected":false},"excerpt":{"rendered":"<p>Loci\u00f3n Para Evitar El Mal De Ojo\u00a0 &nbsp; Loci\u00f3n Mal de Ojo Beneficios principales: Protege de personas negativas, envidias y mal de ojo. Limpia las energ\u00edas. Modo de uso o empleo: Aplique una cantidad generosa de loci\u00f3n Aplicar las veces que sea necesario. Corta Todo Da\u00f1o! &nbsp; &nbsp; BAZAR MERLIN El Lugar M\u00e1s M\u00edstico de&hellip;<!-- AddThis Advanced Settings generic via filter on get_the_excerpt --><!-- AddThis Share Buttons generic via filter on get_the_excerpt --><\/p>\n","protected":false},"featured_media":10996,"template":"","meta":[],"product_cat":[20],"product_tag":[1518,1517],"_links":{"self":[{"href":"https:\/\/www.bazarmerlin.com\/inicio\/wp-json\/wp\/v2\/product\/6274"}],"collection":[{"href":"https:\/\/www.bazarmerlin.com\/inicio\/wp-json\/wp\/v2\/product"}],"about":[{"href":"https:\/\/www.bazarmerlin.com\/inicio\/wp-json\/wp\/v2\/types\/product"}],"wp:featuredmedia":[{"embeddable":true,"href":"https:\/\/www.bazarmerlin.com\/inicio\/wp-json\/wp\/v2\/media\/10996"}],"wp:attachment":[{"href":"https:\/\/www.bazarmerlin.com\/inicio\/wp-json\/wp\/v2\/media?parent=6274"}],"wp:term":[{"taxonomy":"product_cat","embeddable":true,"href":"https:\/\/www.bazarmerlin.com\/inicio\/wp-json\/wp\/v2\/product_cat?post=6274"},{"taxonomy":"product_tag","embeddable":true,"href":"https:\/\/www.bazarmerlin.com\/inicio\/wp-json\/wp\/v2\/product_tag?post=6274"}],"curies":[{"name":"wp","href":"https:\/\/api.w.org\/{rel}","templated":true}]}}